{"id":16984,"date":"2020-10-21T12:33:07","date_gmt":"2020-10-21T10:33:07","guid":{"rendered":"https:\/\/cutismedical.com\/shop\/maaratlemata\/mc-prof-l-carnitine-105ml-lipolityc\/"},"modified":"2024-11-11T23:06:18","modified_gmt":"2024-11-11T21:06:18","slug":"mc-prof-l-carnitine-105ml-lipolityc","status":"publish","type":"product","link":"https:\/\/cutismedical.shop\/et\/shop-es\/mesoteraapia-et\/body-mesotherapy-et\/mc-prof-l-carnitine-105ml-lipolityc\/","title":{"rendered":"MC PROF L-Karnitiin (10*5 ml) \/ Lipol\u00fc\u00fctik"},"content":{"rendered":"<p><strong>Soovitatav kasutamiseks:<\/strong><\/p>\n<p>Tselluliit<br \/>\nKaalulangus<br \/>\nDetox-programmid<\/p>\n","protected":false},"excerpt":{"rendered":"<h4><span style=\"color: #ed1c24;\"><strong>Ei ole mu\u0308u\u0308giks ELis!<\/strong><\/span><\/h4>\n<p>L-Karnitiin on aminohape, mida keha toodab loomulikult. Selle kasutamine kosmeetilistel eesm\u00e4rkidel on v\u00e4\u00e4rtuslik abiline tselluliidi v\u00e4hendamisel ja kehakaalu kontrolli all hoidmisel. L-Karnitiini kasutamine v\u00e4hendab vananemise ja haiguste m\u00f5ju mitokondritele, suurendades samal ajal nende potentsiaali rasva p\u00f5letamiseks. See aitab keha detoksifitseerida ja rakke uuendada, taastades derma f\u00fcsioloogilise funktsionaalsuse.<\/p>\n","protected":false},"featured_media":16981,"template":"","meta":{"_seopress_robots_primary_cat":"none","_seopress_titles_title":"","_seopress_titles_desc":"","_seopress_robots_index":""},"item":[1149],"product_cat":[155,1131],"product_tag":[1906],"class_list":{"0":"post-16984","1":"product","2":"type-product","3":"status-publish","4":"has-post-thumbnail","6":"item-mccosmetics-et","7":"product_cat-mesoteraapia-et","8":"product_cat-body-mesotherapy-et","9":"product_tag-tselluliit","10":"pa_product_main_cat-professionaalne-hooldus","12":"first","13":"instock","14":"taxable","15":"shipping-taxable","16":"purchasable","17":"product-type-simple"},"_links":{"self":[{"href":"https:\/\/cutismedical.shop\/et\/wp-json\/wp\/v2\/product\/16984","targetHints":{"allow":["GET"]}}],"collection":[{"href":"https:\/\/cutismedical.shop\/et\/wp-json\/wp\/v2\/product"}],"about":[{"href":"https:\/\/cutismedical.shop\/et\/wp-json\/wp\/v2\/types\/product"}],"wp:featuredmedia":[{"embeddable":true,"href":"https:\/\/cutismedical.shop\/et\/wp-json\/wp\/v2\/media\/16981"}],"wp:attachment":[{"href":"https:\/\/cutismedical.shop\/et\/wp-json\/wp\/v2\/media?parent=16984"}],"wp:term":[{"taxonomy":"item","embeddable":true,"href":"https:\/\/cutismedical.shop\/et\/wp-json\/wp\/v2\/item?post=16984"},{"taxonomy":"product_cat","embeddable":true,"href":"https:\/\/cutismedical.shop\/et\/wp-json\/wp\/v2\/product_cat?post=16984"},{"taxonomy":"product_tag","embeddable":true,"href":"https:\/\/cutismedical.shop\/et\/wp-json\/wp\/v2\/product_tag?post=16984"}],"curies":[{"name":"wp","href":"https:\/\/api.w.org\/{rel}","templated":true}]}}