{"id":16974,"date":"2020-10-21T12:06:51","date_gmt":"2020-10-21T10:06:51","guid":{"rendered":"https:\/\/cutismedical.com\/shop\/maaratlemata\/mc-prof-dna-105ml-anti-aging\/"},"modified":"2025-07-03T18:20:15","modified_gmt":"2025-07-03T16:20:15","slug":"mc-prof-dna-105ml-anti-aging","status":"publish","type":"product","link":"https:\/\/cutismedical.shop\/et\/shop-es\/mesoteraapia-et\/body-mesotherapy-et\/mc-prof-dna-105ml-anti-aging\/","title":{"rendered":"MC PROF DNA (10*5 ml) \/ Vananemisvastane"},"content":{"rendered":"<p><strong>Soovitatav kasutamiseks:<\/strong><\/p>\n<p>Kahjustatud ja kuiv nahk<br \/>\nNahapuudused<\/p>\n","protected":false},"excerpt":{"rendered":"<h4><span style=\"color: #ed1c24;\"><strong>Ei ole mu\u0308u\u0308giks ELis!<\/strong><\/span><\/h4>\n<p>DNA on bioloogiliselt aktiivne komponent, millel on k\u00f5rged regenereerimisomadused, mis soodustab epidermise koe \u00fcmberstruktureerimist. See suurendab naha s\u00e4ra ja elastsust, aidates kaasa nooremale v\u00e4limusele. Soovitatav fotovananemise, deh\u00fcdreeritud naha, kortsude ja venitusarmide ravis.<\/p>\n","protected":false},"featured_media":16972,"template":"","meta":{"_seopress_robots_primary_cat":"none","_seopress_titles_title":"","_seopress_titles_desc":"","_seopress_robots_index":""},"item":[1149],"product_cat":[155,1866,1131,1870,1190],"product_tag":[1882,1897,1906],"class_list":{"0":"post-16974","1":"product","2":"type-product","3":"status-publish","4":"has-post-thumbnail","6":"item-mccosmetics-et","7":"product_cat-mesoteraapia-et","8":"product_cat-liftingu-efekt-pinguldav-toime","9":"product_cat-body-mesotherapy-et","10":"product_cat-pigmentatsioon","11":"product_cat-hair-et","12":"product_tag-kuiv-veetustunud-nahk","13":"product_tag-pigmendilaigud","14":"product_tag-tselluliit","15":"pa_product_main_cat-professionaalne-hooldus","17":"first","18":"instock","19":"taxable","20":"shipping-taxable","21":"purchasable","22":"product-type-simple"},"_links":{"self":[{"href":"https:\/\/cutismedical.shop\/et\/wp-json\/wp\/v2\/product\/16974","targetHints":{"allow":["GET"]}}],"collection":[{"href":"https:\/\/cutismedical.shop\/et\/wp-json\/wp\/v2\/product"}],"about":[{"href":"https:\/\/cutismedical.shop\/et\/wp-json\/wp\/v2\/types\/product"}],"wp:featuredmedia":[{"embeddable":true,"href":"https:\/\/cutismedical.shop\/et\/wp-json\/wp\/v2\/media\/16972"}],"wp:attachment":[{"href":"https:\/\/cutismedical.shop\/et\/wp-json\/wp\/v2\/media?parent=16974"}],"wp:term":[{"taxonomy":"item","embeddable":true,"href":"https:\/\/cutismedical.shop\/et\/wp-json\/wp\/v2\/item?post=16974"},{"taxonomy":"product_cat","embeddable":true,"href":"https:\/\/cutismedical.shop\/et\/wp-json\/wp\/v2\/product_cat?post=16974"},{"taxonomy":"product_tag","embeddable":true,"href":"https:\/\/cutismedical.shop\/et\/wp-json\/wp\/v2\/product_tag?post=16974"}],"curies":[{"name":"wp","href":"https:\/\/api.w.org\/{rel}","templated":true}]}}