{"id":16755,"date":"2020-10-05T09:47:16","date_gmt":"2020-10-05T07:47:16","guid":{"rendered":"https:\/\/cutismedical.com\/shop\/maaratlemata\/tsk-low-dead-space-hub-needle\/"},"modified":"2024-11-11T23:44:00","modified_gmt":"2024-11-11T21:44:00","slug":"tsk-low-dead-space-hub-needle","status":"publish","type":"product","link":"https:\/\/cutismedical.shop\/et\/shop-es\/needles-et\/tsk-low-dead-space-hub-needle\/","title":{"rendered":"TSK. Madala j\u00e4\u00e4kmahuga n\u00f5elaotsik (100 tk\/kastis)"},"content":{"rendered":"<p>Madal j\u00e4\u00e4kmahuga n\u00f5elaotsik (LOW DEAD SPACE) on loodud nii, et n\u00f5ela otsa j\u00e4relej\u00e4\u00e4nud ruum oleks v\u00f5imalikult v\u00e4ike, peaaegu nullil\u00e4hedane. See uus patenteeritud LDS-otsa disain v\u00f5imaldab s\u00e4\u00e4sta kuni 0,08 ml, mis toob kaasa olulise kulude kokkuhoiu kallite ravimite, nagu botuliintoksiini, s\u00fcstimisel.<\/p>\n","protected":false},"excerpt":{"rendered":"<p><span style=\"color: #ed1c24;\"><strong>Ei ole mu\u0308u\u0308giks ELis!<\/strong><\/span><\/p>\n<p>TK KARBIS: 100 tk<br \/>\nKALIIBER: 30G, 33G<br \/>\nPIKKUS: 9 mm, 13 mm<\/p>\n<p>\u2013 S\u00e4\u00e4stab kuni 0,08 ml BoNT \u00fche n\u00f5ela kohta<br \/>\n\u2013 Oluline kulude kokkuhoid<br \/>\n\u2013 Toote kadu puudub<br \/>\n\u2013 V\u00e4hendatud paindumise ja lahti h\u00fcppamise oht<\/p>\n","protected":false},"featured_media":16750,"template":"","meta":{"_seopress_robots_primary_cat":"","_seopress_titles_title":"","_seopress_titles_desc":"","_seopress_robots_index":""},"item":[1398],"product_cat":[161],"product_tag":[],"class_list":{"0":"post-16755","1":"product","2":"type-product","3":"status-publish","4":"has-post-thumbnail","6":"item-tsk-et","7":"product_cat-needles-et","8":"pa_product_main_cat-professionaalne-hooldus","10":"first","11":"instock","12":"taxable","13":"shipping-taxable","14":"purchasable","15":"product-type-variable"},"_links":{"self":[{"href":"https:\/\/cutismedical.shop\/et\/wp-json\/wp\/v2\/product\/16755","targetHints":{"allow":["GET"]}}],"collection":[{"href":"https:\/\/cutismedical.shop\/et\/wp-json\/wp\/v2\/product"}],"about":[{"href":"https:\/\/cutismedical.shop\/et\/wp-json\/wp\/v2\/types\/product"}],"wp:featuredmedia":[{"embeddable":true,"href":"https:\/\/cutismedical.shop\/et\/wp-json\/wp\/v2\/media\/16750"}],"wp:attachment":[{"href":"https:\/\/cutismedical.shop\/et\/wp-json\/wp\/v2\/media?parent=16755"}],"wp:term":[{"taxonomy":"item","embeddable":true,"href":"https:\/\/cutismedical.shop\/et\/wp-json\/wp\/v2\/item?post=16755"},{"taxonomy":"product_cat","embeddable":true,"href":"https:\/\/cutismedical.shop\/et\/wp-json\/wp\/v2\/product_cat?post=16755"},{"taxonomy":"product_tag","embeddable":true,"href":"https:\/\/cutismedical.shop\/et\/wp-json\/wp\/v2\/product_tag?post=16755"}],"curies":[{"name":"wp","href":"https:\/\/api.w.org\/{rel}","templated":true}]}}