{"id":16395,"date":"2020-09-08T11:56:18","date_gmt":"2020-09-08T09:56:18","guid":{"rendered":"https:\/\/cutismedical.com\/shop\/maaratlemata\/mc-ginkgo-biloba-102ml\/"},"modified":"2024-11-12T00:55:50","modified_gmt":"2024-11-11T22:55:50","slug":"mc-ginkgo-biloba-102ml","status":"publish","type":"product","link":"https:\/\/cutismedical.shop\/et\/shop-es\/mesoteraapia-et\/nagu-et\/mc-ginkgo-biloba-102ml\/","title":{"rendered":"MC Ginkgo biloba (10*2 ml)"},"content":{"rendered":"<p class=\"font_8\"><strong>SOOVITATUD KASUTAMISEKS<\/strong><\/p>\n<ul>\n<li class=\"font_8\">Naha vananemine<\/li>\n<li class=\"font_8\">Juuste v\u00e4ljalangemine<\/li>\n<li class=\"font_8\">Perifeerne vereringe<\/li>\n<\/ul>\n<p class=\"font_8\"><strong>AKTIIVSED KOOSTISOSAD<\/strong><\/p>\n<ul>\n<li class=\"font_8\">Ginkgo biloba<\/li>\n<\/ul>\n<p class=\"font_8\"><strong>KASUTAMISJUHEND<\/strong><\/p>\n<ul>\n<li class=\"font_8\">Elektroporatsioon, iontoforees, ultraheli, termoteraapia, VAC-teraapia, pidev galvaaniline vool, dermaroller jne.<\/li>\n<\/ul>\n","protected":false},"excerpt":{"rendered":"<h4><span style=\"color: #ed1c24;\"><strong>Ei ole mu\u0308u\u0308giks ELis!<\/strong><\/span><\/h4>\n<p><span style=\"color: #282828;\">Ginkgo biloba ampullide looduslikud koostisosad parandavad vereringet, suurendades mikrokapillaare ja tugevdades veresoonte seinu. See topelttoime aitab stimuleerida lokaliseeritud lipol\u00fc\u00fcsi ja ravida tselluliiti. Ginkgo biloba on kasulik vananemisvastaste ja juuste v\u00e4ljalangemise ravides ning aitab v\u00e4hendada tumedaid silmaaluseid.<\/span><\/p>\n","protected":false},"featured_media":16393,"template":"","meta":{"_seopress_robots_primary_cat":"none","_seopress_titles_title":"","_seopress_titles_desc":"","_seopress_robots_index":""},"item":[1149],"product_cat":[155,1188,1190],"product_tag":[1900],"class_list":{"0":"post-16395","1":"product","2":"type-product","3":"status-publish","4":"has-post-thumbnail","6":"item-mccosmetics-et","7":"product_cat-mesoteraapia-et","8":"product_cat-nagu-et","9":"product_cat-hair-et","10":"product_tag-lotvunud-nahk","12":"first","13":"instock","14":"taxable","15":"shipping-taxable","16":"purchasable","17":"product-type-simple"},"_links":{"self":[{"href":"https:\/\/cutismedical.shop\/et\/wp-json\/wp\/v2\/product\/16395","targetHints":{"allow":["GET"]}}],"collection":[{"href":"https:\/\/cutismedical.shop\/et\/wp-json\/wp\/v2\/product"}],"about":[{"href":"https:\/\/cutismedical.shop\/et\/wp-json\/wp\/v2\/types\/product"}],"wp:featuredmedia":[{"embeddable":true,"href":"https:\/\/cutismedical.shop\/et\/wp-json\/wp\/v2\/media\/16393"}],"wp:attachment":[{"href":"https:\/\/cutismedical.shop\/et\/wp-json\/wp\/v2\/media?parent=16395"}],"wp:term":[{"taxonomy":"item","embeddable":true,"href":"https:\/\/cutismedical.shop\/et\/wp-json\/wp\/v2\/item?post=16395"},{"taxonomy":"product_cat","embeddable":true,"href":"https:\/\/cutismedical.shop\/et\/wp-json\/wp\/v2\/product_cat?post=16395"},{"taxonomy":"product_tag","embeddable":true,"href":"https:\/\/cutismedical.shop\/et\/wp-json\/wp\/v2\/product_tag?post=16395"}],"curies":[{"name":"wp","href":"https:\/\/api.w.org\/{rel}","templated":true}]}}