{"id":16161,"date":"2020-08-22T11:17:58","date_gmt":"2020-08-22T09:17:58","guid":{"rendered":"https:\/\/cutismedical.com\/shop\/maaratlemata\/mc-meso-gun-beauty-machine\/"},"modified":"2024-11-12T01:08:52","modified_gmt":"2024-11-11T23:08:52","slug":"mc-meso-gun-beauty-machine","status":"publish","type":"product","link":"https:\/\/cutismedical.shop\/et\/shop-es\/seadmed\/beauty-machine-et\/mc-meso-gun-beauty-machine\/","title":{"rendered":"MC Pistor \/ Meso P\u00fcstol \/ Iluaparaat"},"content":{"rendered":"<div class=\"flex max-w-full flex-col flex-grow\">\n<div class=\"min-h-8 text-message flex w-full flex-col items-end gap-2 whitespace-normal break-words [.text-message+&amp;]:mt-5\" dir=\"auto\" data-message-author-role=\"assistant\" data-message-id=\"4c0050da-198b-4f00-b147-746ba895224d\" data-message-model-slug=\"gpt-4o\">\n<div class=\"flex w-full flex-col gap-1 empty:hidden first:pt-[3px]\">\n<div class=\"markdown prose w-full break-words dark:prose-invert light\">\n<p>6 eelseadistatud s\u00fcstimisre\u017eiimi:<\/p>\n<ul>\n<li>Pidev s\u00fcstimine<\/li>\n<li>Mesoperfusiooni s\u00fcstimine (0,0285 ml \/- 0,005 ml)<\/li>\n<li>Nappage s\u00fcstimine (0,005 ml \/- 0,001 ml)<\/li>\n<li>Mikrodoosi s\u00fcstimine (0,005 ml \/- 0,001 ml)<\/li>\n<li>Standarddoosi s\u00fcstimine (0,0285 ml \/- 0,005 ml)<\/li>\n<li>Megadoosi s\u00fcstimine (0,30 ml \/- 0,01 ml)<\/li>\n<\/ul>\n<p>S\u00fcstalde valik: S\u00fcstal centrix Luer koonus 10 ml, 5 ml, 2,5 ml, 2 ml, 1 ml<br \/>\nN\u00f5elte valik: 4 mm, 6 mm, 13 mm k\u00f5ikide l\u00e4bim\u00f5\u00f5tudega<br \/>\nKaal: 550 gr<\/p>\n<\/div>\n<\/div>\n<\/div>\n<\/div>\n","protected":false},"excerpt":{"rendered":"<h4><span style=\"color: #d83131;\"><strong>Ei ole mu\u0308u\u0308giks ELis!<\/strong><\/span><\/h4>\n<p>Meso P\u00fcstol manustab aktiivseid aineid kiirusega kuni 10 ml\/min, mis on umbes kaks korda kiirem kui enamikul kaasaskantavatel s\u00fcstijatel. Meso P\u00fcstol t\u00f6\u00f6tab standardsete mesoteraapia n\u00f5eltega (4, 6 ja 13 mm) ja s\u00fcstaldega (1 kuni 10 ml) ning ei vaja spetsiaalseid \u00fchekordseid komplekte. Meso P\u00fcstolil on mitu erinevat re\u017eiimi, mis v\u00f5imaldavad pidevat s\u00fcstimist, vahelduvat s\u00fcstimist, nappage meetodit, punkt-s\u00fcstimist ja mesoperfusiooni.<\/p>\n<p>&nbsp;<\/p>\n","protected":false},"featured_media":16153,"template":"","meta":{"_seopress_robots_primary_cat":"none","_seopress_titles_title":"","_seopress_titles_desc":"","_seopress_robots_index":""},"item":[1149],"product_cat":[1862,1166],"product_tag":[],"class_list":{"0":"post-16161","1":"product","2":"type-product","3":"status-publish","4":"has-post-thumbnail","6":"item-mccosmetics-et","7":"product_cat-seadmed","8":"product_cat-beauty-machine-et","9":"pa_product_main_cat-professionaalne-hooldus","11":"first","12":"instock","13":"taxable","14":"shipping-taxable","15":"purchasable","16":"product-type-simple"},"_links":{"self":[{"href":"https:\/\/cutismedical.shop\/et\/wp-json\/wp\/v2\/product\/16161","targetHints":{"allow":["GET"]}}],"collection":[{"href":"https:\/\/cutismedical.shop\/et\/wp-json\/wp\/v2\/product"}],"about":[{"href":"https:\/\/cutismedical.shop\/et\/wp-json\/wp\/v2\/types\/product"}],"wp:featuredmedia":[{"embeddable":true,"href":"https:\/\/cutismedical.shop\/et\/wp-json\/wp\/v2\/media\/16153"}],"wp:attachment":[{"href":"https:\/\/cutismedical.shop\/et\/wp-json\/wp\/v2\/media?parent=16161"}],"wp:term":[{"taxonomy":"item","embeddable":true,"href":"https:\/\/cutismedical.shop\/et\/wp-json\/wp\/v2\/item?post=16161"},{"taxonomy":"product_cat","embeddable":true,"href":"https:\/\/cutismedical.shop\/et\/wp-json\/wp\/v2\/product_cat?post=16161"},{"taxonomy":"product_tag","embeddable":true,"href":"https:\/\/cutismedical.shop\/et\/wp-json\/wp\/v2\/product_tag?post=16161"}],"curies":[{"name":"wp","href":"https:\/\/api.w.org\/{rel}","templated":true}]}}