{"id":15819,"date":"2020-08-01T14:42:35","date_gmt":"2020-08-01T12:42:35","guid":{"rendered":"https:\/\/cutismedical.com\/shop\/maaratlemata\/restylane-volyme-lid-11ml\/"},"modified":"2024-11-12T03:10:44","modified_gmt":"2024-11-12T01:10:44","slug":"restylane-volyme-lid-11ml","status":"publish","type":"product","link":"https:\/\/cutismedical.shop\/et\/shop-es\/fillerid-et\/restylane-volyme-lid-11ml\/","title":{"rendered":"Restylane Volume Lidokaiiniga (1*1 ml)"},"content":{"rendered":"<div>RESTYLANE VOLUME (EMERVEL VOLUME) koos 0,3% Lidokaiiniga on n\u00e4idustatud j\u00e4rgmistel juhtudel:<\/div>\n<ul>\n<li>P\u00f5skede mahu suurendamine<\/li>\n<li>Kauni p\u00f5sesarnade joone kujundamine<\/li>\n<li>Reljeefi korrigeerimine ja mahu lisamine l\u00f5ua piirkonnas<\/li>\n<li>N\u00e4o ovaali modelleerimine.<\/li>\n<\/ul>\n<div>Protseduuri tulemus on m\u00e4rgatav p\u00e4rast esimest seanssi. Efekt kestab 6 kuni 9 kuud, m\u00f5nikord kuni aasta, s\u00f5ltuvalt patsiendi vanusest, elustiilist ja RESTYLANE VOLUME (EMERVEL VOLUME) s\u00fcstimise meetodist.<\/div>\n","protected":false},"excerpt":{"rendered":"<h4><span style=\"color: #ed1c24;\"><strong>Ei ole mu\u0308u\u0308giks ELis!<\/strong><\/span><\/h4>\n<p><strong>Restylane Volume koos 0,3% Lidokaiiniga<\/strong> on esitatud l\u00e4bipaistva geelina, mille h\u00fcaluroonhappe kontsentratsioon on 20 mg\/ml, eelnevalt t\u00e4idetud s\u00fcstlas. T\u00e4iteaine on m\u00f5\u00f5dukalt pehme, valmis nahaaluseks s\u00fcstimiseks. Komplektis on kaks ultrapeenikese seinaga n\u00f5ela 27G 1\/2. Lidokaiin t\u00e4iteaines aitab v\u00e4hendada valu s\u00fcstimise ajal. Mahtu taastamiseks ja n\u00e4o kujundamiseks \u00fche protseduuriga on soovitatav kasutada 2 ml geeli.<\/p>\n","protected":false},"featured_media":29701,"template":"","meta":{"_seopress_robots_primary_cat":"none","_seopress_titles_title":"","_seopress_titles_desc":"","_seopress_robots_index":""},"item":[1318],"product_cat":[154],"product_tag":[],"class_list":{"0":"post-15819","1":"product","2":"type-product","3":"status-publish","4":"has-post-thumbnail","6":"item-restylane-et","7":"product_cat-fillerid-et","8":"pa_product_main_cat-professionaalne-hooldus","10":"first","11":"instock","12":"taxable","13":"shipping-taxable","14":"purchasable","15":"product-type-simple"},"_links":{"self":[{"href":"https:\/\/cutismedical.shop\/et\/wp-json\/wp\/v2\/product\/15819","targetHints":{"allow":["GET"]}}],"collection":[{"href":"https:\/\/cutismedical.shop\/et\/wp-json\/wp\/v2\/product"}],"about":[{"href":"https:\/\/cutismedical.shop\/et\/wp-json\/wp\/v2\/types\/product"}],"wp:featuredmedia":[{"embeddable":true,"href":"https:\/\/cutismedical.shop\/et\/wp-json\/wp\/v2\/media\/29701"}],"wp:attachment":[{"href":"https:\/\/cutismedical.shop\/et\/wp-json\/wp\/v2\/media?parent=15819"}],"wp:term":[{"taxonomy":"item","embeddable":true,"href":"https:\/\/cutismedical.shop\/et\/wp-json\/wp\/v2\/item?post=15819"},{"taxonomy":"product_cat","embeddable":true,"href":"https:\/\/cutismedical.shop\/et\/wp-json\/wp\/v2\/product_cat?post=15819"},{"taxonomy":"product_tag","embeddable":true,"href":"https:\/\/cutismedical.shop\/et\/wp-json\/wp\/v2\/product_tag?post=15819"}],"curies":[{"name":"wp","href":"https:\/\/api.w.org\/{rel}","templated":true}]}}