{"id":15768,"date":"2020-07-28T22:18:03","date_gmt":"2020-07-28T20:18:03","guid":{"rendered":"https:\/\/cutismedical.com\/shop\/maaratlemata\/restylane-with-lid-11ml\/"},"modified":"2024-11-12T03:30:31","modified_gmt":"2024-11-12T01:30:31","slug":"restylane-with-lid-11ml","status":"publish","type":"product","link":"https:\/\/cutismedical.shop\/et\/shop-es\/fillerid-et\/restylane-with-lid-11ml\/","title":{"rendered":"Restylane koos Lid. (1*1 ml)"},"content":{"rendered":"<p>Geeli saab s\u00fcstida regulaarselt 6 kuni 12 kuu j\u00e4rel. \u00dchekordse s\u00fcstiga p\u00fcsib efekt 6 kuni 18 kuud.<\/p>\n<p>100% ohutus. Lido-h\u00fcdrokloriidi sisaldav geel ei p\u00f5hjusta ohtlikke reaktsioone. S\u00fcstid ei tekita valu. Patsient ei pinguta n\u00e4olihaseid, mis suurendab nahaaluse koe k\u00fcllastust ja parandab efekti.<\/p>\n<p>Mitmek\u00fclgsus. Seda vahendit kasutatakse kontuuride korrigeerimiseks, p\u00f5skede, otsaesise, l\u00f5ua, p\u00f5sesarnade ja nasolabiaalsete voltide defektide k\u00f5rvaldamiseks. T\u00e4iteaine sobib erinevas vanuses klientidele, kuid v\u00e4hemalt 25-aastastele.<\/p>\n<p>Mugav s\u00fcstimine. Geel v\u00f5imaldab tungida dermise keskmistesse ja \u00fclemistesse kihtidesse. S\u00fcstimiseks tuleb kasutada peenikesi n\u00f5elu.<\/p>\n<p>T\u00e4ielik bioloogiline \u00fchilduvus. Spetsialistide loal v\u00f5ib t\u00e4iteainet kombineerida botuliintoksiini s\u00fcstidega.<\/p>\n","protected":false},"excerpt":{"rendered":"<p><span style=\"color: #d83131;\"><strong>Ei ole mu\u0308u\u0308giks ELis!<\/strong><\/span><\/p>\n<div>\n<p>Eksperdid peavad RESTYLANE 1 ml koos Lid.-i peamisteks eeliseks j\u00e4rgmisi omadusi:<\/p>\n<p>Kohene efekt. T\u00e4nu spetsiifilisele tehnoloogiale on tulemus n\u00e4htav juba esimese seansi j\u00e4rel esimese tunni jooksul. Maksimaalseid muutusi saab t\u00e4heldada umbes 25-30 p\u00e4eva p\u00e4rast s\u00fcstimist.<\/p>\n<p>Pikenenud kestvus. H\u00fcaluroonhape loob nn &#8220;barj\u00e4\u00e4ri&#8221;, mis hoiab nahka suurep\u00e4rases seisukorras kuni 18 kuud. Sellise edu s\u00e4ilitamiseks soovitatakse s\u00fcstid kuue kuu p\u00e4rast korrata.<\/p>\n<\/div>\n","protected":false},"featured_media":27759,"template":"","meta":{"_seopress_robots_primary_cat":"none","_seopress_titles_title":"","_seopress_titles_desc":"","_seopress_robots_index":""},"item":[1318],"product_cat":[154],"product_tag":[],"class_list":{"0":"post-15768","1":"product","2":"type-product","3":"status-publish","4":"has-post-thumbnail","6":"item-restylane-et","7":"product_cat-fillerid-et","8":"pa_product_main_cat-professionaalne-hooldus","10":"first","11":"instock","12":"taxable","13":"shipping-taxable","14":"purchasable","15":"product-type-simple"},"_links":{"self":[{"href":"https:\/\/cutismedical.shop\/et\/wp-json\/wp\/v2\/product\/15768","targetHints":{"allow":["GET"]}}],"collection":[{"href":"https:\/\/cutismedical.shop\/et\/wp-json\/wp\/v2\/product"}],"about":[{"href":"https:\/\/cutismedical.shop\/et\/wp-json\/wp\/v2\/types\/product"}],"wp:featuredmedia":[{"embeddable":true,"href":"https:\/\/cutismedical.shop\/et\/wp-json\/wp\/v2\/media\/27759"}],"wp:attachment":[{"href":"https:\/\/cutismedical.shop\/et\/wp-json\/wp\/v2\/media?parent=15768"}],"wp:term":[{"taxonomy":"item","embeddable":true,"href":"https:\/\/cutismedical.shop\/et\/wp-json\/wp\/v2\/item?post=15768"},{"taxonomy":"product_cat","embeddable":true,"href":"https:\/\/cutismedical.shop\/et\/wp-json\/wp\/v2\/product_cat?post=15768"},{"taxonomy":"product_tag","embeddable":true,"href":"https:\/\/cutismedical.shop\/et\/wp-json\/wp\/v2\/product_tag?post=15768"}],"curies":[{"name":"wp","href":"https:\/\/api.w.org\/{rel}","templated":true}]}}