{"id":15749,"date":"2020-07-28T14:42:57","date_gmt":"2020-07-28T12:42:57","guid":{"rendered":"https:\/\/cutismedical.com\/shop\/maaratlemata\/stylage-xxl-21ml\/"},"modified":"2025-11-26T12:49:21","modified_gmt":"2025-11-26T10:49:21","slug":"stylage-xxl-21ml","status":"publish","type":"product","link":"https:\/\/cutismedical.shop\/et\/shop-es\/fillerid-et\/stylage-xxl-21ml\/","title":{"rendered":"Stylage Bi-Soft XXL (2*1 ml)"},"content":{"rendered":"<p>Vivacy STYLAGE XXL on Vivacy laboratooriumi pikaajalise uurimist\u00f6\u00f6 tulemus, mille eesm\u00e4rk on arendada IPN-Like tehnoloogial p\u00f5hinevat toodet, mis p\u00f6\u00f6rab vananemisprotsessi tagasi, ravides n\u00e4o mahu defekte, naha l\u00f5tvumist ja n\u00e4o \u00f5\u00f5nsusi, olles samas t\u00e4iesti ohutu ja biolagunev. Tulemused on n\u00e4htavad kohe p\u00e4rast s\u00fcstimist. Peened jooned siluvad ja n\u00e4okontuurid taastuvad.<\/p>\n<p>Vivacy poolt valmistatud h\u00fcaluroonhappel p\u00f5hinev geel sisaldab looduslikku antioks\u00fcdanti mannitooli, mis piirab vabade radikaalide kahjulikku m\u00f5ju naha dermisele ja aitab kaasa t\u00f6\u00f6deldud koe niisutamisele, samuti hoiab \u00e4ra h\u00fcaluroonhappe geeli struktuuri lagunemise organismis. Selle peamine \u00fclesanne on ennetada oks\u00fcdatiivset kahjustust ja v\u00e4hendada s\u00fcstimisj\u00e4rgse p\u00f5letiku riski.<\/p>\n<p>N\u00e4o mahu kadu aitab kaasa n\u00e4o vananemisele. K\u00f5rge viskoossusega mahut\u00e4idisega h\u00fcaluroonhappe geelid, nagu STYLAGE<sup>\u00ae<\/sup> XL ja STYLAGE<sup>\u00ae<\/sup> XXL, on m\u00f5eldud n\u00e4o mahu taastamiseks v\u00f5i suurendamiseks. Neid saab kasutada aja jooksul kahanenud n\u00e4okudede mahu taastamiseks \u00f5\u00f5nsatesse piirkondadesse, n\u00e4iteks templitesse, p\u00f5skedesse, n\u00e4o ovaali ja l\u00f5ua piirkonda. Mugavama protseduuri jaoks on STYLAGE<sup>\u00ae<\/sup> XL saadaval ka koos lokaalanesteetikumi lidokaiiniga.<\/p>\n<p><a href=\"https:\/\/cutismedical.com\/wp-content\/uploads\/2020\/07\/stylage-xl-xxl-1.jpg\"><img loading=\"lazy\" decoding=\"async\" class=\"alignnone size-full wp-image-34829\" src=\"https:\/\/cutismedical.com\/wp-content\/uploads\/2020\/07\/stylage-xl-xxl-1.jpg\" alt=\"\" width=\"1199\" height=\"337\" srcset=\"https:\/\/cutismedical.shop\/wp-content\/uploads\/2020\/07\/stylage-xl-xxl-1.jpg 1199w, https:\/\/cutismedical.shop\/wp-content\/uploads\/2020\/07\/stylage-xl-xxl-1-150x42.jpg 150w, https:\/\/cutismedical.shop\/wp-content\/uploads\/2020\/07\/stylage-xl-xxl-1-592x166.jpg 592w, https:\/\/cutismedical.shop\/wp-content\/uploads\/2020\/07\/stylage-xl-xxl-1-800x225.jpg 800w, https:\/\/cutismedical.shop\/wp-content\/uploads\/2020\/07\/stylage-xl-xxl-1-768x216.jpg 768w, https:\/\/cutismedical.shop\/wp-content\/uploads\/2020\/07\/stylage-xl-xxl-1-510x143.jpg 510w\" sizes=\"auto, (max-width: 1199px) 100vw, 1199px\" \/><\/a><\/p>\n","protected":false},"excerpt":{"rendered":"<p><span style=\"color: #d83131;\"><strong>Ei ole mu\u0308u\u0308giks ELis!<\/strong><\/span><\/p>\n<p>Stylage\u00ae Bi-Soft XXL on sarja k\u00f5ige suurema mahuga t\u00e4iteaine. Seda kasutatakse s\u00fcgavate kortsude ja mahupuuduste raviks. See t\u00f5stab esile n\u00e4o loomulikud kontuurid ja pinguldab nahka.<\/p>\n","protected":false},"featured_media":34839,"template":"","meta":{"_seopress_robots_primary_cat":"none","_seopress_titles_title":"","_seopress_titles_desc":"","_seopress_robots_index":""},"item":[1679],"product_cat":[154],"product_tag":[],"class_list":{"0":"post-15749","1":"product","2":"type-product","3":"status-publish","4":"has-post-thumbnail","6":"item-stylage-et","7":"product_cat-fillerid-et","9":"first","10":"instock","11":"taxable","12":"shipping-taxable","13":"purchasable","14":"product-type-variable"},"_links":{"self":[{"href":"https:\/\/cutismedical.shop\/et\/wp-json\/wp\/v2\/product\/15749","targetHints":{"allow":["GET"]}}],"collection":[{"href":"https:\/\/cutismedical.shop\/et\/wp-json\/wp\/v2\/product"}],"about":[{"href":"https:\/\/cutismedical.shop\/et\/wp-json\/wp\/v2\/types\/product"}],"wp:featuredmedia":[{"embeddable":true,"href":"https:\/\/cutismedical.shop\/et\/wp-json\/wp\/v2\/media\/34839"}],"wp:attachment":[{"href":"https:\/\/cutismedical.shop\/et\/wp-json\/wp\/v2\/media?parent=15749"}],"wp:term":[{"taxonomy":"item","embeddable":true,"href":"https:\/\/cutismedical.shop\/et\/wp-json\/wp\/v2\/item?post=15749"},{"taxonomy":"product_cat","embeddable":true,"href":"https:\/\/cutismedical.shop\/et\/wp-json\/wp\/v2\/product_cat?post=15749"},{"taxonomy":"product_tag","embeddable":true,"href":"https:\/\/cutismedical.shop\/et\/wp-json\/wp\/v2\/product_tag?post=15749"}],"curies":[{"name":"wp","href":"https:\/\/api.w.org\/{rel}","templated":true}]}}