{"id":15719,"date":"2020-07-28T13:12:40","date_gmt":"2020-07-28T11:12:40","guid":{"rendered":"https:\/\/cutismedical.com\/shop\/maaratlemata\/stylage-hydro-1ml\/"},"modified":"2024-11-12T03:56:16","modified_gmt":"2024-11-12T01:56:16","slug":"stylage-hydro-1ml","status":"publish","type":"product","link":"https:\/\/cutismedical.shop\/et\/shop-es\/mesoteraapia-et\/stylage-hydro-1ml\/","title":{"rendered":"Stylage Hydro 1*1 ml"},"content":{"rendered":"<p><ins datetime=\"2024-11-12T01:51:34+00:00\"><span style=\"color: #000000;\"><strong>M\u00f5eldud:<\/strong><\/span><\/ins><\/p>\n<ul>\n<li><span style=\"color: #000000;\">Nahaniiskuse taastamiseks<\/span><\/li>\n<li><span style=\"color: #000000;\">Nahk elastsuse ja tugevuse parandamiseks<\/span><\/li>\n<\/ul>\n<hr \/>\n<p><span style=\"color: #000000;\">STYLAGE<sup>\u00ae<\/sup> Hydro ja STYLAGE<sup>\u00ae<\/sup> HydroMax on n\u00e4idustatud naha niiskuse ja elastsuse parandamiseks n\u00e4ol, kaelal, dekolteel ja k\u00e4te tagak\u00fcljel. Naha optimaalseks hoolduseks on vaja \u00fchest kuni kolmest s\u00fcsteseansist, olenevalt naha seisundist ja s\u00fcstimise s\u00fcgavusest.<\/span><\/p>\n<p><a href=\"https:\/\/cutismedical.com\/wp-content\/uploads\/2020\/07\/hudro-scaled.jpg\"><img loading=\"lazy\" decoding=\"async\" class=\"alignnone size-full wp-image-34843\" src=\"https:\/\/cutismedical.com\/wp-content\/uploads\/2020\/07\/hudro-scaled.jpg\" alt=\"\" width=\"1200\" height=\"229\" srcset=\"https:\/\/cutismedical.shop\/wp-content\/uploads\/2020\/07\/hudro-scaled.jpg 1200w, https:\/\/cutismedical.shop\/wp-content\/uploads\/2020\/07\/hudro-scaled-150x29.jpg 150w, https:\/\/cutismedical.shop\/wp-content\/uploads\/2020\/07\/hudro-scaled-592x113.jpg 592w, https:\/\/cutismedical.shop\/wp-content\/uploads\/2020\/07\/hudro-800x153.jpg 800w, https:\/\/cutismedical.shop\/wp-content\/uploads\/2020\/07\/hudro-1400x267.jpg 1400w, https:\/\/cutismedical.shop\/wp-content\/uploads\/2020\/07\/hudro-768x147.jpg 768w, https:\/\/cutismedical.shop\/wp-content\/uploads\/2020\/07\/hudro-510x97.jpg 510w\" sizes=\"auto, (max-width: 1200px) 100vw, 1200px\" \/><\/a><\/p>\n","protected":false},"excerpt":{"rendered":"<p><span style=\"color: #d83131;\"><strong>Ei ole mu\u0308u\u0308giks ELis!<\/strong><\/span><\/p>\n<p><span style=\"color: #000000;\">Stylage<sup>\u00ae<\/sup> Hydro on spetsiaalselt loodud naha optimaalse niiskustaseme taastamiseks ja elastsuse ning tugevuse parandamiseks. Kasutatakse n\u00e4o, kaela ja dekoltee piirkonna taaselustamiseks ning k\u00e4te noorendamiseks. Stylage<sup>\u00ae<\/sup> Hydro s\u00fcstitakse naha pindmisse v\u00f5i s\u00fcgavasse dermisesse.<\/span><\/p>\n<p>&nbsp;<\/p>\n","protected":false},"featured_media":34850,"template":"","meta":{"_seopress_robots_primary_cat":"none","_seopress_titles_title":"","_seopress_titles_desc":"","_seopress_robots_index":""},"item":[1679],"product_cat":[155,315],"product_tag":[],"class_list":{"0":"post-15719","1":"product","2":"type-product","3":"status-publish","4":"has-post-thumbnail","6":"item-stylage-et","7":"product_cat-mesoteraapia-et","8":"product_cat-biorevitalisant-et","9":"pa_product_main_cat-professionaalne-hooldus","11":"first","12":"instock","13":"taxable","14":"shipping-taxable","15":"purchasable","16":"product-type-simple"},"_links":{"self":[{"href":"https:\/\/cutismedical.shop\/et\/wp-json\/wp\/v2\/product\/15719","targetHints":{"allow":["GET"]}}],"collection":[{"href":"https:\/\/cutismedical.shop\/et\/wp-json\/wp\/v2\/product"}],"about":[{"href":"https:\/\/cutismedical.shop\/et\/wp-json\/wp\/v2\/types\/product"}],"wp:featuredmedia":[{"embeddable":true,"href":"https:\/\/cutismedical.shop\/et\/wp-json\/wp\/v2\/media\/34850"}],"wp:attachment":[{"href":"https:\/\/cutismedical.shop\/et\/wp-json\/wp\/v2\/media?parent=15719"}],"wp:term":[{"taxonomy":"item","embeddable":true,"href":"https:\/\/cutismedical.shop\/et\/wp-json\/wp\/v2\/item?post=15719"},{"taxonomy":"product_cat","embeddable":true,"href":"https:\/\/cutismedical.shop\/et\/wp-json\/wp\/v2\/product_cat?post=15719"},{"taxonomy":"product_tag","embeddable":true,"href":"https:\/\/cutismedical.shop\/et\/wp-json\/wp\/v2\/product_tag?post=15719"}],"curies":[{"name":"wp","href":"https:\/\/api.w.org\/{rel}","templated":true}]}}