{"id":15596,"date":"2020-07-22T14:20:37","date_gmt":"2020-07-22T12:20:37","guid":{"rendered":"https:\/\/cutismedical.com\/shop\/maaratlemata\/fillmed-filorga-m-ha-18-11ml\/"},"modified":"2024-11-12T04:24:55","modified_gmt":"2024-11-12T02:24:55","slug":"fillmed-filorga-m-ha-18-11ml","status":"publish","type":"product","link":"https:\/\/cutismedical.shop\/et\/shop-es\/biorevitalisant-et\/fillmed-filorga-m-ha-18-11ml\/","title":{"rendered":"Fillmed | M-HA 18 (1*1 ml)"},"content":{"rendered":"<div class=\"list-box\">\n<div class=\"product-name\"><strong>Tootja:<\/strong>\u00a0Croma<\/div>\n<\/p><\/div>\n<div class=\"list-box\">\n<div class=\"product-name\"><strong>Toimeaine:<\/strong>\u00a0H\u00fcaluroonhape<\/div>\n<\/p><\/div>\n<div class=\"list-box\">\n<div class=\"product-name\"><strong>Kontsentratsioon:<\/strong>\u00a018 mg\/ml<\/div>\n<\/p><\/div>\n<div class=\"list-box\">\n<div class=\"product-name\"><strong>Paki suurus:<\/strong>\u00a01 eelnevalt t\u00e4idetud s\u00fcstal mahuga 1 ml<\/div>\n<\/p><\/div>\n<div class=\"list-box\">\n<div class=\"product-name\">\n<span style=\"color: #282828;\"><strong>Lisatarvikud:<\/strong><\/span>\u00a0Kasutusjuhend, 2 n\u00f5ela 30G 1\/2<\/p>\n<p><strong><span style=\"color: #282828;\">Koostis<\/span><\/strong> Toimeained: 18 mg\/ml naatriumh\u00fcaluronaati, 20 mg\/ml gl\u00fctseriini Mitteaktiivsed koostisosad: fosfaat-tsitraat puhver pH 6,8 &#8211; 7,6<\/p>\n<p><strong><span style=\"color: #282828;\">Peamised eelised<\/span><\/strong> Ravib esimesi vananemise m\u00e4rke. V\u00e4hendab n\u00e4o pindmiste kortsude n\u00e4htavust. Korrigeerib peente joonte v\u00e4limust (sealhulgas &#8220;kanavarbad&#8221;, naerujooned ja suitsetaja jooned). Pikad tulemused (Fillmed M-HA 18 v\u00f5ib kesta kuni 12 kuud ilma korduvate s\u00fcstimisteta). Omab suurep\u00e4rast ohutusprofiili (t\u00e4iteaine on enamiku patsientide poolt h\u00e4sti talutav, kui seda \u00f5igesti manustada). P\u00e4rit loomavabast allikast ega kutsu esile immuunreaktsioone.<\/p>\n<\/div><\/div>\n","protected":false},"excerpt":{"rendered":"<p><span style=\"color: #d83131;\"><strong>Ei ole mu\u0308u\u0308giks ELis!<\/strong><\/span><\/p>\n<div>Fillmed M-HA 18 on loomavaba p\u00e4ritoluga h\u00fcaluroonhappega s\u00fcstitav t\u00e4iteaine. Loodud vananevale nahale, see korrigeerib t\u00f5husalt pindmiste joonte v\u00e4limust. Samal ajal niisutab valem s\u00fcgavalt kuiva nahka, taastades selle niiskustaseme. Fillmed M-HA 18 on sageli ette n\u00e4htud inimestele, kellel on vananemise esimesed m\u00e4rgid. See t\u00e4iteaine on v\u00e4lja t\u00f6\u00f6tatud Filorga laboratooriumides, Pariisis asuvas ettev\u00f5ttes, mis omab Fillmed kaubam\u00e4rki. Fillmed M-HA 18 on saadaval karbis, mis sisaldab kahte 1 ml s\u00fcstalt, nelja 30G n\u00f5ela, j\u00e4lgitavuse silte ja toote infovoldikut. Soovitav on hoida t\u00e4iteainet eemal kuumusest ja valgusest (ideaalis kuivas kohas).<\/div>\n","protected":false},"featured_media":15592,"template":"","meta":{"_seopress_robots_primary_cat":"none","_seopress_titles_title":"","_seopress_titles_desc":"","_seopress_robots_index":""},"item":[1257],"product_cat":[315],"product_tag":[],"class_list":{"0":"post-15596","1":"product","2":"type-product","3":"status-publish","4":"has-post-thumbnail","6":"item-fillmed-et-2","7":"product_cat-biorevitalisant-et","9":"first","10":"instock","11":"taxable","12":"shipping-taxable","13":"purchasable","14":"product-type-simple"},"_links":{"self":[{"href":"https:\/\/cutismedical.shop\/et\/wp-json\/wp\/v2\/product\/15596","targetHints":{"allow":["GET"]}}],"collection":[{"href":"https:\/\/cutismedical.shop\/et\/wp-json\/wp\/v2\/product"}],"about":[{"href":"https:\/\/cutismedical.shop\/et\/wp-json\/wp\/v2\/types\/product"}],"wp:featuredmedia":[{"embeddable":true,"href":"https:\/\/cutismedical.shop\/et\/wp-json\/wp\/v2\/media\/15592"}],"wp:attachment":[{"href":"https:\/\/cutismedical.shop\/et\/wp-json\/wp\/v2\/media?parent=15596"}],"wp:term":[{"taxonomy":"item","embeddable":true,"href":"https:\/\/cutismedical.shop\/et\/wp-json\/wp\/v2\/item?post=15596"},{"taxonomy":"product_cat","embeddable":true,"href":"https:\/\/cutismedical.shop\/et\/wp-json\/wp\/v2\/product_cat?post=15596"},{"taxonomy":"product_tag","embeddable":true,"href":"https:\/\/cutismedical.shop\/et\/wp-json\/wp\/v2\/product_tag?post=15596"}],"curies":[{"name":"wp","href":"https:\/\/api.w.org\/{rel}","templated":true}]}}