{"id":15567,"date":"2020-07-21T08:38:10","date_gmt":"2020-07-21T06:38:10","guid":{"rendered":"https:\/\/cutismedical.com\/shop\/maaratlemata\/webinar-botulinum-therapy-perfectly-targeted-beauty\/"},"modified":"2024-11-12T04:32:24","modified_gmt":"2024-11-12T02:32:24","slug":"webinar-botulinum-therapy-perfectly-targeted-beauty","status":"publish","type":"product","link":"https:\/\/cutismedical.shop\/et\/shop-es\/webinar-et\/webinar-botulinum-therapy-perfectly-targeted-beauty\/","title":{"rendered":"Veebiseminar \u00abBotuliinravi \u2014 t\u00e4pselt suunatud ilu\u00bb"},"content":{"rendered":"<p>On aeg teatada meie j\u00e4rgmisest veebiseminarist<\/p>\n<p>&lt;strong&gt;\u00abBotuliinravi \u2014 t\u00e4pselt suunatud ilu\u00bb!&lt;\/strong&gt;<\/p>\n<p>? Seekord selgitab kosmeetik Marina Jegorova \u00fcksikasjalikult ja n\u00e4itab mudelil, kuidas botuliinravi t\u00e4iuslikult l\u00e4bi viia, teha klient \u00f5nnelikuks ja saada t\u00f6\u00f6st rahulolu.<\/p>\n<p>? Marina on aastaid \u201ekogunud\u201c BTA komplikatsioone, anal\u00fc\u00fcsinud neid ja \u00f5ppinud neist.<\/p>\n<p>? Nii s\u00fcndis veebiseminar \u00abBotuliinravi \u2014 t\u00e4pselt suunatud ilu\u00bb t\u00f5elistest juhtumitest ja kosmeetikute probleemidest.<\/p>\n<p>? Kas olete kunagi kohanud BTA komplikatsioone? Registreeru!<\/p>\n<p>? Oma kogemuse ja teiste kosmeetikute kogemuse p\u00f5hjal on Marina v\u00e4lja t\u00f6\u00f6tanud veebiseminari, kus ta k\u00e4sitleb \u00fcksikasjalikult j\u00e4rgmisi teemasid:<\/p>\n<p>? Lihaste biomehaanika: p\u00f5hjalik lihaste t\u00f6\u00f6 uurimine ja efekti prognoosimine<\/p>\n<p>? Botuliinitoksiini A t\u00fc\u00fcbi t\u00fcsistused: kuidas v\u00e4ltida ja korrigeerida<\/p>\n<p>? \u00dchikud: kuhu ja kui palju s\u00fcstida?<\/p>\n<p>Veebiseminari praktilises osas selgitab ja n\u00e4itab kosmeetik, kuidas igas n\u00e4osektoris s\u00fcstida.<\/p>\n","protected":false},"excerpt":{"rendered":"<p>KUUP\u00c4EV: p\u00fchap\u00e4ev, 9. august 2020 AEG: 12:00 (Moskva aeg) KESTUS: 2-3 tundi KEEL: vene<\/p>\n<p>MAKSUMUS<\/p>\n<p>Valikus on 2 varianti:<\/p>\n<p>50 \u20ac (registreerimine vajalik lingi kaudu)<\/p>\n<p>Ostke tooteid alates 100\u20ac meie <a href=\"https:\/\/cutismedical.com\/shop\/\">VEEBIPOEST<\/a><\/p>\n<p>Registreerimiseks: Ostke tooteid alates 100\u20ac kuni 8. augustini Saatke oma tellimuse number aadressile <a href=\"mailto:info@cutismedical.com\">info@cutismedical.com<\/a> v\u00f5i WhatsApp +372 5373 7542<\/p>\n","protected":false},"featured_media":16326,"template":"","meta":{"_seopress_robots_primary_cat":"none","_seopress_titles_title":"","_seopress_titles_desc":"","_seopress_robots_index":""},"item":[1222],"product_cat":[1221],"product_tag":[],"class_list":{"0":"post-15567","1":"product","2":"type-product","3":"status-publish","4":"has-post-thumbnail","6":"item-webinar-et-2","7":"product_cat-webinar-et","8":"pa_product_main_cat-professionaalne-hooldus","10":"first","11":"instock","12":"virtual","13":"taxable","14":"purchasable","15":"product-type-simple"},"_links":{"self":[{"href":"https:\/\/cutismedical.shop\/et\/wp-json\/wp\/v2\/product\/15567","targetHints":{"allow":["GET"]}}],"collection":[{"href":"https:\/\/cutismedical.shop\/et\/wp-json\/wp\/v2\/product"}],"about":[{"href":"https:\/\/cutismedical.shop\/et\/wp-json\/wp\/v2\/types\/product"}],"wp:featuredmedia":[{"embeddable":true,"href":"https:\/\/cutismedical.shop\/et\/wp-json\/wp\/v2\/media\/16326"}],"wp:attachment":[{"href":"https:\/\/cutismedical.shop\/et\/wp-json\/wp\/v2\/media?parent=15567"}],"wp:term":[{"taxonomy":"item","embeddable":true,"href":"https:\/\/cutismedical.shop\/et\/wp-json\/wp\/v2\/item?post=15567"},{"taxonomy":"product_cat","embeddable":true,"href":"https:\/\/cutismedical.shop\/et\/wp-json\/wp\/v2\/product_cat?post=15567"},{"taxonomy":"product_tag","embeddable":true,"href":"https:\/\/cutismedical.shop\/et\/wp-json\/wp\/v2\/product_tag?post=15567"}],"curies":[{"name":"wp","href":"https:\/\/api.w.org\/{rel}","templated":true}]}}