{"id":15397,"date":"2020-07-08T18:15:07","date_gmt":"2020-07-08T16:15:07","guid":{"rendered":"https:\/\/cutismedical.com\/shop\/maaratlemata\/oda-acne-treatment-mask-50ml\/"},"modified":"2024-11-12T04:40:46","modified_gmt":"2024-11-12T02:40:46","slug":"oda-acne-treatment-mask-50ml","status":"publish","type":"product","link":"https:\/\/cutismedical.shop\/et\/shop-es\/nahahooldus\/maskid-et-prof\/oda-acne-treatment-mask-50ml\/","title":{"rendered":"ODA. AKNE RAVI MASK 50 ml"},"content":{"rendered":"<p><strong>KOOSTISOSAD:<\/strong><\/p>\n<p>Aqua, Glycine Soja Oil, Talc, Kaolin, Cetearyl Alcohol, Zinc Oxide, Ceteareth-20, Hydroxypropyl Starch Phosphate, Glycolic Acid, Glycerin, Juglans Regia Shell Powder, Chamomilla Recutita Extract, Calendula Officinalis Extract, Caprylyl Glycol, Tocopherol, Melaleuca Alternifolia Oil, Phenoxyethanol, Chlorphenesin.<\/p>\n<p><strong>KASUTUSJUHEND:<\/strong><\/p>\n<p>Kandke puhtale ja kuivale nahale, kergelt s\u00f5rmede v\u00f5i pintsliga. M\u00f5juaeg: 10-15 minutit. V\u00f5imalikud aistingud \u2013 kerge naha soojenemine. Kui tekivad muud ebameeldivad aistingud, peske mask varem maha. V\u00f5ib kasutada \u00fcks v\u00f5i kaks korda n\u00e4dalas.<\/p>\n","protected":false},"excerpt":{"rendered":"<p>MASK on m\u00f5eldud probleemsele nahale, mis on aknele kalduv, rasune ja suurenenud pooridega. Teepuu\u00f5lil (Melaleuca Alternifolia Oil) on antibakteriaalne toime. Kreeka p\u00e4hkli koore pulber (Juglans Regia) on looduslik koorija, millel on kokkut\u00f5mbavad ja nahka rahustavad omadused. Gl\u00fckoolhape on orgaaniline hape, mis suurendab naha l\u00e4bilaskvust, tugevdades seel\u00e4bi maski aktiivsete koostisosade imendumist s\u00fcgavamatesse kihtidesse, tugevdab naha vastupanuv\u00f5imet keskkonna negatiivsete m\u00f5jude vastu ja stimuleerib naha taastumisprotsesse.<\/p>\n<ul>\n<li>Akne<\/li>\n<li>Rasune nahk<\/li>\n<li>Suurenenud poorid<\/li>\n<\/ul>\n","protected":false},"featured_media":15395,"template":"","meta":{"_seopress_robots_primary_cat":"none","_seopress_titles_title":"","_seopress_titles_desc":"","_seopress_robots_index":""},"item":[1406],"product_cat":[1813,152,1910,1919,1849,1850],"product_tag":[1876],"class_list":{"0":"post-15397","1":"product","2":"type-product","3":"status-publish","4":"has-post-thumbnail","6":"item-oda-et","7":"product_cat-otstarve","8":"product_cat-maskid-et","9":"product_cat-nahahooldus","10":"product_cat-maskid-et-prof","11":"product_cat-nahahooldus-nahatuubi-jargi","12":"product_cat-akne-post-akne","13":"product_tag-akne-post-akne","15":"first","16":"instock","17":"taxable","18":"shipping-taxable","19":"purchasable","20":"product-type-simple"},"_links":{"self":[{"href":"https:\/\/cutismedical.shop\/et\/wp-json\/wp\/v2\/product\/15397","targetHints":{"allow":["GET"]}}],"collection":[{"href":"https:\/\/cutismedical.shop\/et\/wp-json\/wp\/v2\/product"}],"about":[{"href":"https:\/\/cutismedical.shop\/et\/wp-json\/wp\/v2\/types\/product"}],"wp:featuredmedia":[{"embeddable":true,"href":"https:\/\/cutismedical.shop\/et\/wp-json\/wp\/v2\/media\/15395"}],"wp:attachment":[{"href":"https:\/\/cutismedical.shop\/et\/wp-json\/wp\/v2\/media?parent=15397"}],"wp:term":[{"taxonomy":"item","embeddable":true,"href":"https:\/\/cutismedical.shop\/et\/wp-json\/wp\/v2\/item?post=15397"},{"taxonomy":"product_cat","embeddable":true,"href":"https:\/\/cutismedical.shop\/et\/wp-json\/wp\/v2\/product_cat?post=15397"},{"taxonomy":"product_tag","embeddable":true,"href":"https:\/\/cutismedical.shop\/et\/wp-json\/wp\/v2\/product_tag?post=15397"}],"curies":[{"name":"wp","href":"https:\/\/api.w.org\/{rel}","templated":true}]}}