{"id":15385,"date":"2020-07-08T18:07:32","date_gmt":"2020-07-08T16:07:32","guid":{"rendered":"https:\/\/cutismedical.com\/shop\/maaratlemata\/oda-foundation-for-sensitive-skin-%e2%84%962-30ml\/"},"modified":"2024-11-12T04:43:56","modified_gmt":"2024-11-12T02:43:56","slug":"oda-foundation-for-sensitive-skin-2-30ml","status":"publish","type":"product","link":"https:\/\/cutismedical.shop\/et\/shop-es\/nahahooldus\/kreem-et-prof\/oda-foundation-for-sensitive-skin-2-30ml\/","title":{"rendered":"ODA. ALUSKREEM tundlikule nahale, nr 2, 30 ml"},"content":{"rendered":"<p><strong>KOOSTISOSAD:<\/strong><\/p>\n<p>Aqua, Cyclopentasiloxane, PEG\/Ppg 18\/18 Dimethicone, Triethoxycaprylylsilane, Titanium Dioxide, Sodium Polyacrylate, Hydrogenated Polydecene, Trideceth-6, Iron Oxide, Glycerin, Pueraria lobata (Kudzu) Symbiosome Extract, Phenoxyethanol, Caprylyl Glycol, Chlorphenesin.<\/p>\n<p><strong>KASUTUSJUHEND:<\/strong><\/p>\n<p>Nahka korralikult ette valmistamiseks kandke esmalt ODA kreem. Seej\u00e4rel kandke &lt;em&gt;ODA Foundation&lt;\/em&gt; \u00fchtlaselt n\u00e4ole, hajutades servi. Esialgu v\u00f5ib toon tunduda veidi tumedam, kuid p\u00e4rast t\u00e4ielikku pealekandmist kohandub aluskreem teie loomuliku nahatooniga.<\/p>\n","protected":false},"excerpt":{"rendered":"<p>Aluskreem tundlikule nahale nr 2 loob veatu jumestuse ja katab v\u00e4rvimuutused, pakkudes kogu p\u00e4eva katvust ja kaitstes nahka kahjulike UVA\/UVB kiirte eest. Spetsiaalne valem Kudzu Symbiosome ens\u00fc\u00fcmiga rahustab tundlikku nahka, kaitseb seda kahjulike keskkonnategurite eest ja tugevdab naha vastupanuv\u00f5imet.<\/p>\n<p>Nr 2 on soovitatav III fotot\u00fc\u00fcbi nahale (tumeda nahatooniga).<\/p>\n<p>Sobib k\u00f5igile nahat\u00fc\u00fcpidele.<\/p>\n","protected":false},"featured_media":15381,"template":"","meta":{"_seopress_robots_primary_cat":"none","_seopress_titles_title":"","_seopress_titles_desc":"","_seopress_robots_index":""},"item":[1406],"product_cat":[1813,151,1910,1928,1849,1854],"product_tag":[1888],"class_list":{"0":"post-15385","1":"product","2":"type-product","3":"status-publish","4":"has-post-thumbnail","6":"item-oda-et","7":"product_cat-otstarve","8":"product_cat-kreem-et","9":"product_cat-nahahooldus","10":"product_cat-kreem-et-prof","11":"product_cat-nahahooldus-nahatuubi-jargi","12":"product_cat-tundlik-nahk","13":"product_tag-tundlik-nahk","15":"first","16":"instock","17":"taxable","18":"shipping-taxable","19":"purchasable","20":"product-type-simple"},"_links":{"self":[{"href":"https:\/\/cutismedical.shop\/et\/wp-json\/wp\/v2\/product\/15385","targetHints":{"allow":["GET"]}}],"collection":[{"href":"https:\/\/cutismedical.shop\/et\/wp-json\/wp\/v2\/product"}],"about":[{"href":"https:\/\/cutismedical.shop\/et\/wp-json\/wp\/v2\/types\/product"}],"wp:featuredmedia":[{"embeddable":true,"href":"https:\/\/cutismedical.shop\/et\/wp-json\/wp\/v2\/media\/15381"}],"wp:attachment":[{"href":"https:\/\/cutismedical.shop\/et\/wp-json\/wp\/v2\/media?parent=15385"}],"wp:term":[{"taxonomy":"item","embeddable":true,"href":"https:\/\/cutismedical.shop\/et\/wp-json\/wp\/v2\/item?post=15385"},{"taxonomy":"product_cat","embeddable":true,"href":"https:\/\/cutismedical.shop\/et\/wp-json\/wp\/v2\/product_cat?post=15385"},{"taxonomy":"product_tag","embeddable":true,"href":"https:\/\/cutismedical.shop\/et\/wp-json\/wp\/v2\/product_tag?post=15385"}],"curies":[{"name":"wp","href":"https:\/\/api.w.org\/{rel}","templated":true}]}}