{"id":15291,"date":"2020-07-03T18:10:50","date_gmt":"2020-07-03T16:10:50","guid":{"rendered":"https:\/\/cutismedical.com\/shop\/maaratlemata\/mc-fusion-fat-510ml\/"},"modified":"2024-11-12T05:01:45","modified_gmt":"2024-11-12T03:01:45","slug":"mc-fusion-fat-510ml","status":"publish","type":"product","link":"https:\/\/cutismedical.shop\/et\/shop-es\/mesoteraapia-et\/body-mesotherapy-et\/mc-fusion-fat-510ml\/","title":{"rendered":"MC. Fusion Fat (5*10 ml) \/ Lipol\u00fc\u00fctikum"},"content":{"rendered":"<p><strong>AKTIIVSED KOOSTISOSAD:<\/strong><\/p>\n<p>Aqua (Vesi), Kofeiin, Met\u00fc\u00fclsilaanool Mannuronaat, Aasia vesinaba ekstrakt, H\u00fcaluronidaas.<\/p>\n<p><strong>SOOVITATAV KASUTAMINE:<\/strong><\/p>\n<p>Elektroporatsioon, iontoforees, ultraheli, termoteraapia, vaakumteraapia, galvaaniline ja pidev vool, dermaroller jne.<\/p>\n","protected":false},"excerpt":{"rendered":"<h4><span style=\"color: #ed1c24;\"><strong>Ei ole mu\u0308u\u0308giks ELis!<\/strong><\/span><\/h4>\n<p>V\u00f5imas vahend tselluliidi ja lokaliseeritud rasvade vastu v\u00f5itlemiseks. Aktiveerib lipol\u00fc\u00fcsi, dreenib ja v\u00e4hendab naha l\u00f5tvust, andes parima salendava tulemuse.<\/p>\n","protected":false},"featured_media":15287,"template":"","meta":{"_seopress_robots_primary_cat":"none","_seopress_titles_title":"","_seopress_titles_desc":"","_seopress_robots_index":""},"item":[1149],"product_cat":[155,1131],"product_tag":[1906],"class_list":{"0":"post-15291","1":"product","2":"type-product","3":"status-publish","4":"has-post-thumbnail","6":"item-mccosmetics-et","7":"product_cat-mesoteraapia-et","8":"product_cat-body-mesotherapy-et","9":"product_tag-tselluliit","10":"pa_product_main_cat-professionaalne-hooldus","12":"first","13":"instock","14":"taxable","15":"shipping-taxable","16":"purchasable","17":"product-type-simple"},"_links":{"self":[{"href":"https:\/\/cutismedical.shop\/et\/wp-json\/wp\/v2\/product\/15291","targetHints":{"allow":["GET"]}}],"collection":[{"href":"https:\/\/cutismedical.shop\/et\/wp-json\/wp\/v2\/product"}],"about":[{"href":"https:\/\/cutismedical.shop\/et\/wp-json\/wp\/v2\/types\/product"}],"wp:featuredmedia":[{"embeddable":true,"href":"https:\/\/cutismedical.shop\/et\/wp-json\/wp\/v2\/media\/15287"}],"wp:attachment":[{"href":"https:\/\/cutismedical.shop\/et\/wp-json\/wp\/v2\/media?parent=15291"}],"wp:term":[{"taxonomy":"item","embeddable":true,"href":"https:\/\/cutismedical.shop\/et\/wp-json\/wp\/v2\/item?post=15291"},{"taxonomy":"product_cat","embeddable":true,"href":"https:\/\/cutismedical.shop\/et\/wp-json\/wp\/v2\/product_cat?post=15291"},{"taxonomy":"product_tag","embeddable":true,"href":"https:\/\/cutismedical.shop\/et\/wp-json\/wp\/v2\/product_tag?post=15291"}],"curies":[{"name":"wp","href":"https:\/\/api.w.org\/{rel}","templated":true}]}}