{"id":15240,"date":"2020-07-03T12:14:25","date_gmt":"2020-07-03T10:14:25","guid":{"rendered":"https:\/\/cutismedical.com\/shop\/maaratlemata\/mc-cleaning_roller-200ml\/"},"modified":"2025-01-11T20:00:14","modified_gmt":"2025-01-11T18:00:14","slug":"mc-cleaning_roller-200ml","status":"publish","type":"product","link":"https:\/\/cutismedical.shop\/et\/shop-es\/kulumaterjalid\/sanitizer-et\/mc-cleaning_roller-200ml\/","title":{"rendered":"MC. Cleaning_roller (200 ml)"},"content":{"rendered":"","protected":false},"excerpt":{"rendered":"<h4><span style=\"color: #ed1c24;\"><strong>Ei ole mu\u0308u\u0308giks ELis!<\/strong><\/span><\/h4>\n<p><span data-text-color=\"alert\"><strong>Exp: 03.2025<\/strong><\/span><\/p>\n<p>T\u00e4nu oma koostisosadele v\u00f5imaldab see dermarolleri ja naha t\u00f5husat puhastamist.<\/p>\n","protected":false},"featured_media":15247,"template":"","meta":{"_seopress_robots_primary_cat":"none","_seopress_titles_title":"","_seopress_titles_desc":"","_seopress_robots_index":""},"item":[1149],"product_cat":[1862,1128,1872,1298],"product_tag":[],"class_list":{"0":"post-15240","1":"product","2":"type-product","3":"status-publish","4":"has-post-thumbnail","6":"item-mccosmetics-et","7":"product_cat-seadmed","8":"product_cat-dermaroller-et","9":"product_cat-kulumaterjalid","10":"product_cat-sanitizer-et","11":"pa_product_main_cat-kodune-hooldus","12":"pa_product_main_cat-professionaalne-hooldus","13":"pa_register_only-register_price","14":"pa_register_only-new_regular_price","16":"first","17":"instock","18":"sale","19":"taxable","20":"shipping-taxable","21":"purchasable","22":"product-type-simple"},"_links":{"self":[{"href":"https:\/\/cutismedical.shop\/et\/wp-json\/wp\/v2\/product\/15240","targetHints":{"allow":["GET"]}}],"collection":[{"href":"https:\/\/cutismedical.shop\/et\/wp-json\/wp\/v2\/product"}],"about":[{"href":"https:\/\/cutismedical.shop\/et\/wp-json\/wp\/v2\/types\/product"}],"wp:featuredmedia":[{"embeddable":true,"href":"https:\/\/cutismedical.shop\/et\/wp-json\/wp\/v2\/media\/15247"}],"wp:attachment":[{"href":"https:\/\/cutismedical.shop\/et\/wp-json\/wp\/v2\/media?parent=15240"}],"wp:term":[{"taxonomy":"item","embeddable":true,"href":"https:\/\/cutismedical.shop\/et\/wp-json\/wp\/v2\/item?post=15240"},{"taxonomy":"product_cat","embeddable":true,"href":"https:\/\/cutismedical.shop\/et\/wp-json\/wp\/v2\/product_cat?post=15240"},{"taxonomy":"product_tag","embeddable":true,"href":"https:\/\/cutismedical.shop\/et\/wp-json\/wp\/v2\/product_tag?post=15240"}],"curies":[{"name":"wp","href":"https:\/\/api.w.org\/{rel}","templated":true}]}}