{"id":14951,"date":"2020-06-25T13:02:34","date_gmt":"2020-06-25T11:02:34","guid":{"rendered":"https:\/\/cutismedical.com\/shop\/maaratlemata\/%d0%bf%d1%80%d1%8f%d0%bc%d0%be%d0%b9-%d1%8d%d1%84%d0%b8%d1%80-%d0%b2-%d0%b8%d0%bd%d1%81%d1%82%d0%b0%d0%b3%d1%80%d0%b0%d0%bc-%d0%be%d1%81%d0%bb%d0%be%d0%b6%d0%bd%d0%b5%d0%bd%d0%b8%d1%8f-%d0%b1%d1%82\/"},"modified":"2024-11-12T23:19:20","modified_gmt":"2024-11-12T21:19:20","slug":"pryamoj-efir-v-instagram-oslozhneniya-bt","status":"publish","type":"product","link":"https:\/\/cutismedical.shop\/et\/shop-es\/webinar-et\/pryamoj-efir-v-instagram-oslozhneniya-bt\/","title":{"rendered":"OTSE\u00dcLEKANDE SALVESTUS Instagramis &#8220;BTA T\u00fcsistused ja Kuidas Neid Lahendada&#8221;"},"content":{"rendered":"<p>? N\u00e4o anatoomia tundmine on k\u00f5ige olulisem baas t\u00f5husaks ja edukaks t\u00f6\u00f6ks botuliintoksiinidega.<\/p>\n<p>? Ilma piisava arusaamise ja teadmistega lihaste anatoomilistest aspektidest \u2013 biomehaanikast, p\u00f5imumisest, koostoimest, kiudude suunast \u2013 on v\u00f5imalus, et protseduur ei l\u00e4he \u00f5nnestunult.<\/p>\n<p>? Selle tulemusel v\u00f5ivad lihased ootamatutes kohtades laskuda v\u00f5i t\u00f5usta, mis p\u00f5hjustab turset.<\/p>\n<p>? Paljusid probleeme saab ennetada ja parandada!<\/p>\n<p>? Marina Egorova n\u00e4eb s\u00f5na otseses m\u00f5ttes l\u00e4bi naha n\u00e4o lihaseid ja teab neist k\u00f5igist k\u00f5ike!<\/p>\n<p>\u00a0<\/p>\n<p><strong>VAADAKE OTSE\u00dcLEKANDE SALVESTUST \u201cBTA T\u00dcSISTUSED JA KUIDAS NEID LAHENDADA\u201d MEIE YOUTUBE KANALIL <a href=\"https:\/\/www.youtube.com\/watch?v=Oh1Olako7jE\">Cutis Medical<\/a> TASUTA!<\/strong><\/p>\n<p>Otse\u00fclekande ajal jagas Marina oma teadmisi, r\u00e4\u00e4kis, kuidas v\u00e4ltida probleeme ja vigu BTA-ga, ja mida teha, kui siiski midagi valesti l\u00e4heb. \u2800 Ja mis k\u00f5ige t\u00e4htsam, vastas ta kuulajate k\u00fcsimustele!<\/p>\n<p><span style=\"color: #333399;\"><a style=\"color: #333399;\" href=\"https:\/\/www.youtube.com\/watch?v=Oh1Olako7jE\">OTSE\u00dcLEKANDE SALVESTUS<\/a><\/span>\u2800<\/p>\n<h4 class=\"title style-scope ytd-video-primary-info-renderer\"><a href=\"https:\/\/www.youtube.com\/watch?v=FZVbDOKaSzg\"><span style=\"color: #333399;\">Auhinnaloos ja Boonus! Planeerimata Otse\u00fclekanne Marinaga Egorova<\/span><\/a><\/h4>\n","protected":false},"excerpt":{"rendered":"<p>? M\u00f5ned s\u00f5nad meie esineja kohta:<\/p>\n<p>Marina Egorova @kurs_egorova, dermatoloog, kosmeetik, \u00fcle 15-aastase kogemusega (Peterburi)<\/p>\n<p><span style=\"color: #333399;\"><a style=\"color: #333399;\" href=\"https:\/\/www.youtube.com\/watch?v=Oh1Olako7jE\">OTSE\u00dcLEKANDE SALVESTUS<\/a><\/span><\/p>\n<h4 class=\"title style-scope ytd-video-primary-info-renderer\"><a href=\"https:\/\/www.youtube.com\/watch?v=FZVbDOKaSzg\"><span style=\"color: #333399;\">Auhinnaloos ja Boonus! Planeerimata Otse\u00fclekanne Marinaga Egorova<\/span><\/a><\/h4>\n","protected":false},"featured_media":16323,"template":"","meta":{"_seopress_robots_primary_cat":"none","_seopress_titles_title":"","_seopress_titles_desc":"","_seopress_robots_index":""},"item":[1222],"product_cat":[1221],"product_tag":[],"class_list":{"0":"post-14951","1":"product","2":"type-product","3":"status-publish","4":"has-post-thumbnail","6":"item-webinar-et-2","7":"product_cat-webinar-et","8":"pa_product_main_cat-professionaalne-hooldus","10":"first","11":"instock","12":"taxable","13":"shipping-taxable","14":"purchasable","15":"product-type-simple"},"_links":{"self":[{"href":"https:\/\/cutismedical.shop\/et\/wp-json\/wp\/v2\/product\/14951","targetHints":{"allow":["GET"]}}],"collection":[{"href":"https:\/\/cutismedical.shop\/et\/wp-json\/wp\/v2\/product"}],"about":[{"href":"https:\/\/cutismedical.shop\/et\/wp-json\/wp\/v2\/types\/product"}],"wp:featuredmedia":[{"embeddable":true,"href":"https:\/\/cutismedical.shop\/et\/wp-json\/wp\/v2\/media\/16323"}],"wp:attachment":[{"href":"https:\/\/cutismedical.shop\/et\/wp-json\/wp\/v2\/media?parent=14951"}],"wp:term":[{"taxonomy":"item","embeddable":true,"href":"https:\/\/cutismedical.shop\/et\/wp-json\/wp\/v2\/item?post=14951"},{"taxonomy":"product_cat","embeddable":true,"href":"https:\/\/cutismedical.shop\/et\/wp-json\/wp\/v2\/product_cat?post=14951"},{"taxonomy":"product_tag","embeddable":true,"href":"https:\/\/cutismedical.shop\/et\/wp-json\/wp\/v2\/product_tag?post=14951"}],"curies":[{"name":"wp","href":"https:\/\/api.w.org\/{rel}","templated":true}]}}