{"id":14807,"date":"2020-06-20T09:52:33","date_gmt":"2020-06-20T07:53:01","guid":{"rendered":"https:\/\/cutismedical.com\/?post_type=product&#038;p=14807"},"modified":"2024-11-12T23:38:57","modified_gmt":"2024-11-12T21:38:57","slug":"profhilo-32-12-0ml-2","status":"publish","type":"product","link":"https:\/\/cutismedical.shop\/et\/shop-es\/biorevitalisant-et\/profhilo-32-12-0ml-2\/","title":{"rendered":"Profhilo 3,2 % (1*2.0 ml) \/ Biorevitalisatsioon"},"content":{"rendered":"<h4><strong>Maksimaalse difusiooni tagamiseks malaar- ja submalaarses piirkonnas:<\/strong><\/h4>\n<table style=\"border-collapse: collapse; width: 100%;\">\n<tbody>\n<tr>\n<td style=\"width: 50%;\"><em>\u2022 BAP punktid valiti spetsiaalselt anatoomiliselt sobivates piirkondades<\/em> <em>\u2022 Toote enda lahjendusn\u00e4htus<\/em> <em>\u2022 5 s\u00fcsti kummalegi poole<\/em> <em>\u2022 V\u00e4henenud valu (aeglane s\u00fcst)<\/em> <em>\u2022 V\u00e4iksem verevalumite v\u00f5i hematoomide tekke v\u00f5imalus<\/em> <em>\u2022 V\u00e4henenud raviseansside arv<\/em> <em>\u2022 Suurem patsiendi rahulolu<\/em><\/td>\n<td style=\"width: 50%;\"><a href=\"https:\/\/cutismedical.com\/wp-content\/uploads\/2020\/06\/BAP-1.jpg\"><img loading=\"lazy\" decoding=\"async\" class=\"alignnone size-full wp-image-14873\" src=\"https:\/\/cutismedical.com\/wp-content\/uploads\/2020\/06\/BAP-1.jpg\" alt=\"\" width=\"250\" height=\"301\" srcset=\"https:\/\/cutismedical.shop\/wp-content\/uploads\/2020\/06\/BAP-1.jpg 250w, https:\/\/cutismedical.shop\/wp-content\/uploads\/2020\/06\/BAP-1-150x181.jpg 150w, https:\/\/cutismedical.shop\/wp-content\/uploads\/2020\/06\/BAP-1-247x296.jpg 247w\" sizes=\"auto, (max-width: 250px) 100vw, 250px\" \/><\/a><\/td>\n<\/tr>\n<\/tbody>\n<\/table>\n<h4><span style=\"font-size: 75%;\"><em><strong>KUIDAS TOIMIB PROFHILO<\/strong>\u00ae<\/em><\/span><\/h4>\n<p> Profhilo\u00ae kui stabiliseeritud toode p\u00fcsib nahas umbes 28 p\u00e4eva. Selle aja jooksul stimuleeritakse nelja erinevat t\u00fc\u00fcpi kollageeni ja elastiini, vabastades aeglaselt HA.<br \/>\nSee stimuleerimine toob kaasa olulise koe paranemise. Seet\u00f5ttu ei saa \u00f6elda, et Profhilo\u00ae on lihtsalt naha parandaja, kuna sellel on ka m\u00e4rkimisv\u00e4\u00e4rne pinguldav ja t\u00f5stev toime koele.<\/p>\n<h4><span style=\"font-size: 80%;\"><em><strong>UNIKAALNE TOODE<\/strong><\/em><\/span><\/h4>\n<p> On palju omadusi, mis muudavad Profhilo\u00ae ainulaadseks v\u00f5rreldes teiste toodetega turul. Toode ei sisalda BDDE-d. See on termiliselt ristsidustatud, luues stabiliseeritud h\u00fcbriidkooperatiivseid komplekse H-HA ja L-HA vahel. Hoolimata k\u00f5rgest HA sisaldusest, on sellel madal p\u00f5letikuprofiil koos kliiniliste uuringutega t\u00f5estatud tervist toetavate omadustega. Selle anti-age tehnoloogia t\u00e4ielikuks m\u00f5istmiseks peame esmalt uurima kasutatud tehnoloogiat. <\/p>\n<h4><span style=\"font-size: 75%;\"><em><strong>KUIDAS ON PROFHILO<\/strong>\u00ae <strong>STABILISEERITUD<\/strong><\/em><\/span><\/h4>\n<p> Profhilo\u00ae on v\u00e4lja t\u00f6\u00f6tatud patenteeritud tehnoloogia abil, mis loob h\u00fcbriidkooperatiivseid komplekse k\u00f5rge molekulmassiga HA ja madala molekulmassiga HA vahel, ilma keemiliste ristsidumis\u00fchenditeta. Need kompleksid suurendavad HA stabiilsust ens\u00fcmaatilise ja mehaanilise lagundamise suhtes. <\/p>\n<h4><span style=\"font-size: 75%;\"><em><strong>NAHYCO TEHNOLOOGIA<\/strong><\/em><\/span><\/h4>\n<p> Profhilo\u00ae ei ole dermal filler ega biorevitalisaator \u2013 Profhilo\u00ae on avanud uue s\u00fcstitava kategooria \u2013 bioremodelleerimise.<br \/>\nTermiline ristsidumine muudab HA olemust ja k\u00e4itumist, mille tulemusena tekivad kooperatiivsed h\u00fcbriidkompleksid, mis moduleerivad kudesid. See selgitab ka erinevat bioloogilist k\u00e4itumist v\u00f5rreldes ainult H-HA ja L-HA-ga. \u00dcks peamisi eeliseid on pikaealisus. Kooperatiivsed h\u00fcbriidkompleksid on n\u00e4idanud suurt stabiilsust loodusliku h\u00fcaluronidaasi (BTH) l\u00f5hustumisel v\u00f5rreldes H-HA-ga, mida kasutatakse laialdaselt biorevitalisatsioonitoodetes, v\u00f5i ainult L-HA-ga, tagades pikaajalise vabanemise ja kahe HA komponendi kahekordse toime. See kahekordne toime on ideaalne naha l\u00f5tvuse remodelleerimiseks.<\/p>\n<h4><span style=\"font-size: 75%;\"><em><strong>EELISED<\/strong><\/em><\/span><\/h4>\n<p> Profhilo\u00ae-s vabaneb L-HA aeglaselt h\u00fcbriidkompleksidest, mis ei p\u00f5hjusta esimeste p\u00f5letikuliste ts\u00fctokiinide tekkimist, tehes selle v\u00e4ga bioloogiliselt \u00fchilduvaks. Samuti suurendab see patsiendi mugavust ravi ajal ja p\u00e4rast seda ning pakub nahale niisutust, eriti epidermises \u2013 H\u00fcdroefekt.<br \/>\nProfhilo\u00ae-s tagab H-HA dermises stabiilse HA arhitektuuri. See annab mahuva efekt \u2013 Lift-efekt.<\/p>\n<p>Veel \u00fcks h\u00fcbriidkooperatiivsete komplekside eelis v\u00f5rreldes H-HA ja L-HA-ga on t\u00fc\u00fcp I ja t\u00fc\u00fcp III kollageeni ekspressiooni taseme suurenemine fibroblastides ning t\u00fc\u00fcp IV ja VII kollageeni ekspressioon keratinots\u00fc\u00fctides.<\/p>\n<p>See toob kaasa naha kvaliteedi ja niiskuse paranemise nii dermises kui ka epidermises. Samuti suureneb endogeense HA ja elastiini tootmine, andes nahale nooruslikuma v\u00e4limuse.<\/p>\n<h4><span style=\"font-size: 75%;\"><em><strong>K\u00d5RGEIM KONTSENTRATSIOON TURUL<\/strong><\/em><\/span><\/h4>\n<p> Profhilo\u00ae sisaldab 32 mg madalmolekulaarset HA-d (80-100Kda) ja 32 mg k\u00f5rgmolekulaarset HA-d (1100-1400Kda). See annab \u00fche k\u00f5rgeima HA kontsentratsiooni turul, kokku 64 mg HA-d 2 ml eelt\u00e4idetud s\u00fcstlas. M\u00e4rkimisv\u00e4\u00e4rselt saab seda endiselt v\u00e4lja suruda kasutades 29g n\u00f5ela.<\/p>\n","protected":false},"excerpt":{"rendered":"<p><span style=\"color: #d83131;\"><strong>Ei ole mu\u0308u\u0308giks ELis!<\/strong><\/span><\/p>\n<p>Profhilo\u00ae on esimene BDDE-vaba stabiliseeritud s\u00fcstitav h\u00fcaluroonhappel p\u00f5hinev toode naha l\u00f5tvuse raviks.<\/p>\n<p>T\u00e4nu \u00fchele turu k\u00f5rgeimale HA kontsentratsioonile (64mg \/ 2ml) mitte ainult ei paranda ja niisuta see nahka, vaid ka remodelleerib vananevaid ja l\u00f5tvu kudesid.<\/p>\n","protected":false},"featured_media":14803,"template":"","meta":{"_seopress_robots_primary_cat":"none","_seopress_titles_title":"","_seopress_titles_desc":"","_seopress_robots_index":""},"item":[1470],"product_cat":[315],"product_tag":[],"class_list":{"0":"post-14807","1":"product","2":"type-product","3":"status-publish","4":"has-post-thumbnail","6":"item-profhilo-et","7":"product_cat-biorevitalisant-et","8":"pa_product_main_cat-professionaalne-hooldus","10":"first","11":"instock","12":"taxable","13":"shipping-taxable","14":"purchasable","15":"product-type-simple"},"_links":{"self":[{"href":"https:\/\/cutismedical.shop\/et\/wp-json\/wp\/v2\/product\/14807","targetHints":{"allow":["GET"]}}],"collection":[{"href":"https:\/\/cutismedical.shop\/et\/wp-json\/wp\/v2\/product"}],"about":[{"href":"https:\/\/cutismedical.shop\/et\/wp-json\/wp\/v2\/types\/product"}],"wp:featuredmedia":[{"embeddable":true,"href":"https:\/\/cutismedical.shop\/et\/wp-json\/wp\/v2\/media\/14803"}],"wp:attachment":[{"href":"https:\/\/cutismedical.shop\/et\/wp-json\/wp\/v2\/media?parent=14807"}],"wp:term":[{"taxonomy":"item","embeddable":true,"href":"https:\/\/cutismedical.shop\/et\/wp-json\/wp\/v2\/item?post=14807"},{"taxonomy":"product_cat","embeddable":true,"href":"https:\/\/cutismedical.shop\/et\/wp-json\/wp\/v2\/product_cat?post=14807"},{"taxonomy":"product_tag","embeddable":true,"href":"https:\/\/cutismedical.shop\/et\/wp-json\/wp\/v2\/product_tag?post=14807"}],"curies":[{"name":"wp","href":"https:\/\/api.w.org\/{rel}","templated":true}]}}