{"id":14753,"date":"2020-06-19T18:33:39","date_gmt":"2020-06-19T16:33:39","guid":{"rendered":"https:\/\/cutismedical.com\/shop\/maaratlemata\/retinol-serum-03\/"},"modified":"2024-11-12T23:52:37","modified_gmt":"2024-11-12T21:52:37","slug":"retinol-serum-03","status":"publish","type":"product","link":"https:\/\/cutismedical.shop\/et\/shop-es\/nahahooldus\/seerum-et-prof\/retinol-serum-03\/","title":{"rendered":"ODA. RETINOOLI SEERUM 0,3% 5 ml \/ Kodune hooldus"},"content":{"rendered":"<p><strong>Aktiivsed koostisosad<\/strong><\/p>\n<p><strong>Retinool (vitamiin A)<\/strong> parandab rakkude regeneratsiooniprotsesse, t\u00e4nu millele vanad rakud eemaldatakse kiiresti ja uued moodustuvad kiiremini. See muudab naha nooremaks, elastsemaks ja siledamaks. Retinoolil on antioks\u00fcdantsed omadused ja see kaitseb nahka.<\/p>\n<p><strong>Skvalaan<\/strong> on aine, mille struktuur on sarnane inimese naha rasuga. See pehmendab nahka ja kaitseb seda niiskuse aurustumise eest.<\/p>\n<ul>\n<li><strong>V\u00e4hendab kortsude n\u00e4htavust<\/strong><\/li>\n<li><strong>Stimuleerib rakkude uuenemist<\/strong><\/li>\n<li><strong>Noorendab<\/strong><\/li>\n<\/ul>\n<p><strong>KASUTUSJUHEND:<\/strong><\/p>\n<p>Masseerige seerum hoolikalt puhtale ja kuivale n\u00e4onahale. Suvel kasutage lisakaitset UV-kiirte eest, v\u00e4ltige otsest p\u00e4ikesevalgust. Tundlikkuse korral kasutage seerumit igal teisel \u00f5htul, kuni nahk harjub tootega.<\/p>\n<p><strong>KOOSTIS:<\/strong><\/p>\n<p>Skvalaan, kapr\u00fc\u00fcl-\/kapriintrigl\u00fctseriid, retinool, BHT.<\/p>\n","protected":false},"excerpt":{"rendered":"<p>Retinooliseerum on t\u00f5hus vahend n\u00e4onaha noorendamiseks ja heledamaks muutmiseks ning kortsude n\u00e4htavuse v\u00e4hendamiseks.<\/p>\n","protected":false},"featured_media":14749,"template":"","meta":{"_seopress_robots_primary_cat":"none","_seopress_titles_title":"","_seopress_titles_desc":"","_seopress_robots_index":""},"item":[1406],"product_cat":[1813,363,1910,1931,1849,1853,1858],"product_tag":[1885,1900],"class_list":{"0":"post-14753","1":"product","2":"type-product","3":"status-publish","4":"has-post-thumbnail","6":"item-oda-et","7":"product_cat-otstarve","8":"product_cat-seerum-et","9":"product_cat-nahahooldus","10":"product_cat-seerum-et-prof","11":"product_cat-nahahooldus-nahatuubi-jargi","12":"product_cat-kortsud","13":"product_cat-lotvunud-nahk","14":"product_tag-kortsud","15":"product_tag-lotvunud-nahk","17":"first","18":"instock","19":"taxable","20":"shipping-taxable","21":"purchasable","22":"product-type-simple"},"_links":{"self":[{"href":"https:\/\/cutismedical.shop\/et\/wp-json\/wp\/v2\/product\/14753","targetHints":{"allow":["GET"]}}],"collection":[{"href":"https:\/\/cutismedical.shop\/et\/wp-json\/wp\/v2\/product"}],"about":[{"href":"https:\/\/cutismedical.shop\/et\/wp-json\/wp\/v2\/types\/product"}],"wp:featuredmedia":[{"embeddable":true,"href":"https:\/\/cutismedical.shop\/et\/wp-json\/wp\/v2\/media\/14749"}],"wp:attachment":[{"href":"https:\/\/cutismedical.shop\/et\/wp-json\/wp\/v2\/media?parent=14753"}],"wp:term":[{"taxonomy":"item","embeddable":true,"href":"https:\/\/cutismedical.shop\/et\/wp-json\/wp\/v2\/item?post=14753"},{"taxonomy":"product_cat","embeddable":true,"href":"https:\/\/cutismedical.shop\/et\/wp-json\/wp\/v2\/product_cat?post=14753"},{"taxonomy":"product_tag","embeddable":true,"href":"https:\/\/cutismedical.shop\/et\/wp-json\/wp\/v2\/product_tag?post=14753"}],"curies":[{"name":"wp","href":"https:\/\/api.w.org\/{rel}","templated":true}]}}