{"id":14740,"date":"2020-06-19T18:08:26","date_gmt":"2020-06-19T16:08:26","guid":{"rendered":"https:\/\/cutismedical.com\/shop\/maaratlemata\/anti-wrinkle-serum-30ml\/"},"modified":"2024-11-12T23:56:19","modified_gmt":"2024-11-12T21:56:19","slug":"anti-wrinkle-serum-30ml","status":"publish","type":"product","link":"https:\/\/cutismedical.shop\/et\/shop-es\/nahahooldus\/seerum-et-prof\/anti-wrinkle-serum-30ml\/","title":{"rendered":"ODA. KORTSUDENVASTANE seerum 30 ml \/ Kodune hooldus"},"content":{"rendered":"<p><strong>Aktiivsed komponendid<\/strong><\/p>\n<p><strong>Atset\u00fc\u00fcl oktapeptiid-3<\/strong> on peptiid, millel on botuliintoksiiniga sarnane toime kortsude n\u00e4htavuse v\u00e4hendamisel.<\/p>\n<p><strong>Tripeptiid-9 tsitrulliin<\/strong> kaitseb rakulist DNA-d vabade radikaalide negatiivse m\u00f5ju eest ja aeglustab naha rakkude vananemisprotsesse.<\/p>\n<ul>\n<li><strong>V\u00e4hendab kortsude n\u00e4htavust<\/strong><\/li>\n<li><strong>Peatab vananemist<\/strong><\/li>\n<li><strong>Kaitseb vabade radikaalide negatiivse m\u00f5ju eest<\/strong><\/li>\n<\/ul>\n<p><strong>KASUTUSJUHEND:<\/strong><\/p>\n<p>Et eemaldada lisandeid ja puhastada n\u00e4gu p\u00f5hjalikult, pese esmalt n\u00e4gu <strong>ODA Active Cleanser<\/strong>-iga. Kanna seerum puhtale n\u00e4ole hommikul ja \u00f5htul. P\u00e4rast seerumi imendumist kanna peale ODA kreem.<\/p>\n<p><strong>KOOSTIS:<\/strong><\/p>\n<p>Vesi, atset\u00fc\u00fcl oktapeptiid-3, tripeptiid-9 tsitrulliin, naatriumpol\u00fcakr\u00fclaat, h\u00fcdrogeenitud pol\u00fcdekeen, fenoks\u00fcetanool, klorofenesin, kapr\u00fc\u00fclgl\u00fckool, trideceth-6, prop\u00fcleengl\u00fckool, l\u00fcsiinvesinikkloriid, letsitiin, dimetikoon.<\/p>\n","protected":false},"excerpt":{"rendered":"<p>Seerum on loodud n\u00e4okortsude n\u00e4htavuse v\u00e4hendamiseks ja naharakkude vananemise v\u00e4ltimiseks. Seda saab kasutada nii kortsude ennetusmeetmena kui ka olemasolevate kortsude raviks. Atset\u00fc\u00fcl oktapeptiidi-3 ja tripeptiidi-9 tsitrulliini kombinatsiooni efektiivsust on kinnitanud teadusuuringud.<\/p>\n","protected":false},"featured_media":36065,"template":"","meta":{"_seopress_robots_primary_cat":"none","_seopress_titles_title":"","_seopress_titles_desc":"","_seopress_robots_index":""},"item":[1406],"product_cat":[1813,363,1910,1931,1849,1853],"product_tag":[1885],"class_list":{"0":"post-14740","1":"product","2":"type-product","3":"status-publish","4":"has-post-thumbnail","6":"item-oda-et","7":"product_cat-otstarve","8":"product_cat-seerum-et","9":"product_cat-nahahooldus","10":"product_cat-seerum-et-prof","11":"product_cat-nahahooldus-nahatuubi-jargi","12":"product_cat-kortsud","13":"product_tag-kortsud","15":"first","16":"instock","17":"taxable","18":"shipping-taxable","19":"purchasable","20":"product-type-simple"},"_links":{"self":[{"href":"https:\/\/cutismedical.shop\/et\/wp-json\/wp\/v2\/product\/14740","targetHints":{"allow":["GET"]}}],"collection":[{"href":"https:\/\/cutismedical.shop\/et\/wp-json\/wp\/v2\/product"}],"about":[{"href":"https:\/\/cutismedical.shop\/et\/wp-json\/wp\/v2\/types\/product"}],"wp:featuredmedia":[{"embeddable":true,"href":"https:\/\/cutismedical.shop\/et\/wp-json\/wp\/v2\/media\/36065"}],"wp:attachment":[{"href":"https:\/\/cutismedical.shop\/et\/wp-json\/wp\/v2\/media?parent=14740"}],"wp:term":[{"taxonomy":"item","embeddable":true,"href":"https:\/\/cutismedical.shop\/et\/wp-json\/wp\/v2\/item?post=14740"},{"taxonomy":"product_cat","embeddable":true,"href":"https:\/\/cutismedical.shop\/et\/wp-json\/wp\/v2\/product_cat?post=14740"},{"taxonomy":"product_tag","embeddable":true,"href":"https:\/\/cutismedical.shop\/et\/wp-json\/wp\/v2\/product_tag?post=14740"}],"curies":[{"name":"wp","href":"https:\/\/api.w.org\/{rel}","templated":true}]}}