{"id":14716,"date":"2020-06-19T17:53:08","date_gmt":"2020-06-19T15:53:08","guid":{"rendered":"https:\/\/cutismedical.com\/shop\/maaratlemata\/active-cleanser-with-amber-acid-200-ml\/"},"modified":"2024-11-13T00:26:44","modified_gmt":"2024-11-12T22:26:44","slug":"active-cleanser-with-amber-acid-200-ml","status":"publish","type":"product","link":"https:\/\/cutismedical.shop\/et\/shop-es\/nahahooldus\/naopuhastus-et-prof\/active-cleanser-with-amber-acid-200-ml\/","title":{"rendered":"ODA. AKTIIVNE PUHASTAJA merevaikhappega 200 ml \/ Kodune hooldus"},"content":{"rendered":"<p>\u2022 Eemaldab \u00f5rnalt mustuse (Naatriumkokoamfoatsetaat)<br \/>\n\u2022 Soodustab teiste toimeainete paremat imendumist (Merevaikhape)<br \/>\n\u2022 Taastab terve naha niiskustasakaalu (Gl\u00fckonolaktoon)<br \/>\n\u2022 Turgutab ja elavdab (Gl\u00fckonolaktoon, Merevaikhape)<\/p>\n<p>See tootesari on inspireeritud merevaigust, mida nimetatakse Baltikumi kullaks ja mis on juba ammu kuulus oma ainulaadsete omaduste poolest. <strong>Merevaikhape<\/strong>, mida hinnatakse k\u00f5rgelt professionaalse kosmeetika tootmises, toimib rakutasandil kui enneaegse naha vananemise ennetusvahend: see stimuleerib rakkudes energia tootmist, aitab taastada naha tugevust ja elastsust ning omab antioks\u00fcdantseid omadusi.<\/p>\n<p><strong>KASUTUSJUHEND:<\/strong><\/p>\n<p>Kasutage kaks korda p\u00e4evas &#8211; hommikul ja \u00f5htul. Kandke kuivale nahale ja masseerige \u00f5rnalt ringjate liigutustega 1-2 minutit. Loputage p\u00f5hjalikult veega.<\/p>\n<p><strong>KOOSTIS:<\/strong><\/p>\n<p>Vesi, Merevaikhape, Naatriumkokoamfoatsetaat, Prop\u00fcleengl\u00fckool, Gl\u00fckonolaktoon, H\u00fcdroks\u00fcet\u00fc\u00fcltselluloos, 2-broom-2-nitropropaan-1,3-diool.<\/p>\n","protected":false},"excerpt":{"rendered":"<p>Igap\u00e4evaseks n\u00e4ohoolduseks m\u00f5eldud puhastusvahend eemaldab \u00f5rnalt mustuse, puhastab poorid, tagades naha t\u00e4iusliku puhtuse. T\u00e4nu oma ainulaadsele koostisele niisutab toode mitte ainult intensiivselt nahka, vaid tungib ka epidermise s\u00fcgavamatesse kihtidesse, nii et m\u00f5ju on kiiresti m\u00e4rgatav ja tulemus kestab kaua. Sobib k\u00f5ikidele nahat\u00fc\u00fcpidele, eriti kuivale ja tundlikule nahale, mis vajab eriti \u00f5rna hooldust.<\/p>\n","protected":false},"featured_media":35773,"template":"","meta":{"_seopress_robots_primary_cat":"none","_seopress_titles_title":"","_seopress_titles_desc":"","_seopress_robots_index":""},"item":[1406],"product_cat":[1813,195,1910,1913,1849,1850,1851,1852,1853,1854,1855,1857,1858],"product_tag":[1876,1882,1891,1900,1897,1879,1888],"class_list":{"0":"post-14716","1":"product","2":"type-product","3":"status-publish","4":"has-post-thumbnail","6":"item-oda-et","7":"product_cat-otstarve","8":"product_cat-naopuhastus-et","9":"product_cat-nahahooldus","10":"product_cat-naopuhastus-et-prof","11":"product_cat-nahahooldus-nahatuubi-jargi","12":"product_cat-akne-post-akne","13":"product_cat-rasune-ja-probleemne-nahk","14":"product_cat-kuiv-veetustunud-nahk","15":"product_cat-kortsud","16":"product_cat-tundlik-nahk","17":"product_cat-kuperoos-ja-rosaatsea","18":"product_cat-pigmendilaigud","19":"product_cat-lotvunud-nahk","20":"product_tag-akne-post-akne","21":"product_tag-kuiv-veetustunud-nahk","22":"product_tag-kuperoos-ja-rosaatsea","23":"product_tag-lotvunud-nahk","24":"product_tag-pigmendilaigud","25":"product_tag-rasune-ja-probleemne-nahk","26":"product_tag-tundlik-nahk","28":"first","29":"instock","30":"taxable","31":"shipping-taxable","32":"purchasable","33":"product-type-simple"},"_links":{"self":[{"href":"https:\/\/cutismedical.shop\/et\/wp-json\/wp\/v2\/product\/14716","targetHints":{"allow":["GET"]}}],"collection":[{"href":"https:\/\/cutismedical.shop\/et\/wp-json\/wp\/v2\/product"}],"about":[{"href":"https:\/\/cutismedical.shop\/et\/wp-json\/wp\/v2\/types\/product"}],"wp:featuredmedia":[{"embeddable":true,"href":"https:\/\/cutismedical.shop\/et\/wp-json\/wp\/v2\/media\/35773"}],"wp:attachment":[{"href":"https:\/\/cutismedical.shop\/et\/wp-json\/wp\/v2\/media?parent=14716"}],"wp:term":[{"taxonomy":"item","embeddable":true,"href":"https:\/\/cutismedical.shop\/et\/wp-json\/wp\/v2\/item?post=14716"},{"taxonomy":"product_cat","embeddable":true,"href":"https:\/\/cutismedical.shop\/et\/wp-json\/wp\/v2\/product_cat?post=14716"},{"taxonomy":"product_tag","embeddable":true,"href":"https:\/\/cutismedical.shop\/et\/wp-json\/wp\/v2\/product_tag?post=14716"}],"curies":[{"name":"wp","href":"https:\/\/api.w.org\/{rel}","templated":true}]}}