{"id":14701,"date":"2020-06-19T14:27:30","date_gmt":"2020-06-19T12:27:30","guid":{"rendered":"https:\/\/cutismedical.com\/shop\/maaratlemata\/active-cleanser-with-lactic-acid-5-200ml\/"},"modified":"2024-11-13T00:29:45","modified_gmt":"2024-11-12T22:29:45","slug":"active-cleanser-with-lactic-acid-5-200ml","status":"publish","type":"product","link":"https:\/\/cutismedical.shop\/et\/shop-es\/nahahooldus\/naopuhastus-et-prof\/active-cleanser-with-lactic-acid-5-200ml\/","title":{"rendered":"ODA. AKTIIVNE PUHASTAJA PIIMHAPPEGA, 5% 200 ml"},"content":{"rendered":"<p><strong>KASUTUSJUHEND:<\/strong><\/p>\n<p><em>Kasutage kaks korda p\u00e4evas &#8211; hommikul ja \u00f5htul. Kandke kuivale nahale ja masseerige \u00f5rnalt ringjate liigutustega 1-2 minutit. Loputage p\u00f5hjalikult veega.<\/em><\/p>\n<p><em>See puhastusvahend sisaldab piimhapet, mis v\u00f5ib alguses p\u00f5hjustada s\u00fcgelust, mis tavaliselt m\u00f6\u00f6dub regulaarse kasutamise korral vastavalt juhistele. Soovitatav kasutada ka j\u00e4relhooldusena p\u00e4rast keemilist koorimist orgaaniliste hapetega, alustades 3-4 p\u00e4eva p\u00e4rast protseduuri. V\u00e4ltige silma- ja suu\u00fcmbrusesse sattumist.<\/em><\/p>\n<p><strong>KOOSTIS:<\/strong><\/p>\n<p>Vesi, piimhape, naatriumlaktat, gl\u00fckonolaktoon, prop\u00fcleengl\u00fckool, dinaatriumkokoamfodiasetaat, ksantaankumm, 2-broom-2-nitropropaan-1,3-diool.<\/p>\n","protected":false},"excerpt":{"rendered":"<p>Toode on m\u00f5eldud t\u00f5husaks naha uuendamiseks ja igap\u00e4evaseks n\u00e4opuhastuseks. See on spetsiaalselt v\u00e4lja t\u00f6\u00f6tatud kuivale, tundlikule, tuhmile v\u00f5i pigmentatsiooniga m\u00f5jutatud nahale. Piimhappe ja gl\u00fckonolaktooni orgaaniline kompleks parandab naha tekstuuri, muutes selle tugevamaks. Koostisosade kombinatsiooni t\u00f5ttu taastab puhastusvahendi pikaajaline kasutamine naha loomuliku niiskustasakaalu, pakub vananemisvastaseid eeliseid ja parandab elastsust. Sobib k\u00f5igile nahat\u00fc\u00fcpidele.<\/p>\n<p>Soovitatav kasutada ka j\u00e4relhooldusena p\u00e4rast keemilise koorimise protseduure orgaaniliste hapetega.<\/p>\n","protected":false},"featured_media":14697,"template":"","meta":{"_seopress_robots_primary_cat":"none","_seopress_titles_title":"","_seopress_titles_desc":"","_seopress_robots_index":""},"item":[1406],"product_cat":[1813,195,1910,1913,1849,1852,1854,1857],"product_tag":[1882,1897,1888],"class_list":{"0":"post-14701","1":"product","2":"type-product","3":"status-publish","4":"has-post-thumbnail","6":"item-oda-et","7":"product_cat-otstarve","8":"product_cat-naopuhastus-et","9":"product_cat-nahahooldus","10":"product_cat-naopuhastus-et-prof","11":"product_cat-nahahooldus-nahatuubi-jargi","12":"product_cat-kuiv-veetustunud-nahk","13":"product_cat-tundlik-nahk","14":"product_cat-pigmendilaigud","15":"product_tag-kuiv-veetustunud-nahk","16":"product_tag-pigmendilaigud","17":"product_tag-tundlik-nahk","19":"first","20":"instock","21":"taxable","22":"shipping-taxable","23":"purchasable","24":"product-type-simple"},"_links":{"self":[{"href":"https:\/\/cutismedical.shop\/et\/wp-json\/wp\/v2\/product\/14701","targetHints":{"allow":["GET"]}}],"collection":[{"href":"https:\/\/cutismedical.shop\/et\/wp-json\/wp\/v2\/product"}],"about":[{"href":"https:\/\/cutismedical.shop\/et\/wp-json\/wp\/v2\/types\/product"}],"wp:featuredmedia":[{"embeddable":true,"href":"https:\/\/cutismedical.shop\/et\/wp-json\/wp\/v2\/media\/14697"}],"wp:attachment":[{"href":"https:\/\/cutismedical.shop\/et\/wp-json\/wp\/v2\/media?parent=14701"}],"wp:term":[{"taxonomy":"item","embeddable":true,"href":"https:\/\/cutismedical.shop\/et\/wp-json\/wp\/v2\/item?post=14701"},{"taxonomy":"product_cat","embeddable":true,"href":"https:\/\/cutismedical.shop\/et\/wp-json\/wp\/v2\/product_cat?post=14701"},{"taxonomy":"product_tag","embeddable":true,"href":"https:\/\/cutismedical.shop\/et\/wp-json\/wp\/v2\/product_tag?post=14701"}],"curies":[{"name":"wp","href":"https:\/\/api.w.org\/{rel}","templated":true}]}}