{"id":14689,"date":"2020-06-19T14:07:00","date_gmt":"2020-06-19T12:07:00","guid":{"rendered":"https:\/\/cutismedical.com\/shop\/maaratlemata\/active-cleanser-with-glycolic-acid-10-200ml\/"},"modified":"2024-11-13T00:32:19","modified_gmt":"2024-11-12T22:32:19","slug":"active-cleanser-with-glycolic-acid-10-200ml","status":"publish","type":"product","link":"https:\/\/cutismedical.shop\/et\/shop-es\/nahahooldus\/naopuhastus-et-prof\/active-cleanser-with-glycolic-acid-10-200ml\/","title":{"rendered":"ODA. AKTIIVNE PUHASTAJA GL\u00dcKOOLHAPPEGA, 10% 200 ml"},"content":{"rendered":"<p><strong>KASUTUSJUHEND:<\/strong><\/p>\n<p>Kasutage kaks korda p\u00e4evas &#8211; hommikul ja \u00f5htul. Kandke kuivale nahale ja masseerige \u00f5rnalt ringjate liigutustega 1-2 minutit. Loputage p\u00f5hjalikult veega.<\/p>\n<p>Aktiivset puhastusvahendit gl\u00fckoolhappega v\u00f5ib kasutada ka maskina kaks korda n\u00e4dalas.<\/p>\n<p>See puhastusvahend sisaldab gl\u00fckoolhapet, mis v\u00f5ib alguses p\u00f5hjustada s\u00fcgelust, mis tavaliselt m\u00f6\u00f6dub regulaarse kasutamise korral vastavalt juhistele. Samuti soovitatakse seda kasutada hooldusvahendina p\u00e4rast keemilist koorimist, alustades 3-4 p\u00e4eva p\u00e4rast.<\/p>\n<p>V\u00e4ltige silma- ja suu\u00fcmbrusesse sattumist.<\/p>\n<p><strong>KOOSTIS:<\/strong><\/p>\n<p>Vesi, gl\u00fckoolhape, naatriumh\u00fcdroksiid, dinaatriumkokoamfodiaatsetaat, salits\u00fc\u00fclhape, isoprop\u00fc\u00fclalkohol, prop\u00fcleengl\u00fckool, gl\u00fckonolaktoon, ksantaankumm, 2-broom-2-nitropropaan-1,3-diool.<\/p>\n","protected":false},"excerpt":{"rendered":"<p>Toode on m\u00f5eldud t\u00f5husaks naha uuendamiseks ja igap\u00e4evaseks s\u00fcgavpuhastuseks. Gl\u00fckoolhappe ja gl\u00fckonolaktooni orgaaniline kompleks parandab naha tekstuuri, muutes selle tugevamaks ja suurendab naha vastupanuv\u00f5imet. Koostisosade kombinatsiooni t\u00f5ttu taastab puhastusvahendi pikaajaline kasutamine naha loomuliku niiskustasakaalu, pakub vananemisvastaseid eeliseid ja parandab elastsust. Sobib aknele kalduvale nahale.<\/p>\n","protected":false},"featured_media":14685,"template":"","meta":{"_seopress_robots_primary_cat":"none","_seopress_titles_title":"","_seopress_titles_desc":"","_seopress_robots_index":""},"item":[1406],"product_cat":[1813,195,1910,1913,1849,1850,1851,1852,1854,1857,1859],"product_tag":[1945],"class_list":{"0":"post-14689","1":"product","2":"type-product","3":"status-publish","4":"has-post-thumbnail","6":"item-oda-et","7":"product_cat-otstarve","8":"product_cat-naopuhastus-et","9":"product_cat-nahahooldus","10":"product_cat-naopuhastus-et-prof","11":"product_cat-nahahooldus-nahatuubi-jargi","12":"product_cat-akne-post-akne","13":"product_cat-rasune-ja-probleemne-nahk","14":"product_cat-kuiv-veetustunud-nahk","15":"product_cat-tundlik-nahk","16":"product_cat-pigmendilaigud","17":"product_cat-laienenud-poorid-ja-mustpead","18":"product_tag-koigile-nahatuupidele","20":"first","21":"instock","22":"taxable","23":"shipping-taxable","24":"purchasable","25":"product-type-simple"},"_links":{"self":[{"href":"https:\/\/cutismedical.shop\/et\/wp-json\/wp\/v2\/product\/14689","targetHints":{"allow":["GET"]}}],"collection":[{"href":"https:\/\/cutismedical.shop\/et\/wp-json\/wp\/v2\/product"}],"about":[{"href":"https:\/\/cutismedical.shop\/et\/wp-json\/wp\/v2\/types\/product"}],"wp:featuredmedia":[{"embeddable":true,"href":"https:\/\/cutismedical.shop\/et\/wp-json\/wp\/v2\/media\/14685"}],"wp:attachment":[{"href":"https:\/\/cutismedical.shop\/et\/wp-json\/wp\/v2\/media?parent=14689"}],"wp:term":[{"taxonomy":"item","embeddable":true,"href":"https:\/\/cutismedical.shop\/et\/wp-json\/wp\/v2\/item?post=14689"},{"taxonomy":"product_cat","embeddable":true,"href":"https:\/\/cutismedical.shop\/et\/wp-json\/wp\/v2\/product_cat?post=14689"},{"taxonomy":"product_tag","embeddable":true,"href":"https:\/\/cutismedical.shop\/et\/wp-json\/wp\/v2\/product_tag?post=14689"}],"curies":[{"name":"wp","href":"https:\/\/api.w.org\/{rel}","templated":true}]}}