{"id":14668,"date":"2020-06-19T12:59:46","date_gmt":"2020-06-19T10:59:46","guid":{"rendered":"https:\/\/cutismedical.com\/shop\/maaratlemata\/mc-melanopeel-pack-5-products\/"},"modified":"2024-12-25T14:32:28","modified_gmt":"2024-12-25T12:32:28","slug":"mc-melanopeel-pack-5-products","status":"publish","type":"product","link":"https:\/\/cutismedical.shop\/et\/shop-es\/keemilised-piilingud-et\/mc-melanopeel-pack-5-products\/","title":{"rendered":"MC Melanopeel KOMPLEKT (5 toodet)"},"content":{"rendered":"<p><strong>MelanoPEEL<\/strong> on paikne depigmenteeriv ravi, mis on m\u00f5eldud melaniinist p\u00e4ritolu nahalaikude v\u00e4hendamiseks ja k\u00f5rvaldamiseks epidermises. MelanoPEEL-i aktiivained aitavad blokeerida melaniini tootmist ja v\u00e4hendada melaniinist p\u00e4ritolu laike epidermises, puhastades ja noorendades nahka.<\/p>\n<p>Samal ajal hoiab toode \u00e4ra naha vananemise, suurendab surnud rakkude koorumist ja stimuleerib kollageeni tootmist. Maksimaalse efektiivsuse saavutamiseks kombineerib see s\u00fcnergiliselt erinevaid valgendavaid aineid, mis p\u00e4rsivad melanogeneesi protsessi erinevates etappides, blokeerides melaniini tootmist. Lisaks sisaldab see koorivaid aineid, mis kiirendavad rakkude uuenemise protsessi ja tekitavad epidermise deskvamatsiooni, eemaldades keratinots\u00fc\u00fctides leiduva melaniini ja helendades nahatooni.<\/p>\n<p>Depigmenteerivate toimeainete kombinatsioon antioks\u00fcdantide ja vabade radikaalide vastaste ainetega puhastab ja noorendab nahka ning stimuleerib kollageeni tootmist.<\/p>\n<p>P\u00e4ikesefiltrite lisamine tagab pikaajalised tulemused, hoides \u00e4ra laikude kordumise.<\/p>\n<p><strong>SOOVITATAV KASUTAMISEKS:<\/strong><\/p>\n<ul>\n<li>Laigud<\/li>\n<li>Kollageeni tootmine<\/li>\n<li>Naha noorendamine<\/li>\n<\/ul>\n","protected":false},"excerpt":{"rendered":"<h4><span style=\"color: #ed1c24;\"><strong>Ei ole mu\u0308u\u0308giks ELis!<\/strong><\/span><\/h4>\n<p><strong>MELANOPEEL ON T\u00d5HUS JA TURVALINE LAHENDUS MELANIINIST P\u00c4RITOLU PIGMENTATSIOONI V\u00c4HENDAMISEKS JA K\u00d5RVALDAMISEKS<\/strong><\/p>\n<p><strong>ESITLUS<\/strong><\/p>\n<ul>\n<li>MelanoPEEL Mask 15 g<\/li>\n<li>MelanoPEEL Kreem 30 g<\/li>\n<li>Niisutav kreem 50 g<\/li>\n<li>Rasvaeemalduslahus 10 ml<\/li>\n<li>Eelt\u00f6\u00f6tluslahus 10 ml<\/li>\n<\/ul>\n","protected":false},"featured_media":14665,"template":"","meta":{"_seopress_robots_primary_cat":"none","_seopress_titles_title":"","_seopress_titles_desc":"","_seopress_robots_index":""},"item":[1149],"product_cat":[153],"product_tag":[1900,1897],"class_list":{"0":"post-14668","1":"product","2":"type-product","3":"status-publish","4":"has-post-thumbnail","6":"item-mccosmetics-et","7":"product_cat-keemilised-piilingud-et","8":"product_tag-lotvunud-nahk","9":"product_tag-pigmendilaigud","10":"pa_product_main_cat-professionaalne-hooldus","12":"first","13":"instock","14":"taxable","15":"shipping-taxable","16":"purchasable","17":"product-type-simple"},"_links":{"self":[{"href":"https:\/\/cutismedical.shop\/et\/wp-json\/wp\/v2\/product\/14668","targetHints":{"allow":["GET"]}}],"collection":[{"href":"https:\/\/cutismedical.shop\/et\/wp-json\/wp\/v2\/product"}],"about":[{"href":"https:\/\/cutismedical.shop\/et\/wp-json\/wp\/v2\/types\/product"}],"wp:featuredmedia":[{"embeddable":true,"href":"https:\/\/cutismedical.shop\/et\/wp-json\/wp\/v2\/media\/14665"}],"wp:attachment":[{"href":"https:\/\/cutismedical.shop\/et\/wp-json\/wp\/v2\/media?parent=14668"}],"wp:term":[{"taxonomy":"item","embeddable":true,"href":"https:\/\/cutismedical.shop\/et\/wp-json\/wp\/v2\/item?post=14668"},{"taxonomy":"product_cat","embeddable":true,"href":"https:\/\/cutismedical.shop\/et\/wp-json\/wp\/v2\/product_cat?post=14668"},{"taxonomy":"product_tag","embeddable":true,"href":"https:\/\/cutismedical.shop\/et\/wp-json\/wp\/v2\/product_tag?post=14668"}],"curies":[{"name":"wp","href":"https:\/\/api.w.org\/{rel}","templated":true}]}}