{"id":14656,"date":"2020-06-19T12:25:20","date_gmt":"2020-06-19T10:25:20","guid":{"rendered":"https:\/\/cutismedical.com\/shop\/maaratlemata\/mc-melanopeel-professional-3-products\/"},"modified":"2024-12-25T14:37:06","modified_gmt":"2024-12-25T12:37:06","slug":"mc-melanopeel-professional-3-products","status":"publish","type":"product","link":"https:\/\/cutismedical.shop\/et\/shop-es\/keemilised-piilingud-et\/mc-melanopeel-professional-3-products\/","title":{"rendered":"MC MelanoPEEL Professional (3 toodet)"},"content":{"rendered":"<p><strong>SOOVITATAV KASUTAMISEKS:<\/strong><\/p>\n<ul>\n<li>Tumedad laigud<\/li>\n<li>Melasma<\/li>\n<\/ul>\n<p><strong>ESITLUS<\/strong><\/p>\n<ul>\n<li>MelanoPEEL Mask 15 g<\/li>\n<li>Rasvaeemalduslahus 10 ml<\/li>\n<li>Eelt\u00f6\u00f6tluslahus 10 ml<\/li>\n<\/ul>\n","protected":false},"excerpt":{"rendered":"<h4><span style=\"color: #ed1c24;\"><strong>Ei ole mu\u0308u\u0308giks ELis!<\/strong><\/span><\/h4>\n<p><strong>MelanoPEEL Professional<\/strong> sisaldab kolme olulist toodet, mis on m\u00f5eldud ainult professionaalseks kasutamiseks selles paikse depigmenteeriva ravi raames: puhastuslahus, mis eemaldab k\u00f5ik naha mustuse ja saasteained, rasvaeemalduslahus aktiivsete komponentidega eelkoorimiseks, et pakkuda naha pinnal valgendavat ja koorivat toimet, valmistades seda ette MelanoPEEL maski k\u00f5igi eeliste vastuv\u00f5tmiseks, mis tagab kolmekordse toime: depigmentatsioon, koorimine ja antioks\u00fcdantne\/taastav m\u00f5ju.<\/p>\n","protected":false},"featured_media":14653,"template":"","meta":{"_seopress_robots_primary_cat":"none","_seopress_titles_title":"","_seopress_titles_desc":"","_seopress_robots_index":""},"item":[1149],"product_cat":[153],"product_tag":[1897],"class_list":{"0":"post-14656","1":"product","2":"type-product","3":"status-publish","4":"has-post-thumbnail","6":"item-mccosmetics-et","7":"product_cat-keemilised-piilingud-et","8":"product_tag-pigmendilaigud","9":"pa_product_main_cat-professionaalne-hooldus","11":"first","12":"instock","13":"taxable","14":"shipping-taxable","15":"purchasable","16":"product-type-simple"},"_links":{"self":[{"href":"https:\/\/cutismedical.shop\/et\/wp-json\/wp\/v2\/product\/14656","targetHints":{"allow":["GET"]}}],"collection":[{"href":"https:\/\/cutismedical.shop\/et\/wp-json\/wp\/v2\/product"}],"about":[{"href":"https:\/\/cutismedical.shop\/et\/wp-json\/wp\/v2\/types\/product"}],"wp:featuredmedia":[{"embeddable":true,"href":"https:\/\/cutismedical.shop\/et\/wp-json\/wp\/v2\/media\/14653"}],"wp:attachment":[{"href":"https:\/\/cutismedical.shop\/et\/wp-json\/wp\/v2\/media?parent=14656"}],"wp:term":[{"taxonomy":"item","embeddable":true,"href":"https:\/\/cutismedical.shop\/et\/wp-json\/wp\/v2\/item?post=14656"},{"taxonomy":"product_cat","embeddable":true,"href":"https:\/\/cutismedical.shop\/et\/wp-json\/wp\/v2\/product_cat?post=14656"},{"taxonomy":"product_tag","embeddable":true,"href":"https:\/\/cutismedical.shop\/et\/wp-json\/wp\/v2\/product_tag?post=14656"}],"curies":[{"name":"wp","href":"https:\/\/api.w.org\/{rel}","templated":true}]}}