{"id":14582,"date":"2020-06-19T09:12:34","date_gmt":"2020-06-19T07:12:34","guid":{"rendered":"https:\/\/cutismedical.com\/shop\/maaratlemata\/mc-venolaureth-102ml\/"},"modified":"2024-11-13T01:23:12","modified_gmt":"2024-11-12T23:23:12","slug":"mc-venolaureth-102ml","status":"publish","type":"product","link":"https:\/\/cutismedical.shop\/et\/shop-es\/mesoteraapia-et\/nagu-et\/mc-venolaureth-102ml\/","title":{"rendered":"MC Venolaureth (10*2 ml.)"},"content":{"rendered":"<p><strong>SOOVITATUD KASUTAMISEKS<\/strong><br \/>\nSkleroos<br \/>\nVeresoonte \u00e4mblikud<br \/>\nKuperoosa<\/p>\n<p><strong>AKTIIVSED KOOSTISOSAD:<\/strong> Laureth<\/p>\n<p><strong>KASUTAMISE VIIS:<\/strong> Elektroporatsioon, iontoforees, ultraheli, termoteraapia, vaakumteraapia, pidev galvaniseeritud vool, dermaroller jne.<\/p>\n","protected":false},"excerpt":{"rendered":"<h4><span style=\"color: #ed1c24;\"><strong>Ei ole mu\u0308u\u0308giks ELis!<\/strong><\/span><\/h4>\n<h4><strong>KIRJELDUS<\/strong><\/h4>\n<p>Venolaureth ampullid sisaldavad koostisosi, mis aitavad hoida vett l\u00e4bi sarvkihist, aidates niisutada lipiidkihti ja epidermist. See p\u00f5hjustab veenide oklusiooni, v\u00e4hendades veenilaiendite v\u00e4limust. Suurep\u00e4rane abivahend skleroosi, veresoonte \u00e4mblikuv\u00f5rkude ja kuperoosa raviks.<\/p>\n","protected":false},"featured_media":30508,"template":"","meta":{"_seopress_robots_primary_cat":"none","_seopress_titles_title":"","_seopress_titles_desc":"","_seopress_robots_index":""},"item":[1149],"product_cat":[155,1188,1863],"product_tag":[1891],"class_list":{"0":"post-14582","1":"product","2":"type-product","3":"status-publish","4":"has-post-thumbnail","6":"item-mccosmetics-et","7":"product_cat-mesoteraapia-et","8":"product_cat-nagu-et","9":"product_cat-rosaatsea-vastane-veresoonte-mesoteraapia","10":"product_tag-kuperoos-ja-rosaatsea","11":"pa_product_main_cat-professionaalne-hooldus","13":"first","14":"instock","15":"taxable","16":"shipping-taxable","17":"purchasable","18":"product-type-simple"},"_links":{"self":[{"href":"https:\/\/cutismedical.shop\/et\/wp-json\/wp\/v2\/product\/14582","targetHints":{"allow":["GET"]}}],"collection":[{"href":"https:\/\/cutismedical.shop\/et\/wp-json\/wp\/v2\/product"}],"about":[{"href":"https:\/\/cutismedical.shop\/et\/wp-json\/wp\/v2\/types\/product"}],"wp:featuredmedia":[{"embeddable":true,"href":"https:\/\/cutismedical.shop\/et\/wp-json\/wp\/v2\/media\/30508"}],"wp:attachment":[{"href":"https:\/\/cutismedical.shop\/et\/wp-json\/wp\/v2\/media?parent=14582"}],"wp:term":[{"taxonomy":"item","embeddable":true,"href":"https:\/\/cutismedical.shop\/et\/wp-json\/wp\/v2\/item?post=14582"},{"taxonomy":"product_cat","embeddable":true,"href":"https:\/\/cutismedical.shop\/et\/wp-json\/wp\/v2\/product_cat?post=14582"},{"taxonomy":"product_tag","embeddable":true,"href":"https:\/\/cutismedical.shop\/et\/wp-json\/wp\/v2\/product_tag?post=14582"}],"curies":[{"name":"wp","href":"https:\/\/api.w.org\/{rel}","templated":true}]}}