{"id":14573,"date":"2020-06-19T09:04:20","date_gmt":"2020-06-19T07:04:20","guid":{"rendered":"https:\/\/cutismedical.com\/shop\/maaratlemata\/mc-vitamin-c-510ml\/"},"modified":"2024-11-13T01:26:57","modified_gmt":"2024-11-12T23:26:57","slug":"mc-vitamin-c-510ml","status":"publish","type":"product","link":"https:\/\/cutismedical.shop\/et\/shop-es\/mesoteraapia-et\/nagu-et\/mc-vitamin-c-510ml\/","title":{"rendered":"MC Vitamin C (10*5 ml)"},"content":{"rendered":"<h4>SOOVITATUD KASUTAMISEKS Kortse Nahk vananemine H\u00fcperpigmentatsioon Laigud<\/h4>\n<p> <strong>AKTIIVSED KOOSTISOSAD:<\/strong> C-vitamiin<\/p>\n","protected":false},"excerpt":{"rendered":"<h4><span style=\"color: #ed1c24;\"><strong>Ei ole mu\u0308u\u0308giks ELis!<\/strong><\/span><\/h4>\n<p><strong>Kirjeldus<\/strong><strong>:<\/strong><\/p>\n<p>C-vitamiini ampullide koostisosad on elustav ja antioks\u00fcdantne lahus, mis neutraliseerib vabu radikaale, p\u00e4rsib melaniini tootmist, suurendab kollageeni s\u00fcnteesi ja naha elastsust. See lahus on n\u00e4idustatud fotovananemise, naha ebakorrap\u00e4rasuste raviks ja ennetamiseks ning kortsude v\u00e4hendamiseks, andes nahale noorema ja s\u00e4ravama v\u00e4limuse.<\/p>\n","protected":false},"featured_media":14570,"template":"","meta":{"_seopress_robots_primary_cat":"none","_seopress_titles_title":"","_seopress_titles_desc":"","_seopress_robots_index":""},"item":[1149],"product_cat":[155,1188,1863,1867],"product_tag":[1876,1891,1903],"class_list":{"0":"post-14573","1":"product","2":"type-product","3":"status-publish","4":"has-post-thumbnail","6":"item-mccosmetics-et","7":"product_cat-mesoteraapia-et","8":"product_cat-nagu-et","9":"product_cat-rosaatsea-vastane-veresoonte-mesoteraapia","10":"product_cat-post-akne-et","11":"product_tag-akne-post-akne","12":"product_tag-kuperoos-ja-rosaatsea","13":"product_tag-laienenud-poorid-ja-mustpead","14":"pa_product_main_cat-professionaalne-hooldus","16":"first","17":"instock","18":"taxable","19":"shipping-taxable","20":"purchasable","21":"product-type-simple"},"_links":{"self":[{"href":"https:\/\/cutismedical.shop\/et\/wp-json\/wp\/v2\/product\/14573","targetHints":{"allow":["GET"]}}],"collection":[{"href":"https:\/\/cutismedical.shop\/et\/wp-json\/wp\/v2\/product"}],"about":[{"href":"https:\/\/cutismedical.shop\/et\/wp-json\/wp\/v2\/types\/product"}],"wp:featuredmedia":[{"embeddable":true,"href":"https:\/\/cutismedical.shop\/et\/wp-json\/wp\/v2\/media\/14570"}],"wp:attachment":[{"href":"https:\/\/cutismedical.shop\/et\/wp-json\/wp\/v2\/media?parent=14573"}],"wp:term":[{"taxonomy":"item","embeddable":true,"href":"https:\/\/cutismedical.shop\/et\/wp-json\/wp\/v2\/item?post=14573"},{"taxonomy":"product_cat","embeddable":true,"href":"https:\/\/cutismedical.shop\/et\/wp-json\/wp\/v2\/product_cat?post=14573"},{"taxonomy":"product_tag","embeddable":true,"href":"https:\/\/cutismedical.shop\/et\/wp-json\/wp\/v2\/product_tag?post=14573"}],"curies":[{"name":"wp","href":"https:\/\/api.w.org\/{rel}","templated":true}]}}