{"id":14464,"date":"2020-06-17T12:46:14","date_gmt":"2020-06-17T10:46:14","guid":{"rendered":"https:\/\/cutismedical.com\/shop\/maaratlemata\/mc-hexapeptide-mask%e2%80%8b-12pcs\/"},"modified":"2024-12-24T18:13:38","modified_gmt":"2024-12-24T16:13:38","slug":"mc-hexapeptide-mask-12pcs","status":"publish","type":"product","link":"https:\/\/cutismedical.shop\/et\/shop-es\/nahahooldus\/maskid-et-prof\/mc-hexapeptide-mask-12pcs\/","title":{"rendered":"MC Hexapeptide Mask\u200b (12 tk.)"},"content":{"rendered":"<p>PEAMISED KOOSTISOSAD<br \/>\nAtset\u00fc\u00fclheksapeptiid-8,<br \/>\nNaatriumh\u00fcaluronaat,<br \/>\nGinkgo biloba lehe ekstrakt,<br \/>\nHobukastani ekstrakt<\/p>\n<p>KASUTAMINE<br \/>\n1- Puhastage nahk;<br \/>\n2- Avage pakk;<br \/>\n3- Eemaldage heksapeptiidi mask ja asetage see kogu n\u00e4ole, kinnitades k\u00f5rvade taha.<\/p>\n<p>SOOVITATUD KASUTAMISEKS<br \/>\nK\u00f5ik nahat\u00fc\u00fcbid<\/p>\n","protected":false},"excerpt":{"rendered":"<p>Heksapeptiidi mask aitab v\u00e4hendada miimilisi kortse, tekitab jahutava efekti nahale ning soodustab naha pinguldumist ja loomulikku s\u00e4ra.<\/p>\n<p>ESITLUS<br \/>\n20 ml \u00fchiku kohta<br \/>\n12 tk.<\/p>\n","protected":false},"featured_media":14461,"template":"","meta":{"_seopress_robots_primary_cat":"none","_seopress_titles_title":"","_seopress_titles_desc":"","_seopress_robots_index":""},"item":[1149],"product_cat":[1813,152,1910,1919,1849,1853,1858],"product_tag":[1885,1900],"class_list":{"0":"post-14464","1":"product","2":"type-product","3":"status-publish","4":"has-post-thumbnail","6":"item-mccosmetics-et","7":"product_cat-otstarve","8":"product_cat-maskid-et","9":"product_cat-nahahooldus","10":"product_cat-maskid-et-prof","11":"product_cat-nahahooldus-nahatuubi-jargi","12":"product_cat-kortsud","13":"product_cat-lotvunud-nahk","14":"product_tag-kortsud","15":"product_tag-lotvunud-nahk","17":"first","18":"instock","19":"taxable","20":"shipping-taxable","21":"purchasable","22":"product-type-simple"},"_links":{"self":[{"href":"https:\/\/cutismedical.shop\/et\/wp-json\/wp\/v2\/product\/14464","targetHints":{"allow":["GET"]}}],"collection":[{"href":"https:\/\/cutismedical.shop\/et\/wp-json\/wp\/v2\/product"}],"about":[{"href":"https:\/\/cutismedical.shop\/et\/wp-json\/wp\/v2\/types\/product"}],"wp:featuredmedia":[{"embeddable":true,"href":"https:\/\/cutismedical.shop\/et\/wp-json\/wp\/v2\/media\/14461"}],"wp:attachment":[{"href":"https:\/\/cutismedical.shop\/et\/wp-json\/wp\/v2\/media?parent=14464"}],"wp:term":[{"taxonomy":"item","embeddable":true,"href":"https:\/\/cutismedical.shop\/et\/wp-json\/wp\/v2\/item?post=14464"},{"taxonomy":"product_cat","embeddable":true,"href":"https:\/\/cutismedical.shop\/et\/wp-json\/wp\/v2\/product_cat?post=14464"},{"taxonomy":"product_tag","embeddable":true,"href":"https:\/\/cutismedical.shop\/et\/wp-json\/wp\/v2\/product_tag?post=14464"}],"curies":[{"name":"wp","href":"https:\/\/api.w.org\/{rel}","templated":true}]}}