{"id":14455,"date":"2020-06-17T12:37:45","date_gmt":"2020-06-17T10:37:45","guid":{"rendered":"https:\/\/cutismedical.com\/shop\/maaratlemata\/mc-vitamin-c-mask-6-pcs\/"},"modified":"2024-11-13T01:55:52","modified_gmt":"2024-11-12T23:55:52","slug":"mc-vitamin-c-mask-6-pcs","status":"publish","type":"product","link":"https:\/\/cutismedical.shop\/et\/shop-es\/nahahooldus\/maskid-et-prof\/mc-vitamin-c-mask-6-pcs\/","title":{"rendered":"MC Vitamin C Mask (6 tk.*20 ml.)"},"content":{"rendered":"<p>PEAMISED KOOSTISOSAD<br \/>\nC-vitamiin (antioks\u00fcdant)<br \/>\nH\u00fcaluroonhape (suur niisutus- ja taastamisv\u00f5ime)<br \/>\nDMAE (pinguldav efekt)<\/p>\n<p>KASUTAMINE<br \/>\n1- Puhastage nahk;<br \/>\n2- Avage pakk;<br \/>\n3- Eemaldage C-vitamiini mask ja asetage see kogu n\u00e4ole, kinnitades k\u00f5rvade taha.<\/p>\n<p>M\u00c4RKUS: Tulemuste parandamiseks v\u00f5ite enne maski pealekandmist kanda nahale \u00fche ampulli.<\/p>\n<p>SOOVITATUD KASUTAMISEKS<br \/>\nK\u00f5ik nahat\u00fc\u00fcbid<br \/>\nTundlik nahk<br \/>\nRasune nahk v\u00f5i aknele kalduv nahk<\/p>\n","protected":false},"excerpt":{"rendered":"<h4><span style=\"color: #ed1c24;\"><strong>Ei ole mu\u0308u\u0308giks ELis!<\/strong><\/span><\/h4>\n<p>Tugeva antioks\u00fcdantse ja valgendava toimega mask ennetab fotovananemist ja pigmentatsiooni. Kaitseb vabade radikaalide tekke eest, mis on p\u00f5hjustatud oks\u00fcdatiivsest stressist, saastest, suitsetamisest ja UV-kiirgusest, mis p\u00f5hjustavad kortse. Muudab naha s\u00e4ravamaks ja eemaldab v\u00e4simuse m\u00e4rgid.<\/p>\n<p>ESITLUS<br \/>\n20 ml \u00fchiku kohta<br \/>\n6 \u00fchikut pakis<\/p>\n","protected":false},"featured_media":30530,"template":"","meta":{"_seopress_robots_primary_cat":"none","_seopress_titles_title":"","_seopress_titles_desc":"","_seopress_robots_index":""},"item":[1149],"product_cat":[1813,152,1910,1919,1849,1851,1854],"product_tag":[1879,1888],"class_list":{"0":"post-14455","1":"product","2":"type-product","3":"status-publish","4":"has-post-thumbnail","6":"item-mccosmetics-et","7":"product_cat-otstarve","8":"product_cat-maskid-et","9":"product_cat-nahahooldus","10":"product_cat-maskid-et-prof","11":"product_cat-nahahooldus-nahatuubi-jargi","12":"product_cat-rasune-ja-probleemne-nahk","13":"product_cat-tundlik-nahk","14":"product_tag-rasune-ja-probleemne-nahk","15":"product_tag-tundlik-nahk","17":"first","18":"instock","19":"taxable","20":"shipping-taxable","21":"purchasable","22":"product-type-simple"},"_links":{"self":[{"href":"https:\/\/cutismedical.shop\/et\/wp-json\/wp\/v2\/product\/14455","targetHints":{"allow":["GET"]}}],"collection":[{"href":"https:\/\/cutismedical.shop\/et\/wp-json\/wp\/v2\/product"}],"about":[{"href":"https:\/\/cutismedical.shop\/et\/wp-json\/wp\/v2\/types\/product"}],"wp:featuredmedia":[{"embeddable":true,"href":"https:\/\/cutismedical.shop\/et\/wp-json\/wp\/v2\/media\/30530"}],"wp:attachment":[{"href":"https:\/\/cutismedical.shop\/et\/wp-json\/wp\/v2\/media?parent=14455"}],"wp:term":[{"taxonomy":"item","embeddable":true,"href":"https:\/\/cutismedical.shop\/et\/wp-json\/wp\/v2\/item?post=14455"},{"taxonomy":"product_cat","embeddable":true,"href":"https:\/\/cutismedical.shop\/et\/wp-json\/wp\/v2\/product_cat?post=14455"},{"taxonomy":"product_tag","embeddable":true,"href":"https:\/\/cutismedical.shop\/et\/wp-json\/wp\/v2\/product_tag?post=14455"}],"curies":[{"name":"wp","href":"https:\/\/api.w.org\/{rel}","templated":true}]}}