{"id":14413,"date":"2020-06-17T11:36:19","date_gmt":"2020-06-17T09:36:19","guid":{"rendered":"https:\/\/cutismedical.com\/shop\/maaratlemata\/mc-tprx-acid-510ml\/"},"modified":"2024-11-13T02:32:54","modified_gmt":"2024-11-13T00:32:54","slug":"mc-tprx-acid-510ml","status":"publish","type":"product","link":"https:\/\/cutismedical.shop\/et\/shop-es\/keemilised-piilingud-et\/mc-tprx-acid-510ml\/","title":{"rendered":"MC TPRX Acid (5*10 ml.) \/ koorija"},"content":{"rendered":"<p>Nahk muutub siledamaks ja \u00fchtlasemaks. Veelgi h\u00e4mmastavam on see, et tulemused on n\u00e4htavad juba esimesest protseduurist alates, eriti v\u00e4ljenduskortsu piirkonnas.<\/p>\n<p>Lisaks sobib see v\u00e4ljenduskortsude raviks ning on soovitatav paikseks kasutamiseks p\u00e4ikeselaikude, melasma ja armide puhul.<\/p>\n<p>Soovitatav:<\/p>\n<p>Vananev nahk<br \/>\nV\u00e4ljenduskortsud<br \/>\nP\u00e4ikeselaigud<br \/>\nMelasma<br \/>\nArmistumine<br \/>\nMccosmetics \u2013 Ilumaailma raputades<\/p>\n","protected":false},"excerpt":{"rendered":"<p><span style=\"color: #ed1c24;\"><strong>Ei ole mu\u0308u\u0308giks ELis!<\/strong><\/span><\/p>\n<p>Mccosmetics soovitab TPRX.<\/p>\n<p>T\u00e4nu oma unikaalsele koostisele toimib lahus v\u00e4ga kiiresti ja peaaegu koheselt, tungib dermisesse, aktiveerides naha uuenemise ja regeneratsiooni, kahjustamata epidermist.<\/p>\n<p>See t\u00e4hendab, et see mitte ainult ei eemalda kare nahk, vaid tungib s\u00fcgavale sisse, toimides epidermise nahakihis kuni basaalkihini, stimuleerides seda aktiivselt uuenema ja taastuma.<\/p>\n<p>Koostis<\/p>\n<p>TPRX peamised koostisosad on viinhape, \u03b1-Arbutiin, kojiinhape ja vesinikperoksiid. See on v\u00e4ga t\u00f5hus vananeva naha hoolduses, kuna sellel on tugev pinguldav toime.<\/p>\n","protected":false},"featured_media":14410,"template":"","meta":{"_seopress_robots_primary_cat":"none","_seopress_titles_title":"","_seopress_titles_desc":"","_seopress_robots_index":""},"item":[1149],"product_cat":[153],"product_tag":[1876,1885,1903,1900,1897],"class_list":{"0":"post-14413","1":"product","2":"type-product","3":"status-publish","4":"has-post-thumbnail","6":"item-mccosmetics-et","7":"product_cat-keemilised-piilingud-et","8":"product_tag-akne-post-akne","9":"product_tag-kortsud","10":"product_tag-laienenud-poorid-ja-mustpead","11":"product_tag-lotvunud-nahk","12":"product_tag-pigmendilaigud","13":"pa_product_main_cat-professionaalne-hooldus","14":"pa_register_only-register_price","15":"pa_register_only-new_regular_price","17":"first","18":"instock","19":"taxable","20":"shipping-taxable","21":"purchasable","22":"product-type-simple"},"_links":{"self":[{"href":"https:\/\/cutismedical.shop\/et\/wp-json\/wp\/v2\/product\/14413","targetHints":{"allow":["GET"]}}],"collection":[{"href":"https:\/\/cutismedical.shop\/et\/wp-json\/wp\/v2\/product"}],"about":[{"href":"https:\/\/cutismedical.shop\/et\/wp-json\/wp\/v2\/types\/product"}],"wp:featuredmedia":[{"embeddable":true,"href":"https:\/\/cutismedical.shop\/et\/wp-json\/wp\/v2\/media\/14410"}],"wp:attachment":[{"href":"https:\/\/cutismedical.shop\/et\/wp-json\/wp\/v2\/media?parent=14413"}],"wp:term":[{"taxonomy":"item","embeddable":true,"href":"https:\/\/cutismedical.shop\/et\/wp-json\/wp\/v2\/item?post=14413"},{"taxonomy":"product_cat","embeddable":true,"href":"https:\/\/cutismedical.shop\/et\/wp-json\/wp\/v2\/product_cat?post=14413"},{"taxonomy":"product_tag","embeddable":true,"href":"https:\/\/cutismedical.shop\/et\/wp-json\/wp\/v2\/product_tag?post=14413"}],"curies":[{"name":"wp","href":"https:\/\/api.w.org\/{rel}","templated":true}]}}