{"id":14373,"date":"2020-06-16T22:31:33","date_gmt":"2020-06-16T20:31:33","guid":{"rendered":"https:\/\/cutismedical.com\/shop\/maaratlemata\/mc-coffee-cream-200ml\/"},"modified":"2025-10-27T14:16:36","modified_gmt":"2025-10-27T12:16:36","slug":"mc-coffee-cream-200ml","status":"publish","type":"product","link":"https:\/\/cutismedical.shop\/et\/shop-es\/nahahooldus\/keha-et-prof\/mc-coffee-cream-200ml\/","title":{"rendered":"MC Kohvikreem 200 ml \/ Lipol\u00fc\u00fctiline"},"content":{"rendered":"<p><strong>Soovitatav<\/strong><br \/>\nSobib rasvade ja tselluliidi v\u00e4hendamiseks. Kofeiinikreemi aktiivkomponent omab lipol\u00fc\u00fctilisi ja tselluliidivastaseid omadusi. Soodustab rasvade ainevahetust rasvkoes, s\u00e4ilitades ja parandades naha elastsust.<\/p>\n<p><strong>Aktiivsed koostisosad<\/strong><br \/>\nH\u00fcaluronidaas<br \/>\nKofeiin<br \/>\nAasia centella<br \/>\nFucus vesiculosus<\/p>\n","protected":false},"excerpt":{"rendered":"<p>Modelleerimiskreem, mis sisaldab aktiivseid koostisosi, mis v\u00e4hendavad rasva ja adipots\u00fc\u00fcte. Samuti parandab liigse vedeliku \u00e4ravoolu ja k\u00f5rvaldab veepeetuse.<\/p>\n","protected":false},"featured_media":14371,"template":"","meta":{"_seopress_robots_primary_cat":"none","_seopress_titles_title":"","_seopress_titles_desc":"","_seopress_robots_index":""},"item":[1149],"product_cat":[1813,366,1910,1940,1849,1860],"product_tag":[1906],"class_list":{"0":"post-14373","1":"product","2":"type-product","3":"status-publish","4":"has-post-thumbnail","6":"item-mccosmetics-et","7":"product_cat-otstarve","8":"product_cat-keha-et","9":"product_cat-nahahooldus","10":"product_cat-keha-et-prof","11":"product_cat-nahahooldus-nahatuubi-jargi","12":"product_cat-tselluliit","13":"product_tag-tselluliit","14":"pa_product_main_cat-kodune-hooldus","15":"pa_product_main_cat-professionaalne-hooldus","16":"pa_register_only-register_price","17":"pa_register_only-new_regular_price","19":"first","20":"instock","21":"taxable","22":"shipping-taxable","23":"purchasable","24":"product-type-simple"},"_links":{"self":[{"href":"https:\/\/cutismedical.shop\/et\/wp-json\/wp\/v2\/product\/14373","targetHints":{"allow":["GET"]}}],"collection":[{"href":"https:\/\/cutismedical.shop\/et\/wp-json\/wp\/v2\/product"}],"about":[{"href":"https:\/\/cutismedical.shop\/et\/wp-json\/wp\/v2\/types\/product"}],"wp:featuredmedia":[{"embeddable":true,"href":"https:\/\/cutismedical.shop\/et\/wp-json\/wp\/v2\/media\/14371"}],"wp:attachment":[{"href":"https:\/\/cutismedical.shop\/et\/wp-json\/wp\/v2\/media?parent=14373"}],"wp:term":[{"taxonomy":"item","embeddable":true,"href":"https:\/\/cutismedical.shop\/et\/wp-json\/wp\/v2\/item?post=14373"},{"taxonomy":"product_cat","embeddable":true,"href":"https:\/\/cutismedical.shop\/et\/wp-json\/wp\/v2\/product_cat?post=14373"},{"taxonomy":"product_tag","embeddable":true,"href":"https:\/\/cutismedical.shop\/et\/wp-json\/wp\/v2\/product_tag?post=14373"}],"curies":[{"name":"wp","href":"https:\/\/api.w.org\/{rel}","templated":true}]}}