{"id":14140,"date":"2020-06-04T17:47:12","date_gmt":"2020-06-04T15:47:12","guid":{"rendered":"https:\/\/cutismedical.com\/shop\/maaratlemata\/dermalax-deep-plus-11-1ml\/"},"modified":"2024-11-13T03:07:51","modified_gmt":"2024-11-13T01:07:51","slug":"dermalax-deep-plus-11-1ml__trashed","status":"publish","type":"product","link":"https:\/\/cutismedical.shop\/et\/shop-es\/fillerid-et\/dermalax-deep-plus-11-1ml__trashed\/","title":{"rendered":"Dermalax DEEP PLUS (1*1.1 \u043c\u043b)"},"content":{"rendered":"<div>Dermalax toimib, lisades mahu n\u00e4okudedesse, seel\u00e4bi korrigeerides kortse ja volte ning taastades n\u00e4ole sileda v\u00e4limuse.<\/div>\n<div>See hoiab naha niisutatuna, stimuleerib vananevate rakkude regenereerimist ja toetab Kollageeni ja Elastiini, et s\u00e4ilitada terve nahk.<\/div>\n<div><strong>Parem mugavus:<\/strong><\/div>\n<div>Sisaldab lidokaiini, et parandada mugavust ravi ajal, kauakestev efekt ja v\u00e4hem valu.<\/div>\n<div><strong>Soovitatavad n\u00e4idustused:<\/strong><\/div>\n<div>Kortsud, n\u00e4iteks nasolabiaalsed voldid. N\u00e4o kontuuride kujundamine, n\u00e4iteks p\u00f5sed ja huuled, huulepiirkonna joonte t\u00e4idlus ja v\u00e4ljendusrikkus.<\/div>\n<div><strong>S\u00fcstimiskoht:<\/strong><\/div>\n<div>Dermise s\u00fcgav kiht ja\/v\u00f5i nahaaluse kihi keskosa.<\/div>\n<div>N\u00f5ela suurus = 27G<\/div>\n<div>S\u00e4ilitamine = 2-25\u00b0C<\/div>\n<div>Kestvus = \u00dcle 12 kuu<\/div>\n","protected":false},"excerpt":{"rendered":"<p>Dermalax on k\u00f5rgekvaliteetne ja puhas monofoobiline, ristseotud HA pehme koe t\u00e4iteaine.<\/p>\n<p><strong>Koostis:<\/strong> 20 mg\/ml stabiliseeritud h\u00fcaluroonhapet, Lidokaiin 0,3%<\/p>\n","protected":false},"featured_media":21179,"template":"","meta":{"_seopress_robots_primary_cat":"none","_seopress_titles_title":"","_seopress_titles_desc":"","_seopress_robots_index":""},"item":[1143],"product_cat":[154],"product_tag":[],"class_list":{"0":"post-14140","1":"product","2":"type-product","3":"status-publish","4":"has-post-thumbnail","6":"item-dermalax-et","7":"product_cat-fillerid-et","8":"pa_product_main_cat-professionaalne-hooldus","10":"first","11":"instock","12":"taxable","13":"shipping-taxable","14":"purchasable","15":"product-type-simple"},"_links":{"self":[{"href":"https:\/\/cutismedical.shop\/et\/wp-json\/wp\/v2\/product\/14140","targetHints":{"allow":["GET"]}}],"collection":[{"href":"https:\/\/cutismedical.shop\/et\/wp-json\/wp\/v2\/product"}],"about":[{"href":"https:\/\/cutismedical.shop\/et\/wp-json\/wp\/v2\/types\/product"}],"wp:featuredmedia":[{"embeddable":true,"href":"https:\/\/cutismedical.shop\/et\/wp-json\/wp\/v2\/media\/21179"}],"wp:attachment":[{"href":"https:\/\/cutismedical.shop\/et\/wp-json\/wp\/v2\/media?parent=14140"}],"wp:term":[{"taxonomy":"item","embeddable":true,"href":"https:\/\/cutismedical.shop\/et\/wp-json\/wp\/v2\/item?post=14140"},{"taxonomy":"product_cat","embeddable":true,"href":"https:\/\/cutismedical.shop\/et\/wp-json\/wp\/v2\/product_cat?post=14140"},{"taxonomy":"product_tag","embeddable":true,"href":"https:\/\/cutismedical.shop\/et\/wp-json\/wp\/v2\/product_tag?post=14140"}],"curies":[{"name":"wp","href":"https:\/\/api.w.org\/{rel}","templated":true}]}}