{"id":14126,"date":"2020-06-04T17:31:41","date_gmt":"2020-06-04T15:31:41","guid":{"rendered":"https:\/\/cutismedical.com\/shop\/maaratlemata\/dermalax-plus-111ml\/"},"modified":"2024-11-13T03:13:17","modified_gmt":"2024-11-13T01:13:17","slug":"dermalax-plus-111ml__trashed","status":"publish","type":"product","link":"https:\/\/cutismedical.shop\/et\/shop-es\/fillerid-et\/dermalax-plus-111ml__trashed\/","title":{"rendered":"Dermalax Plus (1*1,1 ml)"},"content":{"rendered":"<div>Dermalax toimib, lisades mahtu n\u00e4okudedesse, korrigeerides seel\u00e4bi kortse ja volte ning taastades n\u00e4o sileduse.<\/div>\n<div>See hoiab naha niisutatuna, stimuleerib vananevate rakkude taastumist ja toetab kollageeni ja elastiini, et s\u00e4ilitada naha tervislik seisund.<\/div>\n<div><strong>Parem j\u00f5udlus:<\/strong><\/div>\n<div>Parem mahuandmisefekt, pehme ekstrusioonij\u00f5ud ja suurep\u00e4rased tulemused.<\/div>\n<div><strong>Parem mugavus:<\/strong><\/div>\n<div>Sisaldab lidokaiini, et parandada mugavust protseduuri ajal, tagab kauakestva efekti ja v\u00e4hendab valu.<\/div>\n<div><strong>Soovitatud n\u00e4idustused:<\/strong><\/div>\n<div>Kortsud, n\u00e4iteks nasolabiaalsed voldid. N\u00e4o kontuuride kujundamine, n\u00e4iteks p\u00f5sed ja huuled, huulepiirkonna joonte t\u00e4itmine ja r\u00f5hutamine.<\/div>\n<div><strong>Kuhu s\u00fcstida:<\/strong><\/div>\n<div>Dermise s\u00fcgav kiht ja\/v\u00f5i nahaaluse koe keskmine kiht.<\/div>\n<div>N\u00f5ela suurus = 30G<\/div>\n<div>S\u00e4ilitamine = 2-25\u00b0C<\/div>\n<div>Kestvus = \u00dcle 12 kuu<\/div>\n","protected":false},"excerpt":{"rendered":"<p><span style=\"color: #ed1c24;\"><strong>Ei ole mu\u0308u\u0308giks ELis!<\/strong><\/span><br \/>\nDermalax on k\u00f5rgekvaliteediline ja puhas monofoobne, ristseotud HA pehme koe t\u00e4iteaine.<\/p>\n<p><strong>Koostis:<\/strong> 20 mg\/ml stabiliseeritud h\u00fcaluroonhapet, Lidokaiin 0,3%<\/p>\n","protected":false},"featured_media":21185,"template":"","meta":{"_seopress_robots_primary_cat":"none","_seopress_titles_title":"","_seopress_titles_desc":"","_seopress_robots_index":""},"item":[1143],"product_cat":[154],"product_tag":[],"class_list":{"0":"post-14126","1":"product","2":"type-product","3":"status-publish","4":"has-post-thumbnail","6":"item-dermalax-et","7":"product_cat-fillerid-et","8":"pa_product_main_cat-professionaalne-hooldus","10":"first","11":"instock","12":"taxable","13":"shipping-taxable","14":"purchasable","15":"product-type-simple"},"_links":{"self":[{"href":"https:\/\/cutismedical.shop\/et\/wp-json\/wp\/v2\/product\/14126","targetHints":{"allow":["GET"]}}],"collection":[{"href":"https:\/\/cutismedical.shop\/et\/wp-json\/wp\/v2\/product"}],"about":[{"href":"https:\/\/cutismedical.shop\/et\/wp-json\/wp\/v2\/types\/product"}],"wp:featuredmedia":[{"embeddable":true,"href":"https:\/\/cutismedical.shop\/et\/wp-json\/wp\/v2\/media\/21185"}],"wp:attachment":[{"href":"https:\/\/cutismedical.shop\/et\/wp-json\/wp\/v2\/media?parent=14126"}],"wp:term":[{"taxonomy":"item","embeddable":true,"href":"https:\/\/cutismedical.shop\/et\/wp-json\/wp\/v2\/item?post=14126"},{"taxonomy":"product_cat","embeddable":true,"href":"https:\/\/cutismedical.shop\/et\/wp-json\/wp\/v2\/product_cat?post=14126"},{"taxonomy":"product_tag","embeddable":true,"href":"https:\/\/cutismedical.shop\/et\/wp-json\/wp\/v2\/product_tag?post=14126"}],"curies":[{"name":"wp","href":"https:\/\/api.w.org\/{rel}","templated":true}]}}