{"id":14105,"date":"2020-06-04T11:58:17","date_gmt":"2020-06-04T09:58:17","guid":{"rendered":"https:\/\/cutismedical.com\/shop\/maaratlemata\/zoom-webinar-beautiful-face-without-photoshop-in-beauty-parlor\/"},"modified":"2024-11-13T03:16:49","modified_gmt":"2024-11-13T01:16:49","slug":"zoom-webinar-beautiful-face-without-photoshop-in-beauty-parlor","status":"publish","type":"product","link":"https:\/\/cutismedical.shop\/et\/shop-es\/webinar-et\/zoom-webinar-beautiful-face-without-photoshop-in-beauty-parlor\/","title":{"rendered":"Zoom veebiseminar: \u201eIlus n\u00e4gu ilma Photoshopita\u201c ilusalongis"},"content":{"rendered":"<div>13. juunil toimub veebiseminar, kus jagatakse saladusi, professionaalseid nippe ja tehnikaid.<\/div>\n<div><\/div>\n<div>Detailne veebiseminar viiakse l\u00e4bi ilusalongis. Praktilise osa ajal n\u00e4ete k\u00f5iki protseduuri etappe mudelite peal otse\u00fclekandes. Arst kommenteerib ja selgitab k\u00f5ike toimuvat ning te n\u00e4ete k\u00f5ike oma s\u00fclearvuti, tahvelarvuti v\u00f5i mobiiltelefoni ekraanil.<\/div>\n<div><\/div>\n<div><strong>MAKSUMUS: 50 eurot v\u00f5i tellimus toodetele v\u00e4hemalt 100 euro eest.<\/strong><\/div>\n<div><\/div>\n<div>Registreerimiseks kirjutage meile, saadame teile \u00fcksikasjalikud juhised!<\/div>\n<p> &nbsp; <\/p>\n<div><\/div>\n<div><\/div>\n","protected":false},"excerpt":{"rendered":"<p>JUHENDAJA: kosmeetik Julia Jukina<br \/>\n\u00dcRITUSE FORMAAT: ZOOM konverents<br \/>\nJulia Jukina &#8211; videokursuse autor professionaalidele.<\/p>\n<p>KUUP\u00c4EV: 13. juuni<br \/>\nAEG: 11:00-13:30 (umbes). Teoreetiline ja praktiline osa ilusalongis mudeliga.<\/p>\n<p><strong><a href=\"https:\/\/www.youtube.com\/watch?v=dd3Ej0NSAEw\">\u201eIlus n\u00e4gu ilma Photoshopita\u201c ilusalongis, EELVAATE ZOOM VEEBISEMINAR<\/a><\/strong><\/p>\n","protected":false},"featured_media":14266,"template":"","meta":{"_seopress_robots_primary_cat":"none","_seopress_titles_title":"","_seopress_titles_desc":"","_seopress_robots_index":""},"item":[1222],"product_cat":[1221],"product_tag":[],"class_list":{"0":"post-14105","1":"product","2":"type-product","3":"status-publish","4":"has-post-thumbnail","6":"item-webinar-et-2","7":"product_cat-webinar-et","8":"pa_product_main_cat-professionaalne-hooldus","10":"first","11":"instock","12":"virtual","13":"taxable","14":"purchasable","15":"product-type-simple"},"_links":{"self":[{"href":"https:\/\/cutismedical.shop\/et\/wp-json\/wp\/v2\/product\/14105","targetHints":{"allow":["GET"]}}],"collection":[{"href":"https:\/\/cutismedical.shop\/et\/wp-json\/wp\/v2\/product"}],"about":[{"href":"https:\/\/cutismedical.shop\/et\/wp-json\/wp\/v2\/types\/product"}],"wp:featuredmedia":[{"embeddable":true,"href":"https:\/\/cutismedical.shop\/et\/wp-json\/wp\/v2\/media\/14266"}],"wp:attachment":[{"href":"https:\/\/cutismedical.shop\/et\/wp-json\/wp\/v2\/media?parent=14105"}],"wp:term":[{"taxonomy":"item","embeddable":true,"href":"https:\/\/cutismedical.shop\/et\/wp-json\/wp\/v2\/item?post=14105"},{"taxonomy":"product_cat","embeddable":true,"href":"https:\/\/cutismedical.shop\/et\/wp-json\/wp\/v2\/product_cat?post=14105"},{"taxonomy":"product_tag","embeddable":true,"href":"https:\/\/cutismedical.shop\/et\/wp-json\/wp\/v2\/product_tag?post=14105"}],"curies":[{"name":"wp","href":"https:\/\/api.w.org\/{rel}","templated":true}]}}