{"id":13866,"date":"2020-05-21T23:12:34","date_gmt":"2020-05-21T21:12:34","guid":{"rendered":"https:\/\/cutismedical.com\/shop\/maaratlemata\/rainbow-threads-pcla-heart-lifting-conus-type\/"},"modified":"2024-11-13T04:07:25","modified_gmt":"2024-11-13T02:07:25","slug":"rainbow-threads-pcla-heart-lifting-conus-type","status":"publish","type":"product","link":"https:\/\/cutismedical.shop\/et\/shop-es\/mesoniidid-et\/pcla-conus-type-et\/rainbow-threads-pcla-heart-lifting-conus-type\/","title":{"rendered":"Rainbow. PCLA niidid Heart Lifting (Cog T\u00fc\u00fcp) | 1 pakk (8 tk) \u2013 karp (5 pakki * 8 tk)"},"content":{"rendered":"<div class=\"tab-panels\">\n<div id=\"tab-description\" class=\"woocommerce-Tabs-panel woocommerce-Tabs-panel--description panel entry-content active\" role=\"tabpanel\" aria-labelledby=\"tab-title-description\">\n<table style=\"height: 469px;\" width=\"892\">\n<tbody>\n<tr>\n<td width=\"451\"><a href=\"https:\/\/cutismedical.com\/wp-content\/uploads\/2019\/04\/upakovka.jpg\"><img loading=\"lazy\" decoding=\"async\" class=\"wp-image-35617 aligncenter lazyloaded\" src=\"https:\/\/cutismedical.com\/wp-content\/uploads\/2019\/04\/upakovka.jpg\" sizes=\"auto, (max-width: 386px) 100vw, 386px\" srcset=\"https:\/\/cutismedical.com\/wp-content\/uploads\/2019\/04\/upakovka.jpg 890w, https:\/\/cutismedical.com\/wp-content\/uploads\/2019\/04\/upakovka-636x400.jpg 636w, https:\/\/cutismedical.com\/wp-content\/uploads\/2019\/04\/upakovka-768x483.jpg 768w, https:\/\/cutismedical.com\/wp-content\/uploads\/2019\/04\/upakovka-510x321.jpg 510w\" alt=\"\" width=\"348\" height=\"219\" data-src=\"https:\/\/cutismedical.com\/wp-content\/uploads\/2019\/04\/upakovka.jpg\" data-srcset=\"https:\/\/cutismedical.com\/wp-content\/uploads\/2019\/04\/upakovka.jpg 890w, https:\/\/cutismedical.com\/wp-content\/uploads\/2019\/04\/upakovka-636x400.jpg 636w, https:\/\/cutismedical.com\/wp-content\/uploads\/2019\/04\/upakovka-768x483.jpg 768w, https:\/\/cutismedical.com\/wp-content\/uploads\/2019\/04\/upakovka-510x321.jpg 510w\" data-sizes=\"(max-width: 386px) 100vw, 386px\" \/><\/a><br \/>\n<a href=\"https:\/\/cutismedical.com\/wp-content\/uploads\/2020\/05\/cog-info.jpg\"><img loading=\"lazy\" decoding=\"async\" class=\"alignnone size-full wp-image-35639\" src=\"https:\/\/cutismedical.com\/wp-content\/uploads\/2020\/05\/cog-info.jpg\" alt=\"\" width=\"838\" height=\"217\" srcset=\"https:\/\/cutismedical.shop\/wp-content\/uploads\/2020\/05\/cog-info.jpg 838w, https:\/\/cutismedical.shop\/wp-content\/uploads\/2020\/05\/cog-info-150x39.jpg 150w, https:\/\/cutismedical.shop\/wp-content\/uploads\/2020\/05\/cog-info-592x153.jpg 592w, https:\/\/cutismedical.shop\/wp-content\/uploads\/2020\/05\/cog-info-800x207.jpg 800w, https:\/\/cutismedical.shop\/wp-content\/uploads\/2020\/05\/cog-info-768x199.jpg 768w, https:\/\/cutismedical.shop\/wp-content\/uploads\/2020\/05\/cog-info-510x132.jpg 510w\" sizes=\"auto, (max-width: 838px) 100vw, 838px\" \/><\/a><\/td>\n<td width=\"451\"><a href=\"https:\/\/cutismedical.com\/wp-content\/uploads\/2020\/05\/pcla.jpg\"><img loading=\"lazy\" decoding=\"async\" class=\"wp-image-35686 aligncenter\" src=\"https:\/\/cutismedical.com\/wp-content\/uploads\/2020\/05\/pcla.jpg\" alt=\"\" width=\"320\" height=\"239\" srcset=\"https:\/\/cutismedical.shop\/wp-content\/uploads\/2020\/05\/pcla.jpg 574w, https:\/\/cutismedical.shop\/wp-content\/uploads\/2020\/05\/pcla-150x112.jpg 150w, https:\/\/cutismedical.shop\/wp-content\/uploads\/2020\/05\/pcla-510x380.jpg 510w, https:\/\/cutismedical.shop\/wp-content\/uploads\/2020\/05\/pcla-536x400.jpg 536w\" sizes=\"auto, (max-width: 320px) 100vw, 320px\" \/><\/a><br \/>\n<a href=\"https:\/\/cutismedical.com\/wp-content\/uploads\/2020\/05\/pcla-2.jpg\"><img loading=\"lazy\" decoding=\"async\" class=\"wp-image-35689 aligncenter\" src=\"https:\/\/cutismedical.com\/wp-content\/uploads\/2020\/05\/pcla-2.jpg\" alt=\"\" width=\"315\" height=\"183\" srcset=\"https:\/\/cutismedical.shop\/wp-content\/uploads\/2020\/05\/pcla-2.jpg 566w, https:\/\/cutismedical.shop\/wp-content\/uploads\/2020\/05\/pcla-2-150x87.jpg 150w, https:\/\/cutismedical.shop\/wp-content\/uploads\/2020\/05\/pcla-2-510x296.jpg 510w\" sizes=\"auto, (max-width: 315px) 100vw, 315px\" \/><\/a><\/td>\n<\/tr>\n<\/tbody>\n<\/table>\n<p> <a href=\"https:\/\/cutismedical.com\/wp-content\/uploads\/2020\/05\/pcla-2-kopija.jpg\"><img loading=\"lazy\" decoding=\"async\" class=\"alignnone size-full wp-image-35693\" src=\"https:\/\/cutismedical.com\/wp-content\/uploads\/2020\/05\/pcla-2-kopija.jpg\" alt=\"\" width=\"794\" height=\"343\" srcset=\"https:\/\/cutismedical.shop\/wp-content\/uploads\/2020\/05\/pcla-2-kopija.jpg 794w, https:\/\/cutismedical.shop\/wp-content\/uploads\/2020\/05\/pcla-2-kopija-150x65.jpg 150w, https:\/\/cutismedical.shop\/wp-content\/uploads\/2020\/05\/pcla-2-kopija-592x256.jpg 592w, https:\/\/cutismedical.shop\/wp-content\/uploads\/2020\/05\/pcla-2-kopija-768x332.jpg 768w, https:\/\/cutismedical.shop\/wp-content\/uploads\/2020\/05\/pcla-2-kopija-510x220.jpg 510w\" sizes=\"auto, (max-width: 794px) 100vw, 794px\" \/><\/a><br \/>\nRainbow niidid on saadaval PDO (Pol\u00fcdiooksanoon), PLLA (Pol\u00fc-L-piimhape) ja PCLA (Pol\u00fc-L-laktid-ko-\u03b5-kaprolaktoon) kujul, need on biolagunevad ja imenduvad niidid, mida on kirurgilistes \u00f5mblustes kasutatud viimased 50 aastat. Meditsiinilised \u00f5mblused on m\u00f5eldud sisestamiseks SMAS kihtidesse, kus need aitavad pinguldada ja t\u00f5sta nahka, sobides patsientidele, kellel on l\u00f5tvunud v\u00f5i longus nahk.<\/p>\n<p>Vanusega nahakude h\u00f5reneb kollageeni ja elastiini kiudude lagunemise t\u00f5ttu, mis p\u00f5hjustab naha l\u00f5tvumist, s\u00fcgavaid kortse ja jooni. Rainbow niidid stimuleerivad fibroblaste ja kollageeni vohamist, luues niitide lagunemise kaudu loomuliku ja dramaatilise naha pinguldamise ja t\u00f5stmise efekti, parandades vereringet, aidates parandada naha tooni ja taastumist ning suurendades naha elastsust. Kirurgilise sekkumiseta nahat\u00f5stmine on loodud andma pikaajalist efekti kohe p\u00e4rast protseduuri.<\/p>\n<p>Rainbow niidid on sertifitseeritud III klassi toodetena vastavalt Euroopa Meditsiiniseadmete Direktiivile ja neil on CE-m\u00e4rgis, mis tagab toote kvaliteedi ja ohutuse.<\/p>\n<p><a href=\"https:\/\/cutismedical.com\/wp-content\/uploads\/2019\/04\/all-threads.jpg\"><img loading=\"lazy\" decoding=\"async\" class=\"alignnone size-full wp-image-35632 ls-is-cached lazyloaded\" src=\"https:\/\/cutismedical.com\/wp-content\/uploads\/2019\/04\/all-threads.jpg\" sizes=\"auto, (max-width: 977px) 100vw, 977px\" srcset=\"https:\/\/cutismedical.com\/wp-content\/uploads\/2019\/04\/all-threads.jpg 977w, https:\/\/cutismedical.com\/wp-content\/uploads\/2019\/04\/all-threads-800x249.jpg 800w, https:\/\/cutismedical.com\/wp-content\/uploads\/2019\/04\/all-threads-768x239.jpg 768w, https:\/\/cutismedical.com\/wp-content\/uploads\/2019\/04\/all-threads-510x159.jpg 510w\" alt=\"\" width=\"977\" height=\"304\" data-src=\"https:\/\/cutismedical.com\/wp-content\/uploads\/2019\/04\/all-threads.jpg\" data-srcset=\"https:\/\/cutismedical.com\/wp-content\/uploads\/2019\/04\/all-threads.jpg 977w, https:\/\/cutismedical.com\/wp-content\/uploads\/2019\/04\/all-threads-800x249.jpg 800w, https:\/\/cutismedical.com\/wp-content\/uploads\/2019\/04\/all-threads-768x239.jpg 768w, https:\/\/cutismedical.com\/wp-content\/uploads\/2019\/04\/all-threads-510x159.jpg 510w\" data-sizes=\"(max-width: 977px) 100vw, 977px\" \/><\/a><\/p>\n","protected":false},"excerpt":{"rendered":"<p><span style=\"color: #ed1c24;\"><strong>Ei ole mu\u0308u\u0308giks ELis!<\/strong><\/span><br \/>\nRainbow Thread on uus kontseptsioon premium-tasemel nahat\u00f5stmise protseduuriks, mis kasutab mitteinvasiivseid nahka t\u00f5stvaid niite, et efektiivselt ravida l\u00f5tvunud nahka ja luua loomulikum, v\u00e4rskem ja nooruslikum n\u00e4gu.<\/p>\n","protected":false},"featured_media":13660,"template":"","meta":{"_seopress_robots_primary_cat":"","_seopress_titles_title":"","_seopress_titles_desc":"","_seopress_robots_index":""},"item":[1453],"product_cat":[156,1721],"product_tag":[],"class_list":{"0":"post-13866","1":"product","2":"type-product","3":"status-publish","4":"has-post-thumbnail","6":"item-rainbow-et-2","7":"product_cat-mesoniidid-et","8":"product_cat-pcla-conus-type-et","9":"pa_product_main_cat-professionaalne-hooldus","11":"first","12":"instock","13":"taxable","14":"shipping-taxable","15":"purchasable","16":"product-type-variable"},"_links":{"self":[{"href":"https:\/\/cutismedical.shop\/et\/wp-json\/wp\/v2\/product\/13866","targetHints":{"allow":["GET"]}}],"collection":[{"href":"https:\/\/cutismedical.shop\/et\/wp-json\/wp\/v2\/product"}],"about":[{"href":"https:\/\/cutismedical.shop\/et\/wp-json\/wp\/v2\/types\/product"}],"wp:featuredmedia":[{"embeddable":true,"href":"https:\/\/cutismedical.shop\/et\/wp-json\/wp\/v2\/media\/13660"}],"wp:attachment":[{"href":"https:\/\/cutismedical.shop\/et\/wp-json\/wp\/v2\/media?parent=13866"}],"wp:term":[{"taxonomy":"item","embeddable":true,"href":"https:\/\/cutismedical.shop\/et\/wp-json\/wp\/v2\/item?post=13866"},{"taxonomy":"product_cat","embeddable":true,"href":"https:\/\/cutismedical.shop\/et\/wp-json\/wp\/v2\/product_cat?post=13866"},{"taxonomy":"product_tag","embeddable":true,"href":"https:\/\/cutismedical.shop\/et\/wp-json\/wp\/v2\/product_tag?post=13866"}],"curies":[{"name":"wp","href":"https:\/\/api.w.org\/{rel}","templated":true}]}}