{"id":13805,"date":"2020-05-21T22:41:40","date_gmt":"2020-05-21T20:41:40","guid":{"rendered":"https:\/\/cutismedical.com\/shop\/maaratlemata\/rainbow-threads-pcla-mono-mono-type\/"},"modified":"2024-11-13T04:25:46","modified_gmt":"2024-11-13T02:25:46","slug":"rainbow-threads-pcla-mono-mono-type","status":"publish","type":"product","link":"https:\/\/cutismedical.shop\/et\/shop-es\/mesoniidid-et\/pcla-mono-et\/rainbow-threads-pcla-mono-mono-type\/","title":{"rendered":"Rainbow. PCLA Niit (Mono t\u00fc\u00fcp) | 1 pakk (20 tk) \u2013 kast (5 pakki * 20 tk)"},"content":{"rendered":"<div class=\"tab-panels\">\n<div id=\"tab-description\" class=\"woocommerce-Tabs-panel woocommerce-Tabs-panel--description panel entry-content active\" role=\"tabpanel\" aria-labelledby=\"tab-title-description\">\n<table width=\"892\">\n<tbody>\n<tr>\n<td width=\"451\"><a href=\"https:\/\/cutismedical.com\/wp-content\/uploads\/2019\/04\/upakovka.jpg\"><img loading=\"lazy\" decoding=\"async\" class=\"wp-image-35617 aligncenter lazyloaded\" src=\"https:\/\/cutismedical.com\/wp-content\/uploads\/2019\/04\/upakovka.jpg\" sizes=\"auto, (max-width: 386px) 100vw, 386px\" srcset=\"https:\/\/cutismedical.com\/wp-content\/uploads\/2019\/04\/upakovka.jpg 890w, https:\/\/cutismedical.com\/wp-content\/uploads\/2019\/04\/upakovka-636x400.jpg 636w, https:\/\/cutismedical.com\/wp-content\/uploads\/2019\/04\/upakovka-768x483.jpg 768w, https:\/\/cutismedical.com\/wp-content\/uploads\/2019\/04\/upakovka-510x321.jpg 510w\" alt=\"\" width=\"348\" height=\"219\" data-src=\"https:\/\/cutismedical.com\/wp-content\/uploads\/2019\/04\/upakovka.jpg\" data-srcset=\"https:\/\/cutismedical.com\/wp-content\/uploads\/2019\/04\/upakovka.jpg 890w, https:\/\/cutismedical.com\/wp-content\/uploads\/2019\/04\/upakovka-636x400.jpg 636w, https:\/\/cutismedical.com\/wp-content\/uploads\/2019\/04\/upakovka-768x483.jpg 768w, https:\/\/cutismedical.com\/wp-content\/uploads\/2019\/04\/upakovka-510x321.jpg 510w\" data-sizes=\"(max-width: 386px) 100vw, 386px\" \/><\/a><a href=\"https:\/\/cutismedical.com\/wp-content\/uploads\/2019\/04\/mono-info.jpg\"><img loading=\"lazy\" decoding=\"async\" class=\"alignnone size-full wp-image-35626\" src=\"https:\/\/cutismedical.com\/wp-content\/uploads\/2019\/04\/mono-info.jpg\" alt=\"\" width=\"855\" height=\"366\" srcset=\"https:\/\/cutismedical.shop\/wp-content\/uploads\/2019\/04\/mono-info.jpg 855w, https:\/\/cutismedical.shop\/wp-content\/uploads\/2019\/04\/mono-info-150x64.jpg 150w, https:\/\/cutismedical.shop\/wp-content\/uploads\/2019\/04\/mono-info-592x253.jpg 592w, https:\/\/cutismedical.shop\/wp-content\/uploads\/2019\/04\/mono-info-800x342.jpg 800w, https:\/\/cutismedical.shop\/wp-content\/uploads\/2019\/04\/mono-info-768x329.jpg 768w, https:\/\/cutismedical.shop\/wp-content\/uploads\/2019\/04\/mono-info-510x218.jpg 510w\" sizes=\"auto, (max-width: 855px) 100vw, 855px\" \/><\/a><\/td>\n<td width=\"451\"><a href=\"https:\/\/cutismedical.com\/wp-content\/uploads\/2020\/05\/pcla.jpg\"><img loading=\"lazy\" decoding=\"async\" class=\"wp-image-35686 aligncenter lazyloaded\" src=\"https:\/\/cutismedical.com\/wp-content\/uploads\/2020\/05\/pcla.jpg\" sizes=\"auto, (max-width: 320px) 100vw, 320px\" srcset=\"https:\/\/cutismedical.com\/wp-content\/uploads\/2020\/05\/pcla.jpg 574w, https:\/\/cutismedical.com\/wp-content\/uploads\/2020\/05\/pcla-536x400.jpg 536w, https:\/\/cutismedical.com\/wp-content\/uploads\/2020\/05\/pcla-510x380.jpg 510w\" alt=\"\" width=\"320\" height=\"239\" data-src=\"https:\/\/cutismedical.com\/wp-content\/uploads\/2020\/05\/pcla.jpg\" data-srcset=\"https:\/\/cutismedical.com\/wp-content\/uploads\/2020\/05\/pcla.jpg 574w, https:\/\/cutismedical.com\/wp-content\/uploads\/2020\/05\/pcla-536x400.jpg 536w, https:\/\/cutismedical.com\/wp-content\/uploads\/2020\/05\/pcla-510x380.jpg 510w\" data-sizes=\"(max-width: 320px) 100vw, 320px\" \/><\/a><a href=\"https:\/\/cutismedical.com\/wp-content\/uploads\/2020\/05\/pcla-2.jpg\"><img loading=\"lazy\" decoding=\"async\" class=\"wp-image-35689 aligncenter lazyloaded\" src=\"https:\/\/cutismedical.com\/wp-content\/uploads\/2020\/05\/pcla-2.jpg\" sizes=\"auto, (max-width: 315px) 100vw, 315px\" srcset=\"https:\/\/cutismedical.com\/wp-content\/uploads\/2020\/05\/pcla-2.jpg 566w, https:\/\/cutismedical.com\/wp-content\/uploads\/2020\/05\/pcla-2-510x296.jpg 510w\" alt=\"\" width=\"315\" height=\"183\" data-src=\"https:\/\/cutismedical.com\/wp-content\/uploads\/2020\/05\/pcla-2.jpg\" data-srcset=\"https:\/\/cutismedical.com\/wp-content\/uploads\/2020\/05\/pcla-2.jpg 566w, https:\/\/cutismedical.com\/wp-content\/uploads\/2020\/05\/pcla-2-510x296.jpg 510w\" data-sizes=\"(max-width: 315px) 100vw, 315px\" \/><\/a><\/td>\n<\/tr>\n<\/tbody>\n<\/table>\n<p> <a href=\"https:\/\/cutismedical.com\/wp-content\/uploads\/2020\/05\/pcla-2-kopija.jpg\"><img loading=\"lazy\" decoding=\"async\" class=\"alignnone size-full wp-image-35693 ls-is-cached lazyloaded\" src=\"https:\/\/cutismedical.com\/wp-content\/uploads\/2020\/05\/pcla-2-kopija.jpg\" sizes=\"auto, (max-width: 794px) 100vw, 794px\" srcset=\"https:\/\/cutismedical.com\/wp-content\/uploads\/2020\/05\/pcla-2-kopija.jpg 794w, https:\/\/cutismedical.com\/wp-content\/uploads\/2020\/05\/pcla-2-kopija-768x332.jpg 768w, https:\/\/cutismedical.com\/wp-content\/uploads\/2020\/05\/pcla-2-kopija-510x220.jpg 510w\" alt=\"\" width=\"794\" height=\"343\" data-src=\"https:\/\/cutismedical.com\/wp-content\/uploads\/2020\/05\/pcla-2-kopija.jpg\" data-srcset=\"https:\/\/cutismedical.com\/wp-content\/uploads\/2020\/05\/pcla-2-kopija.jpg 794w, https:\/\/cutismedical.com\/wp-content\/uploads\/2020\/05\/pcla-2-kopija-768x332.jpg 768w, https:\/\/cutismedical.com\/wp-content\/uploads\/2020\/05\/pcla-2-kopija-510x220.jpg 510w\" data-sizes=\"(max-width: 794px) 100vw, 794px\" \/><\/a><br \/>\nRainbow niidid on saadaval PDO (Pol\u00fcdiooksanoon), PLLA (Pol\u00fc L-piimhape) ja PCLA (Pol\u00fc L-laktid-ko-\u03b5-kaprolaktoon) kujul, need on biolagunevad ja imenduvad niidid, mida on kasutatud viimased 50 aastat kirurgilistes \u00f5mblustes. Meditsiinilised \u00f5mblused on m\u00f5eldud sisestamiseks SMAS-kihtidesse, kus need aitavad nahka pinguldada ja t\u00f5sta, sobides patsientidele, kellel on l\u00f5tv v\u00f5i longus nahk.<\/p>\n<p>Vananedes muutub naha koe \u00f5hemaks kollageeni ja elastiini kiudude lagunemise t\u00f5ttu, mis viib naha longus olekuni, s\u00fcgavate kortsude ja kortsudeni. Rainbow niidid stimuleerivad fibroblaste ja kollageeni paljunemist, tuues loomuliku ja n\u00e4htava naha pinguldus- ja t\u00f5steefekti niidi lagunemise kaudu. See parandab vereringet, aitab parandada naha tooni ja taastamist ning suurendab naha elastsust. Mitte-kirurgiline naha t\u00f5stmine on m\u00f5eldud pakkuma p\u00fcsivat m\u00f5ju kohe n\u00e4htavate tulemustega.<\/p>\n<p>Rainbow niidid on sertifitseeritud III klassi toodetena vastavalt Euroopa meditsiiniseadmete direktiivile ja neil on CE m\u00e4rk, mis garanteerib toote kvaliteedi ja ohutuse.<\/p>\n<p><a href=\"https:\/\/cutismedical.com\/wp-content\/uploads\/2020\/05\/all-threads.jpg\"><img loading=\"lazy\" decoding=\"async\" class=\"alignnone size-full wp-image-35697\" src=\"https:\/\/cutismedical.com\/wp-content\/uploads\/2020\/05\/all-threads.jpg\" alt=\"\" width=\"977\" height=\"304\" srcset=\"https:\/\/cutismedical.shop\/wp-content\/uploads\/2020\/05\/all-threads.jpg 977w, https:\/\/cutismedical.shop\/wp-content\/uploads\/2020\/05\/all-threads-150x47.jpg 150w, https:\/\/cutismedical.shop\/wp-content\/uploads\/2020\/05\/all-threads-592x184.jpg 592w, https:\/\/cutismedical.shop\/wp-content\/uploads\/2020\/05\/all-threads-800x249.jpg 800w, https:\/\/cutismedical.shop\/wp-content\/uploads\/2020\/05\/all-threads-768x239.jpg 768w, https:\/\/cutismedical.shop\/wp-content\/uploads\/2020\/05\/all-threads-510x159.jpg 510w\" sizes=\"auto, (max-width: 977px) 100vw, 977px\" \/><\/a><\/p>\n","protected":false},"excerpt":{"rendered":"<p><span style=\"color: #d83131;\"><strong>Ei ole mu\u0308u\u0308giks ELis!<\/strong><\/span><\/p>\n<p>Rainbow Thread on uus premium-liftingulahendus, mis kasutab mitteinvasiivseid naha t\u00f5stmiseks m\u00f5eldud niite, mis t\u00f5husalt ravivad longus nahka, luues loomuliku, v\u00e4rskema ja noorema n\u00e4oilme.<\/p>\n","protected":false},"featured_media":13791,"template":"","meta":{"_seopress_robots_primary_cat":"","_seopress_titles_title":"","_seopress_titles_desc":"","_seopress_robots_index":""},"item":[1453],"product_cat":[156,1715],"product_tag":[],"class_list":{"0":"post-13805","1":"product","2":"type-product","3":"status-publish","4":"has-post-thumbnail","6":"item-rainbow-et-2","7":"product_cat-mesoniidid-et","8":"product_cat-pcla-mono-et","9":"pa_product_main_cat-professionaalne-hooldus","11":"first","12":"instock","13":"taxable","14":"shipping-taxable","15":"purchasable","16":"product-type-variable"},"_links":{"self":[{"href":"https:\/\/cutismedical.shop\/et\/wp-json\/wp\/v2\/product\/13805","targetHints":{"allow":["GET"]}}],"collection":[{"href":"https:\/\/cutismedical.shop\/et\/wp-json\/wp\/v2\/product"}],"about":[{"href":"https:\/\/cutismedical.shop\/et\/wp-json\/wp\/v2\/types\/product"}],"wp:featuredmedia":[{"embeddable":true,"href":"https:\/\/cutismedical.shop\/et\/wp-json\/wp\/v2\/media\/13791"}],"wp:attachment":[{"href":"https:\/\/cutismedical.shop\/et\/wp-json\/wp\/v2\/media?parent=13805"}],"wp:term":[{"taxonomy":"item","embeddable":true,"href":"https:\/\/cutismedical.shop\/et\/wp-json\/wp\/v2\/item?post=13805"},{"taxonomy":"product_cat","embeddable":true,"href":"https:\/\/cutismedical.shop\/et\/wp-json\/wp\/v2\/product_cat?post=13805"},{"taxonomy":"product_tag","embeddable":true,"href":"https:\/\/cutismedical.shop\/et\/wp-json\/wp\/v2\/product_tag?post=13805"}],"curies":[{"name":"wp","href":"https:\/\/api.w.org\/{rel}","templated":true}]}}