{"id":13568,"date":"2020-05-16T15:03:28","date_gmt":"2020-05-16T13:03:28","guid":{"rendered":"https:\/\/cutismedical.com\/shop\/maaratlemata\/toskani-wcpr-5ml\/"},"modified":"2024-11-13T04:59:05","modified_gmt":"2024-11-13T02:59:05","slug":"toskani-wcpr-5ml","status":"publish","type":"product","link":"https:\/\/cutismedical.shop\/et\/shop-es\/mesoteraapia-et\/nagu-et\/toskani-wcpr-5ml\/","title":{"rendered":"Toskani WCPR (5tk.*5ml) \/ Valgendamine"},"content":{"rendered":"<p>WCPR ennetab fotovananemise p\u00f5hjustatud kahjustusi ja annab nahale nooruslikuma v\u00e4limuse t\u00e4nu oma aktiivsetele koostisosadele. WCPR \u00fchtlustab nahatooni, suurendab raku detoksikatsiooni ja reguleerib melaniini s\u00fcnteesi protsessi. T\u00e4nu uue ja ainulaadse p\u00f5lvkonna peptiididele m\u00f5jutab see subtsellulaarset taset, moduleerides mitmete melanogeneesi v\u00f5tmeelementide transkriptsiooni.<\/p>\n<h5>N\u00e4idustused:<\/h5>\n<ul class=\"tc-list-square push-20\">\n<li>Erinevat p\u00e4ritolu melaniinilaigud (melasma, kloasma, p\u00f5letikuj\u00e4rgne pigmentatsioon, p\u00e4ikeselentigo, senile laigud jne)<\/li>\n<li>Fotovananenud nahk<\/li>\n<\/ul>\n<p> Aktiivsed koostisosad:<br \/>\nOligopeptiid-34, SH-Oligopeptiid-2, Vitamiin C, Alfa Arbutiin, Hiina Lagritsaekstrakt (Glycyrrhiza Uralensis juureekstrakt), Tricholoma Matsutake ekstrakt (M\u00e4nniseene ekstrakt), Glutatioon, Soja\u00f5li (Glycine Soja), Euroopa Lagritsaekstrakt (Glycyrrhiza Glabra juureekstrakt), Vitamiin B3 (Niatsiinamiid), H\u00fcdrogeenitud Letsitiin<\/p>\n","protected":false},"excerpt":{"rendered":"<h4><span style=\"color: #ed1c24;\"><strong>Ei ole mu\u0308u\u0308giks ELis!<\/strong><\/span><\/h4>\n<p>TOSKANI Whitening Complex Poli Revitalizing on valem, mis on v\u00e4lja t\u00f6\u00f6tatud naha pigmentatsioonimuutuste, nagu h\u00fcperpigmentatsioon ja vanuselaigud, korrigeerimiseks.<\/p>\n","protected":false},"featured_media":13564,"template":"","meta":{"_seopress_robots_primary_cat":"none","_seopress_titles_title":"","_seopress_titles_desc":"","_seopress_robots_index":""},"item":[1206],"product_cat":[155,1188,1870],"product_tag":[1897],"class_list":{"0":"post-13568","1":"product","2":"type-product","3":"status-publish","4":"has-post-thumbnail","6":"item-toskanicosmetics-et-2","7":"product_cat-mesoteraapia-et","8":"product_cat-nagu-et","9":"product_cat-pigmentatsioon","10":"product_tag-pigmendilaigud","11":"pa_product_main_cat-professionaalne-hooldus","13":"first","14":"instock","15":"taxable","16":"shipping-taxable","17":"purchasable","18":"product-type-simple"},"_links":{"self":[{"href":"https:\/\/cutismedical.shop\/et\/wp-json\/wp\/v2\/product\/13568","targetHints":{"allow":["GET"]}}],"collection":[{"href":"https:\/\/cutismedical.shop\/et\/wp-json\/wp\/v2\/product"}],"about":[{"href":"https:\/\/cutismedical.shop\/et\/wp-json\/wp\/v2\/types\/product"}],"wp:featuredmedia":[{"embeddable":true,"href":"https:\/\/cutismedical.shop\/et\/wp-json\/wp\/v2\/media\/13564"}],"wp:attachment":[{"href":"https:\/\/cutismedical.shop\/et\/wp-json\/wp\/v2\/media?parent=13568"}],"wp:term":[{"taxonomy":"item","embeddable":true,"href":"https:\/\/cutismedical.shop\/et\/wp-json\/wp\/v2\/item?post=13568"},{"taxonomy":"product_cat","embeddable":true,"href":"https:\/\/cutismedical.shop\/et\/wp-json\/wp\/v2\/product_cat?post=13568"},{"taxonomy":"product_tag","embeddable":true,"href":"https:\/\/cutismedical.shop\/et\/wp-json\/wp\/v2\/product_tag?post=13568"}],"curies":[{"name":"wp","href":"https:\/\/api.w.org\/{rel}","templated":true}]}}