{"id":13544,"date":"2020-05-14T23:15:49","date_gmt":"2020-05-14T21:15:49","guid":{"rendered":"https:\/\/cutismedical.com\/shop\/maaratlemata\/toskani-rcpr-5ml\/"},"modified":"2025-02-19T17:01:46","modified_gmt":"2025-02-19T15:01:46","slug":"toskani-rcpr-5ml","status":"publish","type":"product","link":"https:\/\/cutismedical.shop\/et\/shop-es\/mesoteraapia-et\/nagu-et\/toskani-rcpr-5ml\/","title":{"rendered":"Toskani RCPR (5 tk.*5ml) \/ Vananemisvastane \/ S\u00fcgav niisutamine"},"content":{"rendered":"<p><span style=\"color: #333333;\"><em>1% H\u00dcALUROONHAPE<\/em> \u2013 madala ja keskmise molekulmassiga. Madala molekulmassiga h\u00fcaluroonhape suudab tungida naha s\u00fcgavaimatesse kihtidesse, pakkudes s\u00fcgavat ja intensiivset niisutust. Keskmise molekulmassiga h\u00fcaluroonhape j\u00e4\u00e4b naha vahekihtidesse, toetades ka naha tugevust. Stimuleerib kollageeni ja kasvufaktorite s\u00fcnteesi, pidurdades looduslikku vananemisprotsessi. Annab nahale elastsuse ja tugevuse, v\u00e4hendades kortse ja miimilisi jooni. Muudab naha siledamaks, pehmemaks ja pringimaks.<\/span><\/p>\n<p><span style=\"color: #333333;\"><em>AMINOHAPPED<\/em> \u2013 hoolikalt valitud aminohapete grupp toimib taastavate ainetena. Nad toidavad nahka, tugevdavad sidekudet ja s\u00e4ilitavad naha pehmuse ja elastsuse. M\u00f5ned neist omavad tugevat antioks\u00fcdantset toimet.<\/span><\/p>\n<p><span style=\"color: #333333;\">Nad toimivad s\u00fcnergiliselt teiste aktiivsete koostisosadega nahas, et edasi l\u00fckata vananemise m\u00e4rke.<\/span><\/p>\n<p><span style=\"color: #333333;\"><em>GLUTATIOON<\/em> \u2013 on \u00fcks v\u00f5imsamaid antioks\u00fcdante, mis loomulikult esineb rakkudes. Selle detoksikatsioonipotentsiaal kahjulike v\u00e4liste ainete vastu on eluliselt oluline.<\/span><\/p>\n<p><span style=\"color: #333333;\"><em>TAURIIN<\/em> \u2013 omab k\u00f5rget antioks\u00fcdantset v\u00f5imekust ja v\u00e4hendab DNA kahjustusi. Tugevdab t\u00f5husalt rakubarj\u00e4\u00e4ri. Taastab olulisi antioks\u00fcdantseid ens\u00fc\u00fcme, nagu glutatioon ja katalaas. Annab niisutava toime ja stimuleerib kollageeni ja elastiini tootmist.<\/span><\/p>\n<p><span style=\"color: #333333;\"><em>PEPTIIDID<\/em> \u2013 biomimeetilised peptiidid, mis matkivad endogeenseid kasvufaktoreid.<\/span><\/p>\n<ul>\n<li><span style=\"color: #333333;\">SH-oligopeptiid-1 (EGF) \u2013 stimuleerib fibroblastide paljunemist ja aktiveerib kollageeni ja elastiini s\u00fcnteesi, v\u00e4hendades kortsude teket. Toidab nahka s\u00fcgavalt, soodustab taastumist.<\/span><\/li>\n<li><span style=\"color: #333333;\">SH-oligopeptiid-2 (IGF-1) \u2013 stimuleerib fibroblastide paljunemist ja aktiveerib kollageeni ja elastiini s\u00fcnteesi, v\u00e4hendades kortsude ilmumist. Tugevdab ja korrigeerib t\u00f5husalt naha tekstuurimuutusi.<\/span><\/li>\n<li><span style=\"color: #333333;\">SH-pol\u00fcpeptiid-1 (bFGF) \u2013 toimib s\u00fcnergiliselt EGF kasvufaktoriga. Stimuleerib fibroblastide paljunemist ja aktiveerib kollageeni ja elastiini s\u00fcnteesi, v\u00e4hendades kortsude n\u00e4htavust. Stimuleerib mikrotsirkulatsiooni, soodustab taastumist.<\/span><\/li>\n<li><span style=\"color: #333333;\">SH-pol\u00fcpeptiid-2 (TRX) \u2013 stimuleerib uute naharakkude teket, kaitseb kortsude ja uute miimiliste joonte ilmumise eest. Stimuleerib rakkudevahelise maatriksi taastumist ja suurendab kollageeni ja elastiini tootmist, seega soodustab naha taastumist ja paranemisprotsesse. \u00dchtlustab naha tekstuuri, v\u00e4hendab poore ja parandab pinnavead.<\/span><\/li>\n<li><span style=\"color: #333333;\">Vask-tripeptiid \u2013 soodustab naha uuendamist ja aktiveerib signaalifunktsiooni naha kahjustuse korral. Stimuleerib fibroblastide paljunemist ja aktiveerib kollageeni ja elastiini s\u00fcnteesi, aidates seel\u00e4bi kortsude n\u00e4htavust v\u00e4hendada. Toidab nahka s\u00fcgavalt, kaitseb vabade radikaalide eest.<\/span><\/li>\n<\/ul>\n","protected":false},"excerpt":{"rendered":"<h4><span style=\"color: #ed1c24;\"><strong>Ei ole mu\u0308u\u0308giks ELis!<\/strong><\/span><\/h4>\n<p>TOSKANI RCPR (Refine Complex Poli Revitalizing) on mesoteraapia kokteil, millel on m\u00f5\u00f5dukas vananemisvastane toime ja s\u00fcgav niisutav m\u00f5ju. V\u00e4hendab aknej\u00e4rge, pindmisi kortse ja suurendab poore.<\/p>\n","protected":false},"featured_media":13542,"template":"","meta":{"_seopress_robots_primary_cat":"none","_seopress_titles_title":"","_seopress_titles_desc":"","_seopress_robots_index":""},"item":[1206],"product_cat":[155,1188,1866,1867,1869,1870],"product_tag":[1885,1900,1897],"class_list":{"0":"post-13544","1":"product","2":"type-product","3":"status-publish","4":"has-post-thumbnail","6":"item-toskanicosmetics-et-2","7":"product_cat-mesoteraapia-et","8":"product_cat-nagu-et","9":"product_cat-liftingu-efekt-pinguldav-toime","10":"product_cat-post-akne-et","11":"product_cat-naha-taastamine","12":"product_cat-pigmentatsioon","13":"product_tag-kortsud","14":"product_tag-lotvunud-nahk","15":"product_tag-pigmendilaigud","17":"first","18":"outofstock","19":"taxable","20":"shipping-taxable","21":"purchasable","22":"product-type-simple"},"_links":{"self":[{"href":"https:\/\/cutismedical.shop\/et\/wp-json\/wp\/v2\/product\/13544","targetHints":{"allow":["GET"]}}],"collection":[{"href":"https:\/\/cutismedical.shop\/et\/wp-json\/wp\/v2\/product"}],"about":[{"href":"https:\/\/cutismedical.shop\/et\/wp-json\/wp\/v2\/types\/product"}],"wp:featuredmedia":[{"embeddable":true,"href":"https:\/\/cutismedical.shop\/et\/wp-json\/wp\/v2\/media\/13542"}],"wp:attachment":[{"href":"https:\/\/cutismedical.shop\/et\/wp-json\/wp\/v2\/media?parent=13544"}],"wp:term":[{"taxonomy":"item","embeddable":true,"href":"https:\/\/cutismedical.shop\/et\/wp-json\/wp\/v2\/item?post=13544"},{"taxonomy":"product_cat","embeddable":true,"href":"https:\/\/cutismedical.shop\/et\/wp-json\/wp\/v2\/product_cat?post=13544"},{"taxonomy":"product_tag","embeddable":true,"href":"https:\/\/cutismedical.shop\/et\/wp-json\/wp\/v2\/product_tag?post=13544"}],"curies":[{"name":"wp","href":"https:\/\/api.w.org\/{rel}","templated":true}]}}