{"id":13143,"date":"2020-03-05T12:12:44","date_gmt":"2020-03-05T10:12:44","guid":{"rendered":"https:\/\/cutismedical.com\/shop\/uncategorized\/biorehydra-30ml\/"},"modified":"2024-11-13T18:54:41","modified_gmt":"2024-11-13T16:54:41","slug":"biorehydra-30ml","status":"publish","type":"product","link":"https:\/\/cutismedical.shop\/et\/shop-es\/nahahooldus\/seerum-et-prof\/biorehydra-30ml\/","title":{"rendered":"BioReHydra 30 ml"},"content":{"rendered":"<div>H\u00fcdrofiilne seerum v\u00e4ga kerge tekstuuriga ja kiire imendumisega, m\u00f5eldud kasutamiseks BioRePeelCl3 protokolli ajal ja p\u00e4rast seda, samuti p\u00e4rast teisi esteetilisi protseduure, nagu laser, raadiosagedus, elektroporatsioon.<\/div>\n<div><\/div>\n<div>\u00dcle 20 aktiivse aine, sealhulgas vitamiinid, aminohapped, h\u00fcaluroonhape ja ekstraktid kolmest ookeanist, v\u00f5imaldavad saavutada:<\/div>\n<div><\/div>\n<div>Niisutavat, rahustavat ja p\u00f5letikuvastast toimet<\/div>\n<div>Biostimuleerivat toimet<\/div>\n<div>Elustavat toimet<\/div>\n<div>Kasutamiseks nii kliinikus kui kodus!<\/div>\n<div><\/div>\n<div>BioReHydra on j\u00e4relt\u00f6\u00f6tluseks m\u00f5eldud seerum, mis on kerge ja kiiresti imenduva tekstuuriga h\u00fcdrogeel, andes nahale v\u00e4rske, niisutatud ja t\u00f5stva tunde juba esimesel kasutamisel.<\/div>\n<div><\/div>\n<div>Koostis sisaldab \u00fcle 15 aktiivse koostisosa, nagu mikroformis h\u00fcaluroonhape (Micro-HA 5KDa), ookeaniekstraktid, aminohapped, vitamiinid ja GABA.<\/div>\n<div>BioReHydra on v\u00f5imas biostimuleeriva, elustava ja niisutava toime abimees.<\/div>\n<div>Mikroniseeritud h\u00fcaluroonhape 5-10 kDa, ainus oligomeer, mis kiiresti tungib l\u00e4bi korneots\u00fc\u00fctide barj\u00e4\u00e4ri, s\u00e4ilitades vett sidekoe rakkudevahelises maatriksis ja suurendades kollageeni ja elastiini tootmist.<\/div>\n<div><\/div>\n<div>Kolme ookeani j\u00f5ud<\/div>\n<div><\/div>\n<div>\u2022 Atlandi ookean: Ascophyllum nodosum ekstrakt, Halopteris scoparia ekstrakt &#8211; p\u00e4rsib elastaase, ens\u00fc\u00fcme, mis h\u00e4vitavad elastiini epidermises, p\u00e4rsib h\u00fcaluronidaase, aidates seel\u00e4bi v\u00e4hendada naha kuivust, moduleerib ts\u00fctokiinide tasakaalu, tugevdades paranemisprotsesse ja avaldab rahustavat toimet<\/div>\n<div>\u2022 Vaikse ookean: Macrocystis pyrifera ekstrakt &#8211; stimuleerib HAS-2 ens\u00fc\u00fcmi, mis vastutab h\u00fcaluroonhappe tootmise eest, suurendab III t\u00fc\u00fcpi kollageeni s\u00fcnteesi ja elastsust, parandab naha taastumismehhanisme (FGF7), kaitseb oks\u00fcdatiivse stressi eest<\/div>\n<div>\u2022 India ookean: Caulerpa lentillifera ekstrakt &#8211; tuntud ka kui merekaaviar, tagab epidermise ja derma vahekihiga t\u00f5hususe, funktsionaalsuse ja terviklikkuse, aktiveerides IV t\u00fc\u00fcpi kollageeni ja laminin-5 s\u00fcnteesi, suurendades derma toonust ja gl\u00fckosaminogl\u00fckaanide s\u00fcnteesi<\/div>\n<div><\/div>\n<div>Koostis on t\u00e4iustatud aminohapete kompleksiga, mis suurendab kollageeni tootmist: gl\u00fctsiin, proliin, h\u00fcdroks\u00fcproliin, l\u00fcsiin, leutsiin, isoleutsiin, valiin, arginiin. Toime on v\u00f5imendatud C-vitamiiniga selle kaitstud vormis askorbilgl\u00fckosiidina, mis tagab maksimaalse efektiivsuse kollageeni s\u00fcnteesi kofaktorina ja antioks\u00fcdandina, mida tugevdab ka B2-vitamiin. Noorendav efekt on toetatud ka GABA-ga, mis avaldab l\u00f5\u00f5gastavat m\u00f5ju peenikestele kortsudele, sarnanedes botoksiga, ja stimuleerib kollageeni s\u00fcnteesi.<\/div>\n","protected":false},"excerpt":{"rendered":"<p><span style=\"font-size: 95%;\">J\u00e4relt\u00f6\u00f6tlus seerum.<\/span><\/p>\n<p><span style=\"font-size: 95%;\">Biostimuleeriva, elustava ja niisutava toime abimees<\/span><\/p>\n<p><span style=\"font-size: 95%;\">20 aktiivset koostisosa (sealhulgas 5 kDa h\u00fcaluroonhape optimaalseks tungimiseks), merep\u00e4ritolu aktiivsed ained, aminohapped ja vitamiinid.<\/span><\/p>\n<p><span style=\"font-size: 95%;\">Soovitatav kasutada p\u00e4rast BioRePeelCl3 FND ja BODY protseduure.<\/span><\/p>\n","protected":false},"featured_media":13141,"template":"","meta":{"_seopress_robots_primary_cat":"none","_seopress_titles_title":"","_seopress_titles_desc":"","_seopress_robots_index":""},"item":[1253],"product_cat":[1813,363,1910,1931,1854],"product_tag":[1950,1888],"class_list":{"0":"post-13143","1":"product","2":"type-product","3":"status-publish","4":"has-post-thumbnail","6":"item-biorepeel-et-2","7":"product_cat-otstarve","8":"product_cat-seerum-et","9":"product_cat-nahahooldus","10":"product_cat-seerum-et-prof","11":"product_cat-tundlik-nahk","12":"product_tag-protseduurijargne-hooldus","13":"product_tag-tundlik-nahk","15":"first","16":"instock","17":"taxable","18":"shipping-taxable","19":"purchasable","20":"product-type-simple"},"_links":{"self":[{"href":"https:\/\/cutismedical.shop\/et\/wp-json\/wp\/v2\/product\/13143","targetHints":{"allow":["GET"]}}],"collection":[{"href":"https:\/\/cutismedical.shop\/et\/wp-json\/wp\/v2\/product"}],"about":[{"href":"https:\/\/cutismedical.shop\/et\/wp-json\/wp\/v2\/types\/product"}],"wp:featuredmedia":[{"embeddable":true,"href":"https:\/\/cutismedical.shop\/et\/wp-json\/wp\/v2\/media\/13141"}],"wp:attachment":[{"href":"https:\/\/cutismedical.shop\/et\/wp-json\/wp\/v2\/media?parent=13143"}],"wp:term":[{"taxonomy":"item","embeddable":true,"href":"https:\/\/cutismedical.shop\/et\/wp-json\/wp\/v2\/item?post=13143"},{"taxonomy":"product_cat","embeddable":true,"href":"https:\/\/cutismedical.shop\/et\/wp-json\/wp\/v2\/product_cat?post=13143"},{"taxonomy":"product_tag","embeddable":true,"href":"https:\/\/cutismedical.shop\/et\/wp-json\/wp\/v2\/product_tag?post=13143"}],"curies":[{"name":"wp","href":"https:\/\/api.w.org\/{rel}","templated":true}]}}