{"id":13135,"date":"2020-03-05T11:42:32","date_gmt":"2020-03-05T09:42:32","guid":{"rendered":"https:\/\/cutismedical.com\/shop\/uncategorized\/biorelift-30ml\/"},"modified":"2024-11-13T18:59:17","modified_gmt":"2024-11-13T16:59:17","slug":"biorelift-30ml","status":"publish","type":"product","link":"https:\/\/cutismedical.shop\/et\/shop-es\/nahahooldus\/kreem-et-prof\/biorelift-30ml\/","title":{"rendered":"BioReLift 30 ml."},"content":{"rendered":"<div>Valem sisaldab \u00fcle 20 aktiivse aine, sealhulgas biometilised peptiidid, mida tugevdab kolloidh\u00f5be, mikroonsestatud h\u00fcaluroonhape, aminohapped, vitamiinid ja loodusliku p\u00e4ritoluga toitev lipofiilne faas, mis sisaldab argaania\u00f5li, mandli\u00f5li, sheav\u00f5id ja bisabolooli.<\/div>\n<div><\/div>\n<div>4 biometilised peptiidid, mida tugevdab kolloidh\u00f5be<\/div>\n<div><\/div>\n<div>DIPEPTIDE DIAMINOBUTYROYL BENZYLAMIDE on peptiid, mis j\u00e4ljendab Wagleri l\u00f5gismao m\u00fcrgi paral\u00fc\u00fctilist toimet. See on v\u00f5imas aktiivne aine, vegan ja loomkatsevaba, mis simuleerib madu m\u00fcrgis leiduvat peptiidi toimet. Loob botoxi efekti kortsudevastase ja raskusj\u00f5u vastase toimega.<\/div>\n<div><\/div>\n<div>COPPER PALMITOYL HEPTAPEPTIDE-14 ja HEPTAPEPTIDE-15 PALMITATE \u2014 kahe biometilise peptiidi s\u00fcnergia \u00fches vabanemiss\u00fcsteemis l\u00e4bi vaske sidumise. See on aktiivselt suunatud kohaletoimetamise s\u00fcsteem, mis suudab vabastada toimeaine seal, kus see on vajalik. T\u00e4nu k\u00f5rgele afiinsusele fibroblastide kasvufaktorite FGF-ga, soodustavad need kollageeni ja elastiini tootmist nahas. Need toimivad ka antioks\u00fcdantidena ja stimuleerivad gl\u00fckosaminogl\u00fckaanide tootmist ning eemaldavad naha kahjustatud kollageeni ja elastiini.<\/div>\n<div><\/div>\n<div>ACETYL TETRAPEPTIDE-17 on peptiid, millel on moduleeriv toime, t\u00e4psemalt, see indutseerib dermiliste fibroblastide proteogl\u00fckaanide, tuntud kui lumikaani, s\u00fcnteesi. Need gl\u00fckoproteiinid moodustavad dermise karkassi, olles v\u00f5imelised kolageenikiude kolmem\u00f5\u00f5tmeliselt organiseerima ja s\u00e4ilitades seel\u00e4bi dermise korraldatud struktuuri.<\/div>\n<div><\/div>\n<div>KOLLOIDH\u00d5BE loob elektrilise tasakaalu epidermises, muutes naha v\u00e4hem vastuv\u00f5tlikuks vabade radikaalide kahjustustele ja enneaegsele vananemisele. H\u00f5be stabiliseerib peptiide, suurendades nende t\u00f5husust ja stabiilsust. See uuendab ka naharakke, h\u00e4vitab vabu radikaale, taasaktiveerib rakkude protsessi, niisutab nahka ja parandab aktiivsete elementide tungimist.<\/div>\n<div><\/div>\n<div>MIKROONSNE H\u00dcALUROONHAPE k\u00f5rge imendumisv\u00f5imega, omab tugevat niisutavat toimet t\u00e4nu oma h\u00fcgroskoopilistele omadustele, t\u00f5mbab vett sidekoe rakumaatriksisse ja soodustab kollageeni ja elastiini s\u00fcnteesi.<\/div>\n<div><\/div>\n<div>Valem on t\u00e4iendatud aminohapete kompleksiga, millel on niisutav ja antioks\u00fcdantne toime, n\u00e4iteks ARGINIIN, GL\u00dcTSIIN, PROLIIN, LEUTSIIN, L\u00dcSIIN, ISOLEUTSIIN ja VALIIN, ning antioks\u00fcdantse toimega vitamiinidega, nagu PANTENOOL, VITAMIIN E, VITAMIIN B2 ja VITAMIIN C kaitstud vormis ASKORBIGL\u00dcKOSIID.<\/div>\n","protected":false},"excerpt":{"rendered":"<p>See on j\u00e4relt\u00f6\u00f6tluskreem, mis on kerge emulsioon, kergesti imenduv, siidise tekstuuriga ja annab pehme ning \u00fcmbritseva naha tunde juba esimesel kasutamisel.<\/p>\n","protected":false},"featured_media":13133,"template":"","meta":{"_seopress_robots_primary_cat":"none","_seopress_titles_title":"","_seopress_titles_desc":"","_seopress_robots_index":""},"item":[1253],"product_cat":[1813,151,1910,1928,1849,1854],"product_tag":[1950,1888],"class_list":{"0":"post-13135","1":"product","2":"type-product","3":"status-publish","4":"has-post-thumbnail","6":"item-biorepeel-et-2","7":"product_cat-otstarve","8":"product_cat-kreem-et","9":"product_cat-nahahooldus","10":"product_cat-kreem-et-prof","11":"product_cat-nahahooldus-nahatuubi-jargi","12":"product_cat-tundlik-nahk","13":"product_tag-protseduurijargne-hooldus","14":"product_tag-tundlik-nahk","16":"first","17":"instock","18":"taxable","19":"shipping-taxable","20":"purchasable","21":"product-type-simple"},"_links":{"self":[{"href":"https:\/\/cutismedical.shop\/et\/wp-json\/wp\/v2\/product\/13135","targetHints":{"allow":["GET"]}}],"collection":[{"href":"https:\/\/cutismedical.shop\/et\/wp-json\/wp\/v2\/product"}],"about":[{"href":"https:\/\/cutismedical.shop\/et\/wp-json\/wp\/v2\/types\/product"}],"wp:featuredmedia":[{"embeddable":true,"href":"https:\/\/cutismedical.shop\/et\/wp-json\/wp\/v2\/media\/13133"}],"wp:attachment":[{"href":"https:\/\/cutismedical.shop\/et\/wp-json\/wp\/v2\/media?parent=13135"}],"wp:term":[{"taxonomy":"item","embeddable":true,"href":"https:\/\/cutismedical.shop\/et\/wp-json\/wp\/v2\/item?post=13135"},{"taxonomy":"product_cat","embeddable":true,"href":"https:\/\/cutismedical.shop\/et\/wp-json\/wp\/v2\/product_cat?post=13135"},{"taxonomy":"product_tag","embeddable":true,"href":"https:\/\/cutismedical.shop\/et\/wp-json\/wp\/v2\/product_tag?post=13135"}],"curies":[{"name":"wp","href":"https:\/\/api.w.org\/{rel}","templated":true}]}}