{"id":12923,"date":"2020-02-05T14:31:34","date_gmt":"2020-02-05T12:31:34","guid":{"rendered":"https:\/\/cutismedical.com\/shop\/uncategorized\/art-filler-universal-212-ml\/"},"modified":"2024-11-13T20:13:53","modified_gmt":"2024-11-13T18:13:53","slug":"art-filler-universal-212-ml","status":"publish","type":"product","link":"https:\/\/cutismedical.shop\/et\/shop-es\/fillerid-et\/art-filler-universal-212-ml\/","title":{"rendered":"Fillmed | ART FILLER UNIVERSAL (2*1,2 ml)"},"content":{"rendered":"<p>Meie ainulaadse Tri-Hyal\u00ae tehnoloogia abil, mis \u00fchendab pikad, v\u00e4ga pikad ja vabad HA-ahelad, on Universalil koherentne, elastne ja paindlik tekstuur, mida on v\u00e4ga lihtne s\u00fcstida n\u00f5ela v\u00f5i kan\u00fc\u00fcli abil. Osalege \u00fchel meie koolitusp\u00e4eval, et kogeda Art Filleri t\u00e4ielikku potentsiaali. Tutvustame teile kombineeritud ravimeetodeid, et pakkuda oma klientidele isikup\u00e4rastatud ja ainulaadset kogemust suurep\u00e4raste tulemustega. Vaadake veebiseminari ja koolituskogukonda j\u00e4rgmise koolitussessiooni detailide kohta.<\/p>\n<p>Karbi sisu: 2 x 1,2 ml Universal, mis sisaldab 25 mg HA kontsentratsiooni ja 0,3% lidokaiini. Ergonoomiline s\u00fcstal ja k\u00f5rgekvaliteedilised TSK n\u00f5elad, sobivad aspiratsiooniks.<\/p>\n<p>VALMISTATUD EUROOPAS: FILLMED TOOTMINE. Alati CE-m\u00e4rgisega ohutuse ja t\u00e4ieliku j\u00e4lgitavuse tagamiseks.<\/p>\n<p>Teaduse taust:<\/p>\n<p>UNIVERSAL on viskoelastne ristseotud h\u00fcaluroonhappe geel, mis on loomavaba p\u00e4ritoluga ja aja jooksul j\u00e4rk-j\u00e4rgult imendub. See on v\u00e4rvitu, l\u00e4bipaistev, steriilne, mittepirogeenne ja f\u00fcsioloogiline lahus, mis sisaldab 0,3% lidokaiini h\u00fcdrokloriidi, et tagada anesteetilised omadused. Saadaval on 1,2 ml eelnevalt t\u00e4idetud ja \u00fchekordseks kasutamiseks m\u00f5eldud s\u00fcstal. Igas pakendis on 2 UNIVERSAL s\u00fcstalt, 4 steriilset ja \u00fchekordseks kasutamiseks m\u00f5eldud 27G \u00bd\u00b4\u00b4 n\u00f5ela, kasutusjuhend ja 4 j\u00e4lgitavuse silti. Toote j\u00e4lgitavuse tagamiseks tuleb \u00fcks kahest sildist kinnitada patsiendi toimikusse ja teine edastada patsiendile.<\/p>\n","protected":false},"excerpt":{"rendered":"<p><span style=\"color: #ed1c24;\"><strong>Ei ole mu\u0308u\u0308giks ELis!<\/strong><\/span><\/p>\n<p><strong>Art Filler Universal&#8217;i<\/strong> kasutatakse keskmiste ja s\u00fcgavate kortsude t\u00e4itmiseks ning kaotatud mahu taastamiseks. Nagu nimi viitab, on Art Filler Universal n\u00e4idustatud paljude n\u00e4o piirkondade jaoks. Vaadake n\u00e4idustuste lehte selle lehe &#8220;Toote kirjandus&#8221; jaotisest, et saada teavet litsentseeritud piirkondade kohta.<\/p>\n","protected":false},"featured_media":12921,"template":"","meta":{"_seopress_robots_primary_cat":"none","_seopress_titles_title":"","_seopress_titles_desc":"","_seopress_robots_index":""},"item":[1257],"product_cat":[154],"product_tag":[],"class_list":{"0":"post-12923","1":"product","2":"type-product","3":"status-publish","4":"has-post-thumbnail","6":"item-fillmed-et-2","7":"product_cat-fillerid-et","8":"pa_product_main_cat-professionaalne-hooldus","10":"first","11":"instock","12":"taxable","13":"shipping-taxable","14":"purchasable","15":"product-type-simple"},"_links":{"self":[{"href":"https:\/\/cutismedical.shop\/et\/wp-json\/wp\/v2\/product\/12923","targetHints":{"allow":["GET"]}}],"collection":[{"href":"https:\/\/cutismedical.shop\/et\/wp-json\/wp\/v2\/product"}],"about":[{"href":"https:\/\/cutismedical.shop\/et\/wp-json\/wp\/v2\/types\/product"}],"wp:featuredmedia":[{"embeddable":true,"href":"https:\/\/cutismedical.shop\/et\/wp-json\/wp\/v2\/media\/12921"}],"wp:attachment":[{"href":"https:\/\/cutismedical.shop\/et\/wp-json\/wp\/v2\/media?parent=12923"}],"wp:term":[{"taxonomy":"item","embeddable":true,"href":"https:\/\/cutismedical.shop\/et\/wp-json\/wp\/v2\/item?post=12923"},{"taxonomy":"product_cat","embeddable":true,"href":"https:\/\/cutismedical.shop\/et\/wp-json\/wp\/v2\/product_cat?post=12923"},{"taxonomy":"product_tag","embeddable":true,"href":"https:\/\/cutismedical.shop\/et\/wp-json\/wp\/v2\/product_tag?post=12923"}],"curies":[{"name":"wp","href":"https:\/\/api.w.org\/{rel}","templated":true}]}}