{"id":12913,"date":"2020-02-04T18:22:35","date_gmt":"2020-02-04T16:22:35","guid":{"rendered":"https:\/\/cutismedical.com\/shop\/uncategorized\/d-cool-cryo-hot-electroporation\/"},"modified":"2024-11-13T20:16:35","modified_gmt":"2024-11-13T18:16:35","slug":"d-cool-cryo-hot-electroporation","status":"publish","type":"product","link":"https:\/\/cutismedical.shop\/et\/shop-es\/seadmed\/beauty-machine-et\/d-cool-cryo-hot-electroporation\/","title":{"rendered":"Gtg. D-Cool (K\u00fclm + Kuumus + Elektroporatsioon) \/ Iluaparaat"},"content":{"rendered":"","protected":false},"excerpt":{"rendered":"<h4><span style=\"color: #ed1c24;\"><strong>Ei ole mu\u0308u\u0308giks ELis!<\/strong><\/span><\/h4>\n<p>Omadused<br \/>\n\u2022 T\u00e4iustatud jahutus- ja k\u00fcttefunktsioon<br \/>\n(Jahutus -15\u2103 ~ -20\u2103 \/ Kuumutamine 30\u2103 ~ 40\u2103)<br \/>\n\u2022 Pulsi t\u00fc\u00fcbi juhtimine (+) v\u00f5i (-)<br \/>\n\u2022 V\u00f5imalus kasutada igasuguseid lahuseid.<\/p>\n","protected":false},"featured_media":12909,"template":"","meta":{"_seopress_robots_primary_cat":"none","_seopress_titles_title":"","_seopress_titles_desc":"","_seopress_robots_index":""},"item":[1171],"product_cat":[1862,1166],"product_tag":[],"class_list":{"0":"post-12913","1":"product","2":"type-product","3":"status-publish","4":"has-post-thumbnail","6":"item-gtg-wellness-et","7":"product_cat-seadmed","8":"product_cat-beauty-machine-et","9":"pa_product_main_cat-professionaalne-hooldus","11":"first","12":"instock","13":"taxable","14":"shipping-taxable","15":"purchasable","16":"product-type-simple"},"_links":{"self":[{"href":"https:\/\/cutismedical.shop\/et\/wp-json\/wp\/v2\/product\/12913","targetHints":{"allow":["GET"]}}],"collection":[{"href":"https:\/\/cutismedical.shop\/et\/wp-json\/wp\/v2\/product"}],"about":[{"href":"https:\/\/cutismedical.shop\/et\/wp-json\/wp\/v2\/types\/product"}],"wp:featuredmedia":[{"embeddable":true,"href":"https:\/\/cutismedical.shop\/et\/wp-json\/wp\/v2\/media\/12909"}],"wp:attachment":[{"href":"https:\/\/cutismedical.shop\/et\/wp-json\/wp\/v2\/media?parent=12913"}],"wp:term":[{"taxonomy":"item","embeddable":true,"href":"https:\/\/cutismedical.shop\/et\/wp-json\/wp\/v2\/item?post=12913"},{"taxonomy":"product_cat","embeddable":true,"href":"https:\/\/cutismedical.shop\/et\/wp-json\/wp\/v2\/product_cat?post=12913"},{"taxonomy":"product_tag","embeddable":true,"href":"https:\/\/cutismedical.shop\/et\/wp-json\/wp\/v2\/product_tag?post=12913"}],"curies":[{"name":"wp","href":"https:\/\/api.w.org\/{rel}","templated":true}]}}