{"id":12725,"date":"2020-01-21T14:26:13","date_gmt":"2020-01-21T12:26:13","guid":{"rendered":"https:\/\/cutismedical.com\/shop\/uncategorized\/juvederm-ultra-2-2055-ml\/"},"modified":"2024-11-13T20:34:10","modified_gmt":"2024-11-13T18:34:10","slug":"juvederm-ultra-2-2055-ml","status":"publish","type":"product","link":"https:\/\/cutismedical.shop\/et\/shop-es\/fillerid-et\/juvederm-ultra-2-2055-ml\/","title":{"rendered":"Juvederm Ultra 2 (2*0,55 ml)"},"content":{"rendered":"<p><strong><span style=\"color: #282828;\">Juvederm Ultra 2 on loodud j\u00e4rgmiste funktsioonide t\u00e4itmiseks:<\/span><\/strong><\/p>\n<ul>\n<li><span style=\"color: #282828;\">Kaotatud h\u00fcaluroonhappe taastamine<\/span><\/li>\n<li><span style=\"color: #282828;\">Nahaniiskuse, elastsuse ja tooni parandamine<\/span><\/li>\n<li><span style=\"color: #282828;\">Loomuliku, terve ja s\u00e4rava v\u00e4limuse loomine<\/span><\/li>\n<li><span style=\"color: #282828;\">Peenikeste joonte ja kortsude k\u00f5rvaldamine p\u00f5skedel<\/span><\/li>\n<li><span style=\"color: #282828;\">Huulte kontuuri ja mahu korrigeerimine<\/span><\/li>\n<\/ul>\n<p> <strong><span style=\"color: #282828;\">Juvederm Ultra 2 on ideaalne lahendus v\u00f5itlemiseks:<\/span><\/strong> <\/p>\n<ul>\n<li><span style=\"color: #282828;\">Huulte \u00fcmbruse perioraalkortsude v\u00f5i nn suitsetajate kortsudega. Ei suitseta ja m\u00f5tled, miks need tekivad? Need v\u00f5ivad olla ka p\u00e4rilikud, kuid Ultra 2 abil on miljonid naised nendest kortsudest vabanenud.<\/span><\/li>\n<li><span style=\"color: #282828;\">Periorbitaalkortsudega, tuntud ka kui varesejalad.<\/span><\/li>\n<\/ul>\n<p> <span style=\"color: #282828;\"><strong>Juvederm Ultra 2 manustamine<\/strong><\/span><br \/>\n<span style=\"color: #282828;\">Pakendis on kaks eelnevalt t\u00e4idetud 0,55 ml s\u00fcstalt.<\/span><\/p>\n<p><span style=\"color: #282828;\">Ultra 2 tuleb s\u00fcstida naha pindmisesse kihti, kasutades eelnevalt t\u00e4idetud s\u00fcstalt ja 30G1\/6\u201d n\u00f5ela (kaasas)<\/span><\/p>\n<p><strong><span style=\"color: #282828;\">Geeli manustamiseks tuleks kasutada \u00fchte j\u00e4rgmistest tehnikatest:<\/span><\/strong><\/p>\n<ul>\n<li><span style=\"color: #282828;\">J\u00e4rjestikused punktis\u00fcstid<\/span><\/li>\n<li><span style=\"color: #282828;\">Lineaarne tagasiv\u00f5tmise tehnika<\/span><\/li>\n<li><span style=\"color: #282828;\">Eesmine j\u00e4lgimistehnika<\/span><\/li>\n<li><span style=\"color: #282828;\">Ristmustriga tehnika<\/span><\/li>\n<li><span style=\"color: #282828;\">Levitamise tehnikaga<\/span><\/li>\n<li><span style=\"color: #282828;\">Blan\u0161eerimistehnika<\/span><\/li>\n<li><span style=\"color: #282828;\">Mitmepunktiline ja mikro-papulaarne s\u00fcstetehnika<\/span><\/li>\n<\/ul>\n<p> <span style=\"color: #282828;\"><strong>Koostis<\/strong><\/span> <span style=\"color: #282828;\">24 mg\/ml h\u00fcaluroonhapet ja 0,3% lidokaiini.<\/span><\/p>\n","protected":false},"excerpt":{"rendered":"<p><span style=\"color: #ed1c24;\"><strong>Ei ole mu\u0308u\u0308giks ELis!<\/strong><\/span><\/p>\n<p><span style=\"color: #282828;\"><strong>Juvederm Ultra 2<\/strong> koos lidokaiiniga korrigeerib peenikesi jooni ja kortse, suurendades samal ajal huulte mahtu ja kuju, et luua sile, s\u00e4rav ja nooruslik nahk. Tuntud bestseller loodusliku tulemuse t\u00f5ttu.<\/span><\/p>\n<p><span style=\"color: #282828;\">H\u00fcpoallergeenne, biolagunev ja bioloogiliselt \u00fchilduv, sisaldab mitte-loomset p\u00e4ritolu h\u00fcaluroonhapet kontsentratsiooniga 24 mg\/ml ja 0,3% lidokaiini, et v\u00e4hendada protseduuri ajal valu.<\/span><\/p>\n<p>&nbsp;<\/p>\n","protected":false},"featured_media":12723,"template":"","meta":{"_seopress_robots_primary_cat":"none","_seopress_titles_title":"","_seopress_titles_desc":"","_seopress_robots_index":""},"item":[1264],"product_cat":[154],"product_tag":[],"class_list":{"0":"post-12725","1":"product","2":"type-product","3":"status-publish","4":"has-post-thumbnail","6":"item-juvederm-et-2","7":"product_cat-fillerid-et","8":"pa_product_main_cat-professionaalne-hooldus","10":"first","11":"instock","12":"taxable","13":"shipping-taxable","14":"purchasable","15":"product-type-simple"},"_links":{"self":[{"href":"https:\/\/cutismedical.shop\/et\/wp-json\/wp\/v2\/product\/12725","targetHints":{"allow":["GET"]}}],"collection":[{"href":"https:\/\/cutismedical.shop\/et\/wp-json\/wp\/v2\/product"}],"about":[{"href":"https:\/\/cutismedical.shop\/et\/wp-json\/wp\/v2\/types\/product"}],"wp:featuredmedia":[{"embeddable":true,"href":"https:\/\/cutismedical.shop\/et\/wp-json\/wp\/v2\/media\/12723"}],"wp:attachment":[{"href":"https:\/\/cutismedical.shop\/et\/wp-json\/wp\/v2\/media?parent=12725"}],"wp:term":[{"taxonomy":"item","embeddable":true,"href":"https:\/\/cutismedical.shop\/et\/wp-json\/wp\/v2\/item?post=12725"},{"taxonomy":"product_cat","embeddable":true,"href":"https:\/\/cutismedical.shop\/et\/wp-json\/wp\/v2\/product_cat?post=12725"},{"taxonomy":"product_tag","embeddable":true,"href":"https:\/\/cutismedical.shop\/et\/wp-json\/wp\/v2\/product_tag?post=12725"}],"curies":[{"name":"wp","href":"https:\/\/api.w.org\/{rel}","templated":true}]}}