{"id":12681,"date":"2020-01-20T17:35:36","date_gmt":"2020-01-20T15:35:36","guid":{"rendered":"https:\/\/cutismedical.com\/shop\/uncategorized\/meso-eye-c71-11ml\/"},"modified":"2024-11-13T20:50:00","modified_gmt":"2024-11-13T18:50:00","slug":"meso-eye-c71-11ml__trashed","status":"publish","type":"product","link":"https:\/\/cutismedical.shop\/et\/shop-es\/mesoteraapia-et\/mesotherapy-for-eyes-et\/meso-eye-c71-11ml__trashed\/","title":{"rendered":"ABG Lab. Meso Eye C71 (1*1 ml)"},"content":{"rendered":"<p>Koostis: PeriOrbitalReptide XP2, Heksapeptiid, 17DRMC kompleks (ei sisalda loomset p\u00e4ritolu valke)<\/p>\n<div>Revolutsiooniline koostis Meso Eye C71 radikaalseks vananemisvastaseks teraapiaks<\/div>\n<div>Ameerika kosmeetikaalaseid uuendusi loov ABG LAB labor t\u00f6\u00f6tas aastaid ainulaadse n\u00e4onahale m\u00f5eldud kokteili loomise kallal. Ja tema pingutused ei olnud asjatud. Meso Eye C71 uuenduslik valem sisaldab kahte olulist peptiidi: PeriOrbital Peptide XP2 ja Heksapeptiid 17, mis on t\u00e4iendatud f\u00fcsioloogiliselt sobiva h\u00fcaluroonhappega, samuti vitamiinide, mikroelementide, aminohapete ja nukleotiidide kompleksiga.<\/div>\n<div><\/div>\n<div>Kosmetoloogiliste probleemide lahendamiseks sisaldab preparaat esmakordselt AKE inhibiitorit PeriOrbital Peptide XP2, mis v\u00e4hendab arterioolide spasmi, taastab kollageeni ja elastiini puudust ning k\u00e4ivitab lipomodifikatsiooni efekti. Ens\u00fc\u00fcm ringleb aktiivselt rakuv\u00e4lises ruumis ja nahaaluses rasvkoes.<\/div>\n<div><\/div>\n<div>Peptiid-vasoprotektor Heksapeptiid 17 m\u00f5jub l\u00fcmfisoontele, parandades mikrotsirkulatsiooni, pakkudes p\u00f5letikuvastast ja l\u00fcmfidrenaa\u017ei toimet.<\/div>\n<div><\/div>\n<div>DMRC kompleksi peamine \u00fclesanne on noorendada ja pinguldada n\u00e4onahka, parandada selle v\u00e4rvi ja mikroreljeefi, taastada kahjustatud piirkondi (revitalisatsioon).<\/div>\n<div><\/div>\n","protected":false},"excerpt":{"rendered":"<h4><span style=\"color: #ed1c24;\"><strong>Ei ole mu\u0308u\u0308giks ELis!<\/strong><\/span><\/h4>\n<p>Soovitatav: silma\u00fcmbruse naha vananemismuutuste korrigeerimiseks.<\/p>\n","protected":false},"featured_media":12679,"template":"","meta":{"_seopress_robots_primary_cat":"","_seopress_titles_title":"","_seopress_titles_desc":"","_seopress_robots_index":""},"item":[1201],"product_cat":[155,1122],"product_tag":[1888],"class_list":{"0":"post-12681","1":"product","2":"type-product","3":"status-publish","4":"has-post-thumbnail","6":"item-abg-lab-et","7":"product_cat-mesoteraapia-et","8":"product_cat-mesotherapy-for-eyes-et","9":"product_tag-tundlik-nahk","10":"pa_product_main_cat-professionaalne-hooldus","12":"first","13":"instock","14":"taxable","15":"shipping-taxable","16":"purchasable","17":"product-type-variable"},"_links":{"self":[{"href":"https:\/\/cutismedical.shop\/et\/wp-json\/wp\/v2\/product\/12681","targetHints":{"allow":["GET"]}}],"collection":[{"href":"https:\/\/cutismedical.shop\/et\/wp-json\/wp\/v2\/product"}],"about":[{"href":"https:\/\/cutismedical.shop\/et\/wp-json\/wp\/v2\/types\/product"}],"wp:featuredmedia":[{"embeddable":true,"href":"https:\/\/cutismedical.shop\/et\/wp-json\/wp\/v2\/media\/12679"}],"wp:attachment":[{"href":"https:\/\/cutismedical.shop\/et\/wp-json\/wp\/v2\/media?parent=12681"}],"wp:term":[{"taxonomy":"item","embeddable":true,"href":"https:\/\/cutismedical.shop\/et\/wp-json\/wp\/v2\/item?post=12681"},{"taxonomy":"product_cat","embeddable":true,"href":"https:\/\/cutismedical.shop\/et\/wp-json\/wp\/v2\/product_cat?post=12681"},{"taxonomy":"product_tag","embeddable":true,"href":"https:\/\/cutismedical.shop\/et\/wp-json\/wp\/v2\/product_tag?post=12681"}],"curies":[{"name":"wp","href":"https:\/\/api.w.org\/{rel}","templated":true}]}}