{"id":12675,"date":"2020-01-20T17:29:12","date_gmt":"2020-01-20T15:29:12","guid":{"rendered":"https:\/\/cutismedical.com\/shop\/uncategorized\/meso-sculpt-c71-11ml\/"},"modified":"2024-12-25T13:07:19","modified_gmt":"2024-12-25T11:07:19","slug":"meso-sculpt-c71-11ml__trashed","status":"publish","type":"product","link":"https:\/\/cutismedical.shop\/et\/shop-es\/mesoteraapia-et\/body-mesotherapy-et\/meso-sculpt-c71-11ml__trashed\/","title":{"rendered":"ABG Lab. Meso Sculpt C71 (1*1 ml) \/ N\u00e4o lipol\u00fc\u00fctik"},"content":{"rendered":"<div><strong>Meso Sculpt C71 (Meso Sculpt)<\/strong> kasutamine, mis on bioloogiline lipomodifikaator, v\u00f5imaldab kosmetoloogidel saavutada maksimaalset lipomodelleerimis- ja esteetilist efekti ilma vajaduseta selliste kirurgiliste protseduuride j\u00e4rele nagu rasvaimu ja lifting.<\/div>\n<div><\/div>\n<div>N\u00e4o biomodelleerimise protseduur Meso Sculpt C71 s\u00fcstide abil k\u00f5rvaldab sellised esteetilised vananemisilmingud nagu teine l\u00f5ug, l\u00f5tvunud nasolabiaalkortsud, \u201ekotid\u201d silmade all, \u201eh\u00e4gune\u201d n\u00e4ojoon jms.<\/div>\n<div><\/div>\n<div>S\u00fcstlava lipomodifikaatori toime on suunatud n\u00e4okontuuri \u00fcmardatud, selgete ja elastsete mahtude taastamisele, mis aja jooksul vanusega muutuvad.<\/div>\n<div><\/div>\n<div>Koostis: Meso Sculpt C71 on steriilne viskoelastne geel, ap\u00fcrogeenne toime koos atraumaatilise lipomodifitseeriva efektiga. Ravimi kogus on 1 ml = 20 ED, 1 ED = 0,05 ml.<\/div>\n","protected":false},"excerpt":{"rendered":"<p><span style=\"color: #ed1c24;\"><strong>Ei ole mu\u0308u\u0308giks ELis!<\/strong><\/span><\/p>\n<p><strong>Meso Sculpt C71 (Meso Sculpt)<\/strong> on Ameerika biotehnoloogiaettev\u00f5tte ABG LAB LLC (USA) ainulaadne arendus, mis soodustab n\u00e4o ja keha naha \u00fcmberstruktureerimist ja remodellimist.<\/p>\n","protected":false},"featured_media":12673,"template":"","meta":{"_seopress_robots_primary_cat":"none","_seopress_titles_title":"","_seopress_titles_desc":"","_seopress_robots_index":""},"item":[1201],"product_cat":[155,1188,1131],"product_tag":[1900],"class_list":{"0":"post-12675","1":"product","2":"type-product","3":"status-publish","4":"has-post-thumbnail","6":"item-abg-lab-et","7":"product_cat-mesoteraapia-et","8":"product_cat-nagu-et","9":"product_cat-body-mesotherapy-et","10":"product_tag-lotvunud-nahk","11":"pa_product_main_cat-professionaalne-hooldus","13":"first","14":"instock","15":"taxable","16":"shipping-taxable","17":"purchasable","18":"product-type-variable"},"_links":{"self":[{"href":"https:\/\/cutismedical.shop\/et\/wp-json\/wp\/v2\/product\/12675","targetHints":{"allow":["GET"]}}],"collection":[{"href":"https:\/\/cutismedical.shop\/et\/wp-json\/wp\/v2\/product"}],"about":[{"href":"https:\/\/cutismedical.shop\/et\/wp-json\/wp\/v2\/types\/product"}],"wp:featuredmedia":[{"embeddable":true,"href":"https:\/\/cutismedical.shop\/et\/wp-json\/wp\/v2\/media\/12673"}],"wp:attachment":[{"href":"https:\/\/cutismedical.shop\/et\/wp-json\/wp\/v2\/media?parent=12675"}],"wp:term":[{"taxonomy":"item","embeddable":true,"href":"https:\/\/cutismedical.shop\/et\/wp-json\/wp\/v2\/item?post=12675"},{"taxonomy":"product_cat","embeddable":true,"href":"https:\/\/cutismedical.shop\/et\/wp-json\/wp\/v2\/product_cat?post=12675"},{"taxonomy":"product_tag","embeddable":true,"href":"https:\/\/cutismedical.shop\/et\/wp-json\/wp\/v2\/product_tag?post=12675"}],"curies":[{"name":"wp","href":"https:\/\/api.w.org\/{rel}","templated":true}]}}