{"id":12669,"date":"2020-01-20T17:14:27","date_gmt":"2020-01-20T15:14:27","guid":{"rendered":"https:\/\/cutismedical.com\/shop\/uncategorized\/meso-warton-f199-11-5ml\/"},"modified":"2024-11-13T21:04:04","modified_gmt":"2024-11-13T19:04:04","slug":"meso-warton-f199-11-5ml__trashed","status":"publish","type":"product","link":"https:\/\/cutismedical.shop\/et\/shop-es\/mesoteraapia-et\/nagu-et\/meso-warton-f199-11-5ml__trashed\/","title":{"rendered":"ABG Lab. Meso-Warton P199 (1*1,5 ml) \/ Vananemisvastane vahend"},"content":{"rendered":"<p>Koostis: Whartoni \u017eelee peptiid P199, s\u00fcnteetiline h\u00fcaluroonhape, bioaktiivne vitamiinikompleks (A, B-grupp, C, E, K), peptiidid, aminohapped, mineraalid ja koens\u00fc\u00fcm.<\/p>\n<p>Innovaatiline toode \u2014 loodud vananemism\u00e4rkide ennetamiseks, t\u00f5husaks taastumiseks p\u00e4rast operatsiooni, nahale kosmeetilise m\u00f5ju saavutamiseks ja armistumise v\u00e4hendamiseks.<\/p>\n","protected":false},"excerpt":{"rendered":"<p>Meso-Warton on bioremediatsiooni vahend, mis sisaldab kompleksi, milles iga komponent m\u00e4ngib oma rolli vananemisega seotud muutuste vastu v\u00f5itlemisel.<\/p>\n","protected":false},"featured_media":12667,"template":"","meta":{"_seopress_robots_primary_cat":"","_seopress_titles_title":"","_seopress_titles_desc":"","_seopress_robots_index":""},"item":[1201],"product_cat":[155,1188,1864,1865,1866,1869],"product_tag":[1885,1900,1897],"class_list":{"0":"post-12669","1":"product","2":"type-product","3":"status-publish","4":"has-post-thumbnail","6":"item-abg-lab-et","7":"product_cat-mesoteraapia-et","8":"product_cat-nagu-et","9":"product_cat-antioksudandid","10":"product_cat-tugevdamine-naha-pinguldamine","11":"product_cat-liftingu-efekt-pinguldav-toime","12":"product_cat-naha-taastamine","13":"product_tag-kortsud","14":"product_tag-lotvunud-nahk","15":"product_tag-pigmendilaigud","16":"pa_product_main_cat-professionaalne-hooldus","18":"first","19":"instock","20":"taxable","21":"shipping-taxable","22":"purchasable","23":"product-type-variable"},"_links":{"self":[{"href":"https:\/\/cutismedical.shop\/et\/wp-json\/wp\/v2\/product\/12669","targetHints":{"allow":["GET"]}}],"collection":[{"href":"https:\/\/cutismedical.shop\/et\/wp-json\/wp\/v2\/product"}],"about":[{"href":"https:\/\/cutismedical.shop\/et\/wp-json\/wp\/v2\/types\/product"}],"wp:featuredmedia":[{"embeddable":true,"href":"https:\/\/cutismedical.shop\/et\/wp-json\/wp\/v2\/media\/12667"}],"wp:attachment":[{"href":"https:\/\/cutismedical.shop\/et\/wp-json\/wp\/v2\/media?parent=12669"}],"wp:term":[{"taxonomy":"item","embeddable":true,"href":"https:\/\/cutismedical.shop\/et\/wp-json\/wp\/v2\/item?post=12669"},{"taxonomy":"product_cat","embeddable":true,"href":"https:\/\/cutismedical.shop\/et\/wp-json\/wp\/v2\/product_cat?post=12669"},{"taxonomy":"product_tag","embeddable":true,"href":"https:\/\/cutismedical.shop\/et\/wp-json\/wp\/v2\/product_tag?post=12669"}],"curies":[{"name":"wp","href":"https:\/\/api.w.org\/{rel}","templated":true}]}}