{"id":12243,"date":"2019-10-21T11:50:10","date_gmt":"2019-10-21T09:50:10","guid":{"rendered":"https:\/\/cutismedical.com\/product\/aquashine-12ml\/"},"modified":"2025-07-02T14:19:10","modified_gmt":"2025-07-02T12:19:10","slug":"aquashine-12ml","status":"publish","type":"product","link":"https:\/\/cutismedical.shop\/et\/shop-es\/biorevitalisant-et\/aquashine-12ml\/","title":{"rendered":"Aquashine | Pehme T\u00e4iteaine (2 s\u00fcstalt x 2 ml.)"},"content":{"rendered":"<p>Aquashine Soft Filler v\u00e4hendab kortse ja parandab naha elastsust, luues uusi naharakke. See taaselustab v\u00e4sinud ja tuhmi nahka, maksimeerides rakkude proliferatsiooni ja v\u00e4hendades nahaprobleeme. Puhas h\u00fcaluroonhape niisutab nahka ja ahendab poore. Preparaat s\u00fcstitakse epidermaalsesse \/ pindmisesse kuni keskmise dermisse. Selle tootega on kaasas 2 s\u00fcstalt.<\/p>\n<p>&nbsp;<\/p>\n<p><strong>Aquashine pehme t\u00e4iteaine eelised 2ml\u200b:<\/strong><\/p>\n<p>Parandage peened jooned ja kortsud<\/p>\n<p>Parandada naha elastsust<\/p>\n<p>Genereerige uusi naharakke<\/p>\n<p><span class=\"aNeGP0gI0B9AV8JaHPyH\" data-src-align=\"492:10\">Taaselustada<\/span> <span class=\"aNeGP0gI0B9AV8JaHPyH\" data-src-align=\"507:4\">nahka<\/span><\/p>\n<p>Niisutab nahka ja ahendab poore<\/p>\n<p>&nbsp;<\/p>\n<p><strong>Ravi valdkonnad:<\/strong><\/p>\n<p>N\u00e4gu<\/p>\n<p>Kael<\/p>\n<p>Dekoltee piirkond<\/p>\n<p>&nbsp;<\/p>\n<p><strong>Kui kaua tulemus kestab?<\/strong><\/p>\n<p>\u00dcldiselt v\u00f5ivad tulemused kesta kuni 12 kuud. Kestus s\u00f5ltub inimese elustiilist, vanusest ja nahat\u00fc\u00fcbist.<\/p>\n","protected":false},"excerpt":{"rendered":"<p>Aquashine Soft Filler on kortsudevastane ja nahka noorendav t\u00e4iteaine, mis koosneb bioaktiivsetest koostisosadest, sealhulgas h\u00fcaluroonhappest, multi-vitamiinidest ja aminohapetest.<\/p>\n","protected":false},"featured_media":108584,"template":"","meta":{"_seopress_robots_primary_cat":"none","_seopress_titles_title":"","_seopress_titles_desc":"","_seopress_robots_index":""},"item":[1250],"product_cat":[315],"product_tag":[],"class_list":{"0":"post-12243","1":"product","2":"type-product","3":"status-publish","4":"has-post-thumbnail","6":"item-aquashine-et-2","7":"product_cat-biorevitalisant-et","8":"pa_product_main_cat-professionaalne-hooldus","10":"first","11":"instock","12":"taxable","13":"shipping-taxable","14":"purchasable","15":"product-type-simple"},"_links":{"self":[{"href":"https:\/\/cutismedical.shop\/et\/wp-json\/wp\/v2\/product\/12243","targetHints":{"allow":["GET"]}}],"collection":[{"href":"https:\/\/cutismedical.shop\/et\/wp-json\/wp\/v2\/product"}],"about":[{"href":"https:\/\/cutismedical.shop\/et\/wp-json\/wp\/v2\/types\/product"}],"wp:featuredmedia":[{"embeddable":true,"href":"https:\/\/cutismedical.shop\/et\/wp-json\/wp\/v2\/media\/108584"}],"wp:attachment":[{"href":"https:\/\/cutismedical.shop\/et\/wp-json\/wp\/v2\/media?parent=12243"}],"wp:term":[{"taxonomy":"item","embeddable":true,"href":"https:\/\/cutismedical.shop\/et\/wp-json\/wp\/v2\/item?post=12243"},{"taxonomy":"product_cat","embeddable":true,"href":"https:\/\/cutismedical.shop\/et\/wp-json\/wp\/v2\/product_cat?post=12243"},{"taxonomy":"product_tag","embeddable":true,"href":"https:\/\/cutismedical.shop\/et\/wp-json\/wp\/v2\/product_tag?post=12243"}],"curies":[{"name":"wp","href":"https:\/\/api.w.org\/{rel}","templated":true}]}}