{"id":12227,"date":"2019-10-21T11:12:46","date_gmt":"2019-10-21T09:15:42","guid":{"rendered":"https:\/\/cutismedical.com\/?post_type=product&#038;p=12227"},"modified":"2024-11-13T23:50:40","modified_gmt":"2024-11-13T21:50:40","slug":"hyaluronidase-5ml","status":"publish","type":"product","link":"https:\/\/cutismedical.shop\/et\/shop-es\/mesoteraapia-et\/hyaluronidase-et\/hyaluronidase-5ml\/","title":{"rendered":"Toskani Hyaluronidase (5*1500 IU)"},"content":{"rendered":"<p>Selle toime takistab gl\u00fckosaminogl\u00fckaanide, n\u00e4iteks h\u00fcaluroonhappe, kogunemist, mis v\u00f5ib p\u00f5hjustada veepeetust. H\u00fcaluronidaas v\u00f5imaldab liigse vedeliku eemaldamist soodsal viisil. See on t\u00f5hus ens\u00fc\u00fcm, mis soodustab tselluliidiga seotud fibroosi k\u00f5rvaldamist.<\/p>\n<h4><strong>N\u00e4idustused:<\/strong><\/h4>\n<ul class=\"tc-list-square push-20\">\n<li>Antitselluliit<\/li>\n<\/ul>\n","protected":false},"excerpt":{"rendered":"<h4><span style=\"color: #ed1c24;\"><strong>Ei ole mu\u0308u\u0308giks ELis!<\/strong><\/span><\/h4>\n<p>H\u00fcaluronidaas on valk-ens\u00fc\u00fcm, mis muudab kudede l\u00e4bilaskvust h\u00fcaluroonhappe h\u00fcdrol\u00fc\u00fcsi teel.<\/p>\n","protected":false},"featured_media":12223,"template":"","meta":{"_seopress_robots_primary_cat":"none","_seopress_titles_title":"","_seopress_titles_desc":"","_seopress_robots_index":""},"item":[1206],"product_cat":[155,1304],"product_tag":[],"class_list":{"0":"post-12227","1":"product","2":"type-product","3":"status-publish","4":"has-post-thumbnail","6":"item-toskanicosmetics-et-2","7":"product_cat-mesoteraapia-et","8":"product_cat-hyaluronidase-et","9":"pa_product_main_cat-professionaalne-hooldus","11":"first","12":"instock","13":"taxable","14":"shipping-taxable","15":"purchasable","16":"product-type-simple"},"_links":{"self":[{"href":"https:\/\/cutismedical.shop\/et\/wp-json\/wp\/v2\/product\/12227","targetHints":{"allow":["GET"]}}],"collection":[{"href":"https:\/\/cutismedical.shop\/et\/wp-json\/wp\/v2\/product"}],"about":[{"href":"https:\/\/cutismedical.shop\/et\/wp-json\/wp\/v2\/types\/product"}],"wp:featuredmedia":[{"embeddable":true,"href":"https:\/\/cutismedical.shop\/et\/wp-json\/wp\/v2\/media\/12223"}],"wp:attachment":[{"href":"https:\/\/cutismedical.shop\/et\/wp-json\/wp\/v2\/media?parent=12227"}],"wp:term":[{"taxonomy":"item","embeddable":true,"href":"https:\/\/cutismedical.shop\/et\/wp-json\/wp\/v2\/item?post=12227"},{"taxonomy":"product_cat","embeddable":true,"href":"https:\/\/cutismedical.shop\/et\/wp-json\/wp\/v2\/product_cat?post=12227"},{"taxonomy":"product_tag","embeddable":true,"href":"https:\/\/cutismedical.shop\/et\/wp-json\/wp\/v2\/product_tag?post=12227"}],"curies":[{"name":"wp","href":"https:\/\/api.w.org\/{rel}","templated":true}]}}