{"id":12201,"date":"2019-10-20T15:20:52","date_gmt":"2019-10-20T13:20:52","guid":{"rendered":"https:\/\/cutismedical.com\/product\/toskani-hppr-5ml\/"},"modified":"2024-12-23T15:26:51","modified_gmt":"2024-12-23T13:26:51","slug":"toskani-hppr-5ml","status":"publish","type":"product","link":"https:\/\/cutismedical.shop\/et\/shop-es\/mesoteraapia-et\/hair-et\/toskani-hppr-5ml\/","title":{"rendered":"Toskani H\u0421PR (5*5 ml) \/ Juustele"},"content":{"rendered":"<p>See protseduur stimuleerib juuste kasvu, elavdades juuksefolliikuleid ja aktiveerides vere mikrotsirkulatsiooni. HCPR parandab peanaha seisundit, niisutades ja toites seda. See TOSKANI kokteil tugevdab ka juuksejuuri ja suurendab juuste paksust ja tihedust.<\/p>\n<h4><strong>N\u00e4idustused:<\/strong><\/h4>\n<ul class=\"tc-list-square push-20\">\n<li>Meest\u00fc\u00fcpi kiilasp\u00e4isus<\/li>\n<li>Naistet\u00fc\u00fcpi kiilasp\u00e4isus<\/li>\n<li>Alaopeetsia areata<\/li>\n<li>Armi alaopeetsia<\/li>\n<\/ul>\n","protected":false},"excerpt":{"rendered":"<h4><span style=\"color: #ed1c24;\"><strong>Ei ole mu\u0308u\u0308giks ELis!<\/strong><\/span><\/h4>\n<p>TOSKANI HCPR on peptiidip\u00f5hine mesoteraapia kokteil, mis aitab ennetada juuste v\u00e4ljalangemist ja alopeetsiat nii naistel kui meestel.<\/p>\n","protected":false},"featured_media":12197,"template":"","meta":{"_seopress_robots_primary_cat":"none","_seopress_titles_title":"","_seopress_titles_desc":"","_seopress_robots_index":""},"item":[1206],"product_cat":[155,1190],"product_tag":[],"class_list":{"0":"post-12201","1":"product","2":"type-product","3":"status-publish","4":"has-post-thumbnail","6":"item-toskanicosmetics-et-2","7":"product_cat-mesoteraapia-et","8":"product_cat-hair-et","9":"pa_product_main_cat-professionaalne-hooldus","11":"first","12":"instock","13":"taxable","14":"shipping-taxable","15":"purchasable","16":"product-type-simple"},"_links":{"self":[{"href":"https:\/\/cutismedical.shop\/et\/wp-json\/wp\/v2\/product\/12201","targetHints":{"allow":["GET"]}}],"collection":[{"href":"https:\/\/cutismedical.shop\/et\/wp-json\/wp\/v2\/product"}],"about":[{"href":"https:\/\/cutismedical.shop\/et\/wp-json\/wp\/v2\/types\/product"}],"wp:featuredmedia":[{"embeddable":true,"href":"https:\/\/cutismedical.shop\/et\/wp-json\/wp\/v2\/media\/12197"}],"wp:attachment":[{"href":"https:\/\/cutismedical.shop\/et\/wp-json\/wp\/v2\/media?parent=12201"}],"wp:term":[{"taxonomy":"item","embeddable":true,"href":"https:\/\/cutismedical.shop\/et\/wp-json\/wp\/v2\/item?post=12201"},{"taxonomy":"product_cat","embeddable":true,"href":"https:\/\/cutismedical.shop\/et\/wp-json\/wp\/v2\/product_cat?post=12201"},{"taxonomy":"product_tag","embeddable":true,"href":"https:\/\/cutismedical.shop\/et\/wp-json\/wp\/v2\/product_tag?post=12201"}],"curies":[{"name":"wp","href":"https:\/\/api.w.org\/{rel}","templated":true}]}}