{"id":12189,"date":"2019-10-20T14:52:25","date_gmt":"2019-10-20T12:52:25","guid":{"rendered":"https:\/\/cutismedical.com\/product\/toskani-ecpr-5ml\/"},"modified":"2024-11-13T23:58:53","modified_gmt":"2024-11-13T21:58:53","slug":"toskani-ecpr-5ml","status":"publish","type":"product","link":"https:\/\/cutismedical.shop\/et\/shop-es\/mesoteraapia-et\/mesotherapy-for-eyes-et\/toskani-ecpr-5ml\/","title":{"rendered":"Toskani ECPR (5*5 ml) \/ Silma\u00fcmbruse jaoks"},"content":{"rendered":"<p>See TOSKANI Cosmetics&#8217;i poolt v\u00e4lja t\u00f6\u00f6tatud mesoteraapia toode pakub t\u00f5husat toimet silmade tundlikule piirkonnale, v\u00e4hendades vananemise m\u00e4rke, pigmentatsioonih\u00e4ireid ja mikrotsirkulatsiooni probleeme.<\/p>\n<h5>N\u00e4idustused:<\/h5>\n<ul class=\"tc-list-square push-20\">\n<li>Silmaalused kotid<\/li>\n<li>Kanavarbad (v\u00e4ikesed kortsud silma \u00fcmber)<\/li>\n<li>Tumedad ringid<\/li>\n<li>Peened kortsud<\/li>\n<li>Pigmentatsioon<\/li>\n<li>Deh\u00fcdratsioon<\/li>\n<\/ul>\n","protected":false},"excerpt":{"rendered":"<h4><span style=\"color: #ed1c24;\"><strong>Ei ole mu\u0308u\u0308giks ELis!<\/strong><\/span><\/h4>\n<p>TOSKANI ECPR on peptiidip\u00f5hine mesokokteil, mis pakub t\u00e4iustatud hooldust silma\u00fcmbruse kontuuride jaoks.<\/p>\n","protected":false},"featured_media":12184,"template":"","meta":{"_seopress_robots_primary_cat":"none","_seopress_titles_title":"","_seopress_titles_desc":"","_seopress_robots_index":""},"item":[1206],"product_cat":[155,1122],"product_tag":[1888],"class_list":{"0":"post-12189","1":"product","2":"type-product","3":"status-publish","4":"has-post-thumbnail","6":"item-toskanicosmetics-et-2","7":"product_cat-mesoteraapia-et","8":"product_cat-mesotherapy-for-eyes-et","9":"product_tag-tundlik-nahk","10":"pa_product_main_cat-professionaalne-hooldus","12":"first","13":"instock","14":"taxable","15":"shipping-taxable","16":"purchasable","17":"product-type-simple"},"_links":{"self":[{"href":"https:\/\/cutismedical.shop\/et\/wp-json\/wp\/v2\/product\/12189","targetHints":{"allow":["GET"]}}],"collection":[{"href":"https:\/\/cutismedical.shop\/et\/wp-json\/wp\/v2\/product"}],"about":[{"href":"https:\/\/cutismedical.shop\/et\/wp-json\/wp\/v2\/types\/product"}],"wp:featuredmedia":[{"embeddable":true,"href":"https:\/\/cutismedical.shop\/et\/wp-json\/wp\/v2\/media\/12184"}],"wp:attachment":[{"href":"https:\/\/cutismedical.shop\/et\/wp-json\/wp\/v2\/media?parent=12189"}],"wp:term":[{"taxonomy":"item","embeddable":true,"href":"https:\/\/cutismedical.shop\/et\/wp-json\/wp\/v2\/item?post=12189"},{"taxonomy":"product_cat","embeddable":true,"href":"https:\/\/cutismedical.shop\/et\/wp-json\/wp\/v2\/product_cat?post=12189"},{"taxonomy":"product_tag","embeddable":true,"href":"https:\/\/cutismedical.shop\/et\/wp-json\/wp\/v2\/product_tag?post=12189"}],"curies":[{"name":"wp","href":"https:\/\/api.w.org\/{rel}","templated":true}]}}