{"id":12123,"date":"2019-10-18T15:36:33","date_gmt":"2019-10-18T13:36:33","guid":{"rendered":"https:\/\/cutismedical.com\/product\/juvederm-volbella-lid-210-ml\/"},"modified":"2024-11-14T00:04:49","modified_gmt":"2024-11-13T22:04:49","slug":"juvederm-volbella-lid-210-ml","status":"publish","type":"product","link":"https:\/\/cutismedical.shop\/et\/shop-es\/fillerid-et\/juvederm-volbella-lid-210-ml\/","title":{"rendered":"Juvederm Volbella Lid (2*1,0 ml)"},"content":{"rendered":"<p><span style=\"color: #282828;\"><strong>Juvederm Volbella<\/strong> kasutatakse huulte kujundamiseks, kulmude joone taastamiseks v\u00f5i aja jooksul tekkivate kortsude pehmendamiseks n\u00e4ol. Juvederm Volbella, mida toodab Juvederm Laboratory, toimib nagu kunstlik rasvakiht. See geel t\u00e4idab m\u00f5\u00f5dukad kortsud ja hoiab \u00e4ra kortsude s\u00fcvenemise.<\/span><\/p>\n<p><span style=\"color: #282828;\">Juvederm Volbella koostis:<\/span><\/p>\n<ul>\n<li><span style=\"color: #282828;\">S\u00fcstal h\u00fcaluroonhappe geeliga 15 mg\/ml<\/span><\/li>\n<li><span style=\"color: #282828;\">3 mg lidokaiini (0,3%)<\/span><\/li>\n<li><span style=\"color: #282828;\">Fosfaatpuhver lahus pH 7,2 kuni 1 ml<\/span><\/li>\n<\/ul>\n<p> <span style=\"color: #282828;\"><strong>Omadused:<\/strong><\/span><br \/>\n<span style=\"color: #282828;\">Juvederm Volbella (2&#215;1 ml) on v\u00f5imas tehnoloogia nimega Vycross tulemus. See v\u00f5imaldab h\u00fcaluroonhappel p\u00fcsida nahas kauem ja tagab selle \u00fchtlase jaotumise p\u00e4rast s\u00fcstimist. Abiaine puudumine v\u00f5imaldab geeli kiiret s\u00fcstimist (keskmiselt 15 minutiga). Toode on efektiivne ja h\u00e4sti talutav.<\/span><\/p>\n<h4><strong><span style=\"color: #282828;\">Juvederm Volbella s\u00fcstimise piirkonnad:<\/span><\/strong><\/h4>\n<p> <span style=\"color: #282828;\">Enamikku n\u00e4o piirkondi saab taastada v\u00f5i t\u00e4iustada Volbella abil, n\u00e4iteks:<\/span> <\/p>\n<ul>\n<li><span style=\"color: #282828;\">Huuled<\/span><\/li>\n<li><span style=\"color: #282828;\">Nasolabiaalsed voldid<\/span><\/li>\n<li><span style=\"color: #282828;\">Pisarakanalid<\/span><\/li>\n<li><span style=\"color: #282828;\">Kanavarbad ja silmakontuurid<\/span><\/li>\n<li><span style=\"color: #282828;\">Otsmik, kulmud ja oimukohad<\/span><\/li>\n<\/ul>\n<h4><strong><span style=\"color: #282828;\">Juvederm Volbella kasutusprotsess:<\/span><\/strong><\/h4>\n<p> <span style=\"color: #282828;\">Juvederm Volbella protseduuri kestus s\u00f5ltub t\u00f6\u00f6deldavast pinnast: umbes 30 minutit, kaasa arvatud konsultatsioon. N\u00f5el tuleks asetada dermise ja epidermise vahele, s\u00f5ltuvalt kortsude laiusest. T\u00e4nu 0,3% lidokaiini sisaldusele on t\u00e4itmine valutu.<\/span><br \/>\n<span style=\"color: #282828;\">P\u00e4rast protseduuri v\u00f5ivad tekkida sinikad ja paistetus. Protseduur h\u00f5lmab naha barj\u00e4\u00e4ri l\u00e4bistamist, mist\u00f5ttu isegi h\u00fcgieenireeglite j\u00e4rgimisel on v\u00e4ikesed nakkusjuhtumid v\u00f5imalikud.<\/span><\/p>\n<p><span style=\"color: #282828;\">Juvederm Volbella&#8217;t tohivad kasutada ainult v\u00e4lja\u00f5ppinud spetsialistid. Ravim on keelatud rasedatele, alaealistele ja allergilistele patsientidele.<\/span><\/p>\n<p><span style=\"color: #282828;\"><strong>Juvederm Volbella tulemused:<\/strong><\/span><\/p>\n<p><span style=\"color: #282828;\">Tulemused on kohesed: nahk muutub pinguldatuks ja nooruslikuks t\u00e4nu geeli \u00fchtlasele jaotumisele. Peened jooned kaovad ja l\u00f5hed v\u00e4henevad.<\/span><\/p>\n<p><span style=\"color: #282828;\">Tulemused kestavad umbes 12 kuud. Kuid vanematel inimestel on vajalik sagedasem korrigeerimine.<\/span><\/p>\n<p><span style=\"color: #282828;\">T\u00e4idetud nahk muutub s\u00e4ravaks ja eluj\u00f5uliseks: pikaajaline efekt, mis k\u00f6idab iga aastaga \u00fcha rohkem patsiente.<\/span><\/p>\n","protected":false},"excerpt":{"rendered":"<p><span style=\"color: #d83131;\"><strong>Ei ole mu\u0308u\u0308giks ELis!<\/strong><\/span><\/p>\n<p><strong>Juvederm Volbella (2&#215;1 ml)<\/strong> on uus dermali t\u00e4iteaine, mis p\u00f5hineb h\u00fcaluroonhappel ja mida kasutatakse huulte ja perioraalsete alade jaoks. Sobib huulte suurendamiseks ja \u00f5rnade piirkondade, nagu pindmised kortsud ja keskmised nahalohud, raviks. Sarnaselt teistele Juvederm t\u00e4iteainetele sisaldab see k\u00f5rgelt ristseotud h\u00fcaluroonhapet. Juvederm Volbella (2&#215;1 ml) on efektiivne ja h\u00e4sti talutav, seda saab s\u00fcstida mitmesse n\u00e4opiirkonda: huuled, nasolabiaalsed voldid, pisarakanalid, kanavarbad, silmakontuurid, otsmik, kulmud ja oimukohad.<\/p>\n","protected":false},"featured_media":12120,"template":"","meta":{"_seopress_robots_primary_cat":"none","_seopress_titles_title":"","_seopress_titles_desc":"","_seopress_robots_index":""},"item":[1264],"product_cat":[154],"product_tag":[],"class_list":{"0":"post-12123","1":"product","2":"type-product","3":"status-publish","4":"has-post-thumbnail","6":"item-juvederm-et-2","7":"product_cat-fillerid-et","8":"pa_product_main_cat-professionaalne-hooldus","10":"first","11":"instock","12":"taxable","13":"shipping-taxable","14":"purchasable","15":"product-type-simple"},"_links":{"self":[{"href":"https:\/\/cutismedical.shop\/et\/wp-json\/wp\/v2\/product\/12123","targetHints":{"allow":["GET"]}}],"collection":[{"href":"https:\/\/cutismedical.shop\/et\/wp-json\/wp\/v2\/product"}],"about":[{"href":"https:\/\/cutismedical.shop\/et\/wp-json\/wp\/v2\/types\/product"}],"wp:featuredmedia":[{"embeddable":true,"href":"https:\/\/cutismedical.shop\/et\/wp-json\/wp\/v2\/media\/12120"}],"wp:attachment":[{"href":"https:\/\/cutismedical.shop\/et\/wp-json\/wp\/v2\/media?parent=12123"}],"wp:term":[{"taxonomy":"item","embeddable":true,"href":"https:\/\/cutismedical.shop\/et\/wp-json\/wp\/v2\/item?post=12123"},{"taxonomy":"product_cat","embeddable":true,"href":"https:\/\/cutismedical.shop\/et\/wp-json\/wp\/v2\/product_cat?post=12123"},{"taxonomy":"product_tag","embeddable":true,"href":"https:\/\/cutismedical.shop\/et\/wp-json\/wp\/v2\/product_tag?post=12123"}],"curies":[{"name":"wp","href":"https:\/\/api.w.org\/{rel}","templated":true}]}}